{"id":13996,"date":"2019-01-25T16:48:40","date_gmt":"2019-01-25T15:48:40","guid":{"rendered":"http:\/\/montreux-vieux.net\/?page_id=13996"},"modified":"2019-01-25T16:48:40","modified_gmt":"2019-01-25T15:48:40","slug":"la-telephonie-internationale-des-1900-par-montreux-vieux","status":"publish","type":"page","link":"https:\/\/montreux-vieux.net\/?page_id=13996","title":{"rendered":"La t\u00e9l\u00e9phonie internationale d\u00e8s 1900 par Montreux-Vieux"},"content":{"rendered":"\n<h3 class=\"wp-block-heading\">La t\u00e9l\u00e9phonie internationale d\u00e8s 1900 par Montreux-Vieux<\/h3>\n\n\n\n<div class=\"wp-block-image\"><figure class=\"aligncenter\"><a href=\"http:\/\/montreux-vieux.net\/montreux-vieux.net\/wp-content\/uploads\/2016\/02\/Untitled-design-7.jpg\" target=\"_blank\" rel=\"noreferrer noopener\"><img loading=\"lazy\" decoding=\"async\" width=\"944\" height=\"755\" src=\"http:\/\/montreux-vieux.net\/montreux-vieux.net\/wp-content\/uploads\/2016\/02\/Untitled-design-7.jpg\" alt=\"Le t\u00e9l\u00e9phone internaioale d\u00e8s 1900\" class=\"wp-image-7109\" srcset=\"https:\/\/montreux-vieux.net\/montreux-vieux.net\/wp-content\/uploads\/2016\/02\/Untitled-design-7.jpg 944w, https:\/\/montreux-vieux.net\/montreux-vieux.net\/wp-content\/uploads\/2016\/02\/Untitled-design-7-300x240.jpg 300w, https:\/\/montreux-vieux.net\/montreux-vieux.net\/wp-content\/uploads\/2016\/02\/Untitled-design-7-768x614.jpg 768w, https:\/\/montreux-vieux.net\/montreux-vieux.net\/wp-content\/uploads\/2016\/02\/Untitled-design-7-600x480.jpg 600w\" sizes=\"auto, (max-width: 944px) 100vw, 944px\" \/><\/a><\/figure><\/div>\n\n\n\n<h4 class=\"wp-block-heading\">Depuis le 1<sup>er<\/sup>&nbsp;janvier 1900, des communications t\u00e9l\u00e9phoniques peuvent avoir lieu&nbsp; entre Paris et Mulhouse, par Belfort.<\/h4>\n\n\n\n<h4 class=\"wp-block-heading\">Du c\u00f4t\u00e9 fran\u00e7ais la ligne suit la voie ferr\u00e9e entre Belfort, Ch\u00e8vremont&nbsp; et Petit-Croix&nbsp;; elle est plac\u00e9e sur des poteaux du t\u00e9l\u00e9graphe, du c\u00f4t\u00e9 alsacien la ligne suit le canal du Rh\u00f4ne au Rhin, passe par Montreux-Vieux, Dannemarie. Elle est install\u00e9e sur des poteaux sp\u00e9ciaux<\/h4>\n","protected":false},"excerpt":{"rendered":"<p>La t\u00e9l\u00e9phonie internationale d\u00e8s 1900 par Montreux-Vieux Depuis le 1er&nbsp;janvier 1900, des communications t\u00e9l\u00e9phoniques peuvent avoir lieu&nbsp; entre Paris et Mulhouse, par Belfort. Du c\u00f4t\u00e9 fran\u00e7ais la ligne suit la voie ferr\u00e9e entre Belfort, Ch\u00e8vremont&nbsp; et Petit-Croix&nbsp;; elle est plac\u00e9e &hellip; <a href=\"https:\/\/montreux-vieux.net\/?page_id=13996\">Continuer la lecture <span class=\"meta-nav\">&rarr;<\/span><\/a><\/p>\n","protected":false},"author":1,"featured_media":0,"parent":13013,"menu_order":52,"comment_status":"closed","ping_status":"open","template":"","meta":{"footnotes":""},"class_list":["post-13996","page","type-page","status-publish","hentry"],"_links":{"self":[{"href":"https:\/\/montreux-vieux.net\/index.php?rest_route=\/wp\/v2\/pages\/13996","targetHints":{"allow":["GET"]}}],"collection":[{"href":"https:\/\/montreux-vieux.net\/index.php?rest_route=\/wp\/v2\/pages"}],"about":[{"href":"https:\/\/montreux-vieux.net\/index.php?rest_route=\/wp\/v2\/types\/page"}],"author":[{"embeddable":true,"href":"https:\/\/montreux-vieux.net\/index.php?rest_route=\/wp\/v2\/users\/1"}],"replies":[{"embeddable":true,"href":"https:\/\/montreux-vieux.net\/index.php?rest_route=%2Fwp%2Fv2%2Fcomments&post=13996"}],"version-history":[{"count":1,"href":"https:\/\/montreux-vieux.net\/index.php?rest_route=\/wp\/v2\/pages\/13996\/revisions"}],"predecessor-version":[{"id":13997,"href":"https:\/\/montreux-vieux.net\/index.php?rest_route=\/wp\/v2\/pages\/13996\/revisions\/13997"}],"up":[{"embeddable":true,"href":"https:\/\/montreux-vieux.net\/index.php?rest_route=\/wp\/v2\/pages\/13013"}],"wp:attachment":[{"href":"https:\/\/montreux-vieux.net\/index.php?rest_route=%2Fwp%2Fv2%2Fmedia&parent=13996"}],"curies":[{"name":"wp","href":"https:\/\/api.w.org\/{rel}","templated":true}]}}