{"id":14370,"date":"2019-02-02T10:44:57","date_gmt":"2019-02-02T09:44:57","guid":{"rendered":"http:\/\/montreux-vieux.net\/?page_id=14370"},"modified":"2019-02-02T10:46:29","modified_gmt":"2019-02-02T09:46:29","slug":"les-bureaux-de-la-1ere-armee","status":"publish","type":"page","link":"https:\/\/montreux-vieux.net\/?page_id=14370","title":{"rendered":"Les bureaux de la 1\u00e8re Arm\u00e9e"},"content":{"rendered":"\n<h3 class=\"wp-block-heading\" style=\"text-align:center\">Les bureaux de la 1 \u00e8re arm\u00e9e.<\/h3>\n\n\n\n<h4 class=\"wp-block-heading\">Durant la derni\u00e8re guerre la premi\u00e8re arm\u00e9e avait install\u00e9e ses bureaux dans l&rsquo;immeuble de Specht Jean Louis \u00e0 l&rsquo;entr\u00e9e du village en venant de Montreux-Jeune.<\/h4>\n\n\n\n<div class=\"wp-block-image\"><figure class=\"aligncenter\"><img decoding=\"async\" src=\"http:\/\/montreux-vieux.net\/montreux-vieux.net\/wp-content\/uploads\/2015\/04\/ScreenShot480-300x274.jpg\" alt=\"ScreenShot480\"\/><\/figure><\/div>\n","protected":false},"excerpt":{"rendered":"<p>Les bureaux de la 1 \u00e8re arm\u00e9e. Durant la derni\u00e8re guerre la premi\u00e8re arm\u00e9e avait install\u00e9e ses bureaux dans l&rsquo;immeuble de Specht Jean Louis \u00e0 l&rsquo;entr\u00e9e du village en venant de Montreux-Jeune.<\/p>\n","protected":false},"author":1,"featured_media":0,"parent":12675,"menu_order":22,"comment_status":"closed","ping_status":"open","template":"","meta":{"footnotes":""},"class_list":["post-14370","page","type-page","status-publish","hentry"],"_links":{"self":[{"href":"https:\/\/montreux-vieux.net\/index.php?rest_route=\/wp\/v2\/pages\/14370","targetHints":{"allow":["GET"]}}],"collection":[{"href":"https:\/\/montreux-vieux.net\/index.php?rest_route=\/wp\/v2\/pages"}],"about":[{"href":"https:\/\/montreux-vieux.net\/index.php?rest_route=\/wp\/v2\/types\/page"}],"author":[{"embeddable":true,"href":"https:\/\/montreux-vieux.net\/index.php?rest_route=\/wp\/v2\/users\/1"}],"replies":[{"embeddable":true,"href":"https:\/\/montreux-vieux.net\/index.php?rest_route=%2Fwp%2Fv2%2Fcomments&post=14370"}],"version-history":[{"count":2,"href":"https:\/\/montreux-vieux.net\/index.php?rest_route=\/wp\/v2\/pages\/14370\/revisions"}],"predecessor-version":[{"id":14372,"href":"https:\/\/montreux-vieux.net\/index.php?rest_route=\/wp\/v2\/pages\/14370\/revisions\/14372"}],"up":[{"embeddable":true,"href":"https:\/\/montreux-vieux.net\/index.php?rest_route=\/wp\/v2\/pages\/12675"}],"wp:attachment":[{"href":"https:\/\/montreux-vieux.net\/index.php?rest_route=%2Fwp%2Fv2%2Fmedia&parent=14370"}],"curies":[{"name":"wp","href":"https:\/\/api.w.org\/{rel}","templated":true}]}}