{"id":14373,"date":"2019-02-02T11:07:29","date_gmt":"2019-02-02T10:07:29","guid":{"rendered":"http:\/\/montreux-vieux.net\/?page_id=14373"},"modified":"2019-02-02T11:07:29","modified_gmt":"2019-02-02T10:07:29","slug":"visite-a-montreux-vieux-le-24-4-1916-du-general-franchet-desperey","status":"publish","type":"page","link":"https:\/\/montreux-vieux.net\/?page_id=14373","title":{"rendered":"Visite \u00e0 Montreux-Vieux le 24-4-1916 du g\u00e9n\u00e9ral Franchet d&rsquo;Esperey"},"content":{"rendered":"\n<h3 class=\"wp-block-heading\" style=\"text-align:center\">Visite du G\u00e9n\u00e9ral Franchet d&rsquo;Esperey<\/h3>\n\n\n\n<h2 class=\"wp-block-heading\"><\/h2>\n\n\n\n<div class=\"wp-block-image\"><figure class=\"aligncenter\"><img decoding=\"async\" src=\"http:\/\/montreux-vieux.net\/montreux-vieux.net\/wp-content\/uploads\/2011\/11\/ScreenShot01003-234x300.jpg\" alt=\"\"\/><\/figure><\/div>\n\n\n\n<h2 class=\"wp-block-heading\"><a href=\"http:\/\/montreux-vieux.net\/?attachment_id=3467\" target=\"_blank\" rel=\"noreferrer noopener\"><\/a><\/h2>\n\n\n\n<p>Quartier g\u00e9n\u00e9ral du 34\u00e8 C.A. Les g\u00e9n\u00e9raux Franchet d&rsquo;Esperey commandant le groupe des arm\u00e9es de l&rsquo;Est et Demange commandant le 34\u00e8 C.A.<\/p>\n\n\n\n<div class=\"wp-block-image\"><figure class=\"aligncenter\"><a href=\"http:\/\/montreux-vieux.net\/?attachment_id=3270\" target=\"_blank\" rel=\"noreferrer noopener\"><img loading=\"lazy\" decoding=\"async\" width=\"229\" height=\"300\" src=\"http:\/\/montreux-vieux.net\/montreux-vieux.net\/wp-content\/uploads\/2011\/11\/Photo-du-G\u00e9neral-Franchet-dEsperey-229x300.jpg\" alt=\"\" class=\"wp-image-3270\" srcset=\"https:\/\/montreux-vieux.net\/montreux-vieux.net\/wp-content\/uploads\/2011\/11\/Photo-du-G\u00e9neral-Franchet-dEsperey-229x300.jpg 229w, https:\/\/montreux-vieux.net\/montreux-vieux.net\/wp-content\/uploads\/2011\/11\/Photo-du-G\u00e9neral-Franchet-dEsperey.jpg 300w\" sizes=\"auto, (max-width: 229px) 100vw, 229px\" \/><\/a><\/figure><\/div>\n\n\n\n<p>Comme nous arrivons pr\u00e8s des comm\u00e9morations du 11 Novemble 1918<\/p>\n\n\n\n<p>PORTRAIT DE CE GRAND HOMME<\/p>\n\n\n\n<p>Louis Franchet d\u2019Esp\u00e8rey (1856-1942)Fils d\u2019un officier de cavalerie des chasseurs d\u2019Afrique, Louis, F\u00e9lix, Marie, Fran\u00e7ois Franchet d\u2019Esp\u00e8rey est n\u00e9 \u00e0 Mostaganem le 25 mai 1856.<\/p>\n\n\n\n<p>Sorti de Saint Cyr en 1876, il sert en Afrique du Nord dans le premier r\u00e9giment de tirailleurs alg\u00e9riens.<\/p>\n\n\n\n<p>Il est admis \u00e0 suivre les cours de l\u2019\u00c9cole sup\u00e9rieure de guerre en 1881, mais il n\u2019y entrera qu\u2019avec la promotion suivante, afin de participer \u00e0 l\u2019exp\u00e9dition de Tunisie contre les Kroumirs.<\/p>\n\n\n\n<p>\u00c0 sa sortie de l\u2019\u00e9cole, il rejoint le Tonkin pour deux ans et participe aux combats de Lang-Son et de Lao-Qay.<\/p>\n\n\n\n<p>\u00c0 son retour en France, en 1886, il est \u00e0 l\u2019\u00e9tat-major de l\u2019arm\u00e9e puis au Cabinet de Freycinet, ministre de la guerre, avant de commander un bataillon \u00e0 Toul puis le 18e bataillon de chasseurs \u00e0 pied de Nancy. En 1900, commandant de la zone fran\u00e7aise de P\u00e9kin, il participe \u00e0 l\u2019exp\u00e9dition de Chine contre les Boxers.<\/p>\n\n\n\n<p>Revenu en France, il commande successivement le 69e r\u00e9giment d\u2019infanterie \u00e0 Nancy puis la 77e brigade d\u2019infanterie \u00e0 Toul. Promu colonel en 1903, il commande le 60e r\u00e9giment d\u2019infanterie \u00e0 Besan\u00e7on.<\/p>\n\n\n\n<p>En 1912, le g\u00e9n\u00e9ral de division Franchet d\u2019Esp\u00e8rey sert pr\u00e8s de Lyautey, comme commandant des troupes d\u2019occupation du Maroc occidental et participe \u00e0 diverses op\u00e9rations de pacification dans les secteurs de Tadla, de la Chaou\u00efa, du Grand Atlas.<\/p>\n\n\n\n<p>\u00c0 la d\u00e9claration de guerre, il commande le 1er corps d\u2019arm\u00e9e \u00e0 Lille. Durant la bataille des fronti\u00e8res, il est \u00e0 Charleroi, en Belgique, puis m\u00e8ne, \u00e0 Guise, sur l\u2019Oise, une contre-attaque victorieuse contre les troupes allemandes. Le 3 septembre, Joffre lui confie la 5e arm\u00e9e qui constitue un \u00e9l\u00e9ment d\u00e9terminant dans la victoire de la Marne. Il commande les groupes d\u2019arm\u00e9es de l\u2019Est en 1916, puis du Nord en 1917. En juin 1918, il remplace le g\u00e9n\u00e9ral Guillaumat \u00e0 la t\u00eate des arm\u00e9es alli\u00e9es d\u2019Orient qu\u2019il m\u00e8ne \u00e0 la victoire finale. Son offensive victorieuse de la Moglena, dans les Balkans, marqu\u00e9e par la prise de Dobro Polje, contraint les Bulgares \u00e0 signer l\u2019armistice en septembre 1918. C\u2019est ensuite, en quelques semaines, l\u2019effondrement de la Turquie et de l\u2019Autriche-Hongrie puis la demande d\u2019armistice allemande.<\/p>\n\n\n\n<p>A l\u2019issue du conflit, commandant les troupes d\u2019occupation \u00e0 Constantinople jusqu\u2019en 1920, il dirige les op\u00e9rations d\u2019Ukraine, de Bessarabie.<\/p>\n\n\n\n<p>En 1921, le g\u00e9n\u00e9ral Franchet d\u2019Esp\u00e8rey est \u00e9lev\u00e9 \u00e0 la dignit\u00e9 de mar\u00e9chal de France.<\/p>\n\n\n\n<p>Devenu inspecteur g\u00e9n\u00e9ral des troupes d\u2019Afrique du Nord, il consacre son temps et son talent \u00e0 l\u2019Arm\u00e9e d\u2019Afrique. Il entreprend \u00e9galement la r\u00e9alisation des voies transsahariennes et est gravement bless\u00e9 \u00e0 Gab\u00e8s, le 19 mars 1933, dans un accident d\u2019automobile alors qu\u2019il allait \u00e9tudier une liaison Tunisie-Maroc par le Sud. Durant cette p\u00e9riode, repr\u00e9sentant de la France lors de c\u00e9r\u00e9monies officielles ou charg\u00e9 de missions en Europe centrale et en Afrique, il entame la r\u00e9daction de ses M\u00e9moires et publie diverses \u00e9tudes.<\/p>\n\n\n\n<p>\u00c9lu \u00e0 l\u2019acad\u00e9mie fran\u00e7aise en 1934, il fonde \u00ab&nbsp;les Amiti\u00e9s africaines&nbsp;\u00bb, oeuvre sociale \u00e0 l\u2019origine des \u00ab&nbsp;Dar el Askri&nbsp;\u00bb (maisons du combattant) qui regroupe les anciens combattants musulmans et leur vient en aide.<\/p>\n\n\n\n<p>En 1940, il se retire dans le Tarn, \u00e0 Saint-Amancet, o\u00f9 il d\u00e9c\u00e8de le 8 juillet 1942. Il est inhum\u00e9 le 24 octobre 1947 dans la crypte de l\u2019\u00e9glise Saint-Louis-des-Invalides, \u00e0 Paris.<\/p>\n\n\n\n<p>Il \u00e9tait Grand-Croix de la L\u00e9gion d\u2019honneur et titulaire de la M\u00e9daille militaire et de la Croix de guerre 1914-1918.<\/p>\n\n\n\n<p>Source : MINDEF\/SGA\/DMPA<\/p>\n\n\n\n<p><a rel=\"noreferrer noopener\" href=\"http:\/\/montreux-vieux.net\/?attachment_id=3467\" target=\"_blank\"><\/a><\/p>\n","protected":false},"excerpt":{"rendered":"<p>Visite du G\u00e9n\u00e9ral Franchet d&rsquo;Esperey Quartier g\u00e9n\u00e9ral du 34\u00e8 C.A. Les g\u00e9n\u00e9raux Franchet d&rsquo;Esperey commandant le groupe des arm\u00e9es de l&rsquo;Est et Demange commandant le 34\u00e8 C.A. Comme nous arrivons pr\u00e8s des comm\u00e9morations du 11 Novemble 1918 PORTRAIT DE CE &hellip; <a href=\"https:\/\/montreux-vieux.net\/?page_id=14373\">Continuer la lecture <span class=\"meta-nav\">&rarr;<\/span><\/a><\/p>\n","protected":false},"author":1,"featured_media":0,"parent":12673,"menu_order":111,"comment_status":"closed","ping_status":"open","template":"","meta":{"footnotes":""},"class_list":["post-14373","page","type-page","status-publish","hentry"],"_links":{"self":[{"href":"https:\/\/montreux-vieux.net\/index.php?rest_route=\/wp\/v2\/pages\/14373","targetHints":{"allow":["GET"]}}],"collection":[{"href":"https:\/\/montreux-vieux.net\/index.php?rest_route=\/wp\/v2\/pages"}],"about":[{"href":"https:\/\/montreux-vieux.net\/index.php?rest_route=\/wp\/v2\/types\/page"}],"author":[{"embeddable":true,"href":"https:\/\/montreux-vieux.net\/index.php?rest_route=\/wp\/v2\/users\/1"}],"replies":[{"embeddable":true,"href":"https:\/\/montreux-vieux.net\/index.php?rest_route=%2Fwp%2Fv2%2Fcomments&post=14373"}],"version-history":[{"count":1,"href":"https:\/\/montreux-vieux.net\/index.php?rest_route=\/wp\/v2\/pages\/14373\/revisions"}],"predecessor-version":[{"id":14374,"href":"https:\/\/montreux-vieux.net\/index.php?rest_route=\/wp\/v2\/pages\/14373\/revisions\/14374"}],"up":[{"embeddable":true,"href":"https:\/\/montreux-vieux.net\/index.php?rest_route=\/wp\/v2\/pages\/12673"}],"wp:attachment":[{"href":"https:\/\/montreux-vieux.net\/index.php?rest_route=%2Fwp%2Fv2%2Fmedia&parent=14373"}],"curies":[{"name":"wp","href":"https:\/\/api.w.org\/{rel}","templated":true}]}}