{"id":14380,"date":"2019-02-02T11:23:20","date_gmt":"2019-02-02T10:23:20","guid":{"rendered":"http:\/\/montreux-vieux.net\/?page_id=14380"},"modified":"2022-03-01T11:47:04","modified_gmt":"2022-03-01T10:47:04","slug":"connaissez-vous-armand-laurent","status":"publish","type":"page","link":"https:\/\/montreux-vieux.net\/?page_id=14380","title":{"rendered":"Connaissez-vous Armand Laurent ?"},"content":{"rendered":"\n<h3 class=\"has-text-align-center wp-block-heading\">Connaissez-vous Armand Laurent ?<\/h3>\n\n\n\n<h4 class=\"wp-block-heading\">Armand LAURENT, S\u00e9lestadien de naissance mais depuis fort longtemps enracin\u00e9 dans le Haut-Rhin pour une partie \u00e0 Montreux-Vieux fait de la mise en sc\u00e8ne depuis trente cinq ans. Il s est attach\u00e9 \u00e0 des genres aussi diff\u00e9rents que des spectacles musicaux chor\u00e9graphique, des sons et lumi\u00e8re, du th\u00e9\u00e2tre en salles, en appartements, en plein air\u2026Il a mis en sc\u00e8ne les classiques ( Moli\u00e8re, Shakespeare, Feydeau, Labiche, Marivaux, Musset, Goldoni \u2026) mais aussi des auteurs contemporains ( Horovitz, Horvath, Dario Fo, Schwajda, Duringer, Dubillard, Grumberg, Reynaud, Ribes\u2026)<\/h4>\n\n\n\n<div class=\"wp-block-image\"><figure class=\"aligncenter\"><a href=\"http:\/\/montreux-vieux.net\/montreux-vieux.net\/wp-content\/uploads\/2015\/04\/ScreenShot327.jpg\" target=\"_blank\" rel=\"noreferrer noopener\"><img loading=\"lazy\" decoding=\"async\" width=\"162\" height=\"292\" src=\"http:\/\/montreux-vieux.net\/montreux-vieux.net\/wp-content\/uploads\/2015\/04\/ScreenShot327.jpg\" alt=\"ScreenShot327\" class=\"wp-image-5515\"\/><\/a><\/figure><\/div>\n\n\n\n<h4 class=\"wp-block-heading\">Ses d\u00e9buts sur les sc\u00e8nes r\u00e9gionales nationales et europ\u00e9ennes il les a v\u00e9cu comme chor\u00e9graphe et animateur de la troupe de musique et danses populaires d Alsace et danses anciennes (Renaissance et baroque) \u00ab WASCHBA FOLK \u00bb\u2026<\/h4>\n\n\n\n<!--more-->\n\n\n\n<h4 class=\"wp-block-heading\">Il a fait vivre le th\u00e9\u00e2tre de plein air \u00e0 Magstatt le Bas de 1985 \u00e0 1997 avec des productions de grands auteurs en langue sundgauvienne.. Il a initi\u00e9 en 2000 la Grange Burckl\u00e9 \u00e0 Masevaux, lieu de cr\u00e9ation et de diffusion de spectacles (th\u00e9\u00e2tre-concerts) pour l essentiel pr\u00e9sent\u00e9 par des troupes amateur de la r\u00e9gion. Il est depuis connu pour ses mises en sc\u00e8nes originales qui drainent chaque ann\u00e9e des milliers de personnes \u00e0 la Grange Burckl\u00e9.<\/h4>\n\n\n\n<h4 class=\"wp-block-heading\">Depuis 1999 sur demande de plusieurs troupes il transpose en alsacien des pi\u00e8ces qui connaissent de grands succ\u00e8s en Alsace et Lorraine ; de Sarreguemines par Goetzenbruck \u00e0 Haguenau en passant par Saverne, Adamswiller, Strasbourg, Pfulgriesheim, S\u00e9lestat, Maisongoutte, Neuve-Eglise, Marckolsheim, Colmar, Logelheim,Guebwiller, Mulhouse, Sewen, Oderen, Blodelsheim, Carspach et bien d autres.<\/h4>\n\n\n\n<h4 class=\"wp-block-heading\">&nbsp;Il contribue ainsi au renouvellement, au rajeunissement et \u00e0 la modernisation du r\u00e9pertoire de th\u00e9\u00e2tre dialectal avec des adaptations traductions de grands auteurs et de succ\u00e8s mondiaux comme Feydeau, Ray Cooney ; Moli\u00e8re, Olivier Lejeune, Claude Magnier et d autres. Les dialectes ont souvent des saveurs si particuli\u00e8res qu\u2019il sait parler au c\u0153ur parfois mieux que le fran\u00e7ais ou l allemand. Pour Armand Laurent, le th\u00e9\u00e2tre c est d abord un groupe d individus diff\u00e9rents o\u00f9 chacun a son importance autant dans l architecture de la pi\u00e8ce (interd\u00e9pendance des rouages) que dans les moments sur sc\u00e8ne o\u00f9 il sait particuli\u00e8rement apporter solo un plus \u00e0 son r\u00f4le. Le th\u00e9\u00e2tre ce n est pas, dans une pi\u00e8ce, un ou deux qui font le clown (m\u00eame habilement) au d\u00e9triment de l intrigue et de la vraisemblance de la fable (l histoire racont\u00e9e) qui est primordiale. Le spectateur peut se reconna\u00eetre, s identifier \u00e0 tel ou tel personnages ou \u00e0 telle ou telle situation ou phrase. C est ce partage acteur-spectateur qui fait la force du th\u00e9\u00e2tre (en groupe) C est cela qui l anime, c est cela qu\u2019il aime. Le th\u00e9\u00e2tre dialectal pour perdurer doit aussi adapter ses th\u00e8mes en continuant de jeter un regard amus\u00e9 sur la vie contemporaine.<\/h4>\n\n\n\n<h4 class=\"wp-block-heading\">Le Bretzel d\u2019or lui a \u00e9t\u00e9 d\u00e9cern\u00e9 en 2014.<\/h4>\n\n\n\n<h2 class=\"wp-block-heading\">Tomber de rideau pour Armand Laurent<\/h2>\n\n\n\n<p>N\u00e9 le 28\u00a0avril 1946 \u00e0 S\u00e9lestat dans une famille de cinq enfants, Armand Laurent a \u00e9pous\u00e9 Dani\u00e8le Sutter, en 1967 \u00e0 Montreux-Vieux. Deux enfants na\u00eetront de ce premier mariage\u00a0: St\u00e9phanie et Guillaume. En 1989, il s\u2019est mari\u00e9 en secondes noces avec Marie-Laure Kessler, qui a partag\u00e9 le reste de sa vie et avec qui il a eu deux enfants, Antonin et Arthaud. Il a transmis \u00e0 ses enfants et ses cinq petits-enfants, No\u00e9, Mila, Achille, Ulysse, Ariane, son humour, son ouverture d\u2019esprit et son courage.<\/p>\n\n\n\n<div class=\"wp-block-image\"><figure class=\"aligncenter size-large\"><img loading=\"lazy\" decoding=\"async\" width=\"1024\" height=\"828\" src=\"https:\/\/montreux-vieux.net\/montreux-vieux.net\/wp-content\/uploads\/2022\/03\/armand-laurent-1-1-1024x828.jpg\" alt=\"\" class=\"wp-image-24598\" srcset=\"https:\/\/montreux-vieux.net\/montreux-vieux.net\/wp-content\/uploads\/2022\/03\/armand-laurent-1-1-1024x828.jpg 1024w, https:\/\/montreux-vieux.net\/montreux-vieux.net\/wp-content\/uploads\/2022\/03\/armand-laurent-1-1-300x242.jpg 300w, https:\/\/montreux-vieux.net\/montreux-vieux.net\/wp-content\/uploads\/2022\/03\/armand-laurent-1-1-768x621.jpg 768w, https:\/\/montreux-vieux.net\/montreux-vieux.net\/wp-content\/uploads\/2022\/03\/armand-laurent-1-1-1536x1241.jpg 1536w, https:\/\/montreux-vieux.net\/montreux-vieux.net\/wp-content\/uploads\/2022\/03\/armand-laurent-1-1-1320x1067.jpg 1320w, https:\/\/montreux-vieux.net\/montreux-vieux.net\/wp-content\/uploads\/2022\/03\/armand-laurent-1-1.jpg 1600w\" sizes=\"auto, (max-width: 1024px) 100vw, 1024px\" \/><\/figure><\/div>\n\n\n\n<p>En suivant la voie trac\u00e9e par son p\u00e8re, Armand Laurent a choisi la vocation d\u2019instituteur, en se dirigeant vers l\u2019\u00e9cole normale de Colmar avant d\u2019\u00eatre nomm\u00e9 \u00e0 Mortzwiller en 1967. Trois ans plus tard, il a d\u00e9couvert la haute vall\u00e9e de la Doller qu\u2019il ne quittera plus, en prenant la fonction de directeur de l\u2019\u00e9cole de Dolleren. Il a aussi co-fond\u00e9, en 1970, la coop\u00e9rative des enseignants, devenue plus tard l\u2019AOS. Il a pris sa retraite en 2002 apr\u00e8s sept derni\u00e8res ann\u00e9es \u00e0 l\u2019\u00e9cole des Remparts de Masevaux.<\/p>\n\n\n\n<h2 class=\"wp-block-heading\">Adjoint au maire de Dolleren<\/h2>\n\n\n\n<p> Armand Laurent faisait partie de ces hommes qui ont fait vivre et rayonner la vall\u00e9e de la Doller, en y d\u00e9veloppant des activit\u00e9s sportives, culturelles et de conservation des traditions populaires. Il fut notamment adjoint au maire de la commune de Dolleren de 1983 \u00e0 2014 et fondateur du Centre de ressources des Vosges du Sud. Il fut aussi l\u2019initiateur de la troupe de danse populaire Waschba-folk, dans les ann\u00e9es 1974. La vie l\u2019a men\u00e9 ensuite vers le th\u00e9\u00e2tre de plein air en langue alsacienne \u00e0 Magstatt-le-Bas, o\u00f9 il a affin\u00e9 son exp\u00e9rience de la mise en sc\u00e8ne. Fervent promoteur de la langue alsacienne, il a \u00e9crit et adapt\u00e9 plus d\u2019une vingtaine de pi\u00e8ces, dont la plupart ont \u00e9t\u00e9 cr\u00e9\u00e9es sous sa direction par la troupe de th\u00e9\u00e2tre de la MJC de Sewen. Elles ont \u00e9t\u00e9 reprises plus tard dans toute l\u2019Alsace, ce qui lui a valu l\u2019attribution du Bretzel d\u2019or en 2014<\/p>\n\n\n\n<h2 class=\"wp-block-heading\">Directeur de la r\u00e9gie du Schlumpf<\/h2>\n\n\n\n<p>Enfin, les skieurs se souviennent de son sourire \u00e0 l\u2019accueil de la station de ski du Schlumpf, dont il a \u00e9t\u00e9 directeur de la r\u00e9gie d\u2019exploitation. Armand Laurent \u00e9tait avant tout un homme authentique et altruiste, qui avait une capacit\u00e9 unique \u00e0 tisser des liens entre les gens, \u00e0 partager ses passions et quiconque a serr\u00e9 un jour la main de ce bon vivant a v\u00e9cu l\u2019exp\u00e9rience de nombreuses rencontres enrichissantes. C\u2019est ainsi que l\u2019on peut comprendre son plus grand succ\u00e8s, qui fut l\u2019ouverture et la p\u00e9rennisation, durant vingt-deux saisons, d\u2019une salle de spectacle \u00e0 Masevaux, la Grange Burckl\u00e9.<\/p>\n\n\n\n<h2 class=\"wp-block-heading\">Un spectacle chaque \u00e9t\u00e9<\/h2>\n\n\n\n<p>C\u2019est en 2000 qu\u2019il a lanc\u00e9 ce projet en s\u2019appuyant sur une \u00e9quipe de b\u00e9n\u00e9voles, initialement issus de la compagnie du th\u00e9\u00e2tre de la Paille. Il a ensuite fond\u00e9 l\u2019association de la Ruch\u00eane, qui a propos\u00e9 un spectacle chaque \u00e9t\u00e9 sous sa direction, avant que de nombreux artistes ne viennent toquer \u00e0 sa porte pour se produire dans ce lieu atypique. Ce qui ressemblait \u00e0 un petit miracle, Armand l\u2019a fait grandir, grandir encore, pour fonder un lieu de culture et de rencontres l\u00e0 o\u00f9 on ne l\u2019attendait pas. Il avait pour habitude de dire que la vie enti\u00e8re est une pi\u00e8ce de th\u00e9\u00e2tre. Le rideau de la sienne est tomb\u00e9, mais les projecteurs qu\u2019il a allum\u00e9s illumineront encore longtemps son \u0153uvre.<\/p>\n\n\n\n<p>Ses obs\u00e8ques seront c\u00e9l\u00e9br\u00e9es ce samedi, \u00e0 9\u00a0h\u00a030, \u00e0 l\u2019\u00e9glise Saint-Martin de Masevaux-Niederbruck. Armand Laurent reposera au cimeti\u00e8re de Dolleren<\/p>\n\n\n\n<p><strong>Salut l&rsquo;artiste<\/strong><\/p>\n\n\n\n<p>\u00ab\u2009The show must go on\u2009\u00bb, dit-on dans le milieu artistique. Alors, esp\u00e9rons-le, le show va continuer \u00e0 la Grange Burckl\u00e9. On attend une belle saison pour 2022, et pour les ann\u00e9es suivantes, parce que la Grange, c\u2019\u00e9tait le b\u00e9b\u00e9 d\u2019Armand et c\u2019est ce qu\u2019il aurait voulu. Mais il faut bien l\u2019admettre, \u00e7a ne sera plus tout \u00e0 fait la m\u00eame chose. On regrettera ses interventions toujours pleines de verve et d\u2019humour avant chaque spectacle, ne manquant jamais de saluer \u00ab\u2009le meilleur public de la soir\u00e9e\u2009\u00bb. On regrettera ses mises en sc\u00e8nes parfaitement huil\u00e9es et enlev\u00e9es, qui donnaient envie de se lever pour aller chanter et danser avec les com\u00e9diens. On en ressortait le c\u0153ur plus l\u00e9ger. Armand a d\u2019ailleurs permis de r\u00e9v\u00e9ler quelques jolis talents\u2009! On regrettera aussi ne plus le croiser \u00e0 l\u2019entracte ou \u00e0 la fin du spectacle, lors du pot de l\u2019amiti\u00e9 qui permet d\u2019\u00e9changer quelques commentaires sur le spectacle ou de dialoguer avec les com\u00e9diens. Salut l\u2019artiste, tu vas nous manquer. Ils ne vont pas s\u2019ennuyer, l\u00e0-haut, avec toi. Tu es parti mais tu nous as laiss\u00e9 un beau cadeau avec la Grange Burckl\u00e9. On esp\u00e8re y vivre encore de nombreuses belles soir\u00e9es, et promis, apr\u00e8s le spectacle on ne manquera pas de trinquer \u00e0 ta m\u00e9moire.<\/p>\n\n\n\n<p>I.B.<\/p>\n","protected":false},"excerpt":{"rendered":"<p>Connaissez-vous Armand Laurent ? Armand LAURENT, S\u00e9lestadien de naissance mais depuis fort longtemps enracin\u00e9 dans le Haut-Rhin pour une partie \u00e0 Montreux-Vieux fait de la mise en sc\u00e8ne depuis trente cinq ans. Il s est attach\u00e9 \u00e0 des genres aussi &hellip; <a href=\"https:\/\/montreux-vieux.net\/?page_id=14380\">Continuer la lecture <span class=\"meta-nav\">&rarr;<\/span><\/a><\/p>\n","protected":false},"author":1,"featured_media":0,"parent":4091,"menu_order":50,"comment_status":"closed","ping_status":"open","template":"","meta":{"footnotes":""},"class_list":["post-14380","page","type-page","status-publish","hentry"],"_links":{"self":[{"href":"https:\/\/montreux-vieux.net\/index.php?rest_route=\/wp\/v2\/pages\/14380","targetHints":{"allow":["GET"]}}],"collection":[{"href":"https:\/\/montreux-vieux.net\/index.php?rest_route=\/wp\/v2\/pages"}],"about":[{"href":"https:\/\/montreux-vieux.net\/index.php?rest_route=\/wp\/v2\/types\/page"}],"author":[{"embeddable":true,"href":"https:\/\/montreux-vieux.net\/index.php?rest_route=\/wp\/v2\/users\/1"}],"replies":[{"embeddable":true,"href":"https:\/\/montreux-vieux.net\/index.php?rest_route=%2Fwp%2Fv2%2Fcomments&post=14380"}],"version-history":[{"count":3,"href":"https:\/\/montreux-vieux.net\/index.php?rest_route=\/wp\/v2\/pages\/14380\/revisions"}],"predecessor-version":[{"id":24599,"href":"https:\/\/montreux-vieux.net\/index.php?rest_route=\/wp\/v2\/pages\/14380\/revisions\/24599"}],"up":[{"embeddable":true,"href":"https:\/\/montreux-vieux.net\/index.php?rest_route=\/wp\/v2\/pages\/4091"}],"wp:attachment":[{"href":"https:\/\/montreux-vieux.net\/index.php?rest_route=%2Fwp%2Fv2%2Fmedia&parent=14380"}],"curies":[{"name":"wp","href":"https:\/\/api.w.org\/{rel}","templated":true}]}}