{"id":14383,"date":"2019-02-02T11:25:34","date_gmt":"2019-02-02T10:25:34","guid":{"rendered":"http:\/\/montreux-vieux.net\/?page_id=14383"},"modified":"2019-02-02T11:25:34","modified_gmt":"2019-02-02T10:25:34","slug":"aline-miellet-sen-va","status":"publish","type":"page","link":"https:\/\/montreux-vieux.net\/?page_id=14383","title":{"rendered":"Aline Miellet s\u2019en va"},"content":{"rendered":"\n<h3 class=\"wp-block-heading\" style=\"text-align:center\">Aline Miellet s\u2019en va.<\/h3>\n\n\n\n<h4 class=\"wp-block-heading\">Fin mai, Aline Miellet, employ\u00e9e au secr\u00e9tariat de mairie quittera son poste apr\u00e8s dix ann\u00e9es pass\u00e9es au service des administr\u00e9s et de la collectivit\u00e9 locale.<\/h4>\n\n\n\n<div class=\"wp-block-image\"><figure class=\"aligncenter\"><a href=\"http:\/\/montreux-vieux.net\/montreux-vieux.net\/wp-content\/uploads\/2015\/05\/ScreenShot527.jpg\" target=\"_blank\" rel=\"noreferrer noopener\"><img decoding=\"async\" src=\"http:\/\/montreux-vieux.net\/montreux-vieux.net\/wp-content\/uploads\/2015\/05\/ScreenShot527.jpg\" alt=\"ScreenShot527\" class=\"wp-image-5657\"\/><\/a><\/figure><\/div>\n\n\n\n<h4 class=\"wp-block-heading\">Chacun aura pu appr\u00e9cier sa gentillesse, son sourire. Comp\u00e9tente et discr\u00e8te, elle fait l\u2019unanimit\u00e9 dans le village, c\u2019est l\u2019\u00e9cho de toutes les personnes rencontr\u00e9es et attrist\u00e9es par son d\u00e9part.<\/h4>\n\n\n\n<h4 class=\"wp-block-heading\">Elle aura \u00e9galement guid\u00e9 dans les premiers pas de l\u2019informatique un certain nombre de personnes qui peuvent \u00e0 pr\u00e9sent aller surfer sur internet gr\u00e2ce \u00e0 ses conseils.<\/h4>\n\n\n\n<h4 class=\"wp-block-heading\">Bonne chance et bon vent Aline.<\/h4>\n\n\n\n<h3 class=\"wp-block-heading\">Portrait du parfait Secr\u00e9taire de mairie<\/h3>\n\n\n\n<h4 class=\"wp-block-heading\">ou une conception qui a la vie dure.<\/h4>\n\n\n\n<h4 class=\"wp-block-heading\">C\u2019est un monsieur qui doit \u00eatre instruit et ne jamais le para\u00eetre. Il doit conna\u00eetre toutes les lois, tous les d\u00e9crets, tous les r\u00e8glements, tous les arr\u00eat\u00e9s mais si un particulier vient \u00e0 la mairie pour se renseigner, le \u00abgreffier\u00bb doit s\u2019ing\u00e9nier \u00e0 fournir discr\u00e8tement au Maire les \u00e9l\u00e9ments d\u2019une r\u00e9ponse qui satisfera le chef et l\u2019administr\u00e9.<br>Le secr\u00e9taire de mairie doit travailler sans arr\u00eat mais \u00eatre \u00e0 tout moment \u00e0 la disposition du Conseil et du Public. Il doit subir toutes les mauvaises humeurs et rester souriant. Il doit accepter toutes les opinions, mais ne jamais montrer la sienne. Il doit tirer tous les marrons du feu, mais s\u2019effacer au bon moment. Il doit tout conna\u00eetre et ne rien savoir, il doit tout entendre et ne rien retenir. Il doit \u00eatre toujours l\u00e0 et ne jamais sorti. Il n\u2019a pas le droit d\u2019\u00eatre malade, cela g\u00eane le service. Il doit assister aux s\u00e9ances du Conseil municipal, attendre qu\u2019on l\u2019interroge mais ne jamais intervenir sans permission. Il doit entendre les plus \u00e9normes absurdit\u00e9s et les trouver spirituelles. Il doit toujours rester dans l\u2019ombre et n\u2019en jamais sortir. Il est l\u2019un de ceux qui connaissent le budget d\u2019une commune, mais il doit \u00eatre le seul \u00e0 jamais en discuter. Il est le serviteur de tous mais tous l\u2019envient. Pour les travailleurs manuels, il est un bourgeois. Pour les bourgeois c\u2019est un domestique.<br>C\u2019est l\u2019homme de tous les devoirs, mais le seul qui n\u2019ait aucun droit.<\/h4>\n\n\n\n<h6 class=\"wp-block-heading\">Texte de : St\u00e9phane Krakowski et Eric Lemoine Secr\u00e9taires de Mairie<\/h6>\n","protected":false},"excerpt":{"rendered":"<p>Aline Miellet s\u2019en va. Fin mai, Aline Miellet, employ\u00e9e au secr\u00e9tariat de mairie quittera son poste apr\u00e8s dix ann\u00e9es pass\u00e9es au service des administr\u00e9s et de la collectivit\u00e9 locale. Chacun aura pu appr\u00e9cier sa gentillesse, son sourire. Comp\u00e9tente et discr\u00e8te, &hellip; <a href=\"https:\/\/montreux-vieux.net\/?page_id=14383\">Continuer la lecture <span class=\"meta-nav\">&rarr;<\/span><\/a><\/p>\n","protected":false},"author":1,"featured_media":0,"parent":4091,"menu_order":54,"comment_status":"closed","ping_status":"open","template":"","meta":{"footnotes":""},"class_list":["post-14383","page","type-page","status-publish","hentry"],"_links":{"self":[{"href":"https:\/\/montreux-vieux.net\/index.php?rest_route=\/wp\/v2\/pages\/14383","targetHints":{"allow":["GET"]}}],"collection":[{"href":"https:\/\/montreux-vieux.net\/index.php?rest_route=\/wp\/v2\/pages"}],"about":[{"href":"https:\/\/montreux-vieux.net\/index.php?rest_route=\/wp\/v2\/types\/page"}],"author":[{"embeddable":true,"href":"https:\/\/montreux-vieux.net\/index.php?rest_route=\/wp\/v2\/users\/1"}],"replies":[{"embeddable":true,"href":"https:\/\/montreux-vieux.net\/index.php?rest_route=%2Fwp%2Fv2%2Fcomments&post=14383"}],"version-history":[{"count":1,"href":"https:\/\/montreux-vieux.net\/index.php?rest_route=\/wp\/v2\/pages\/14383\/revisions"}],"predecessor-version":[{"id":14384,"href":"https:\/\/montreux-vieux.net\/index.php?rest_route=\/wp\/v2\/pages\/14383\/revisions\/14384"}],"up":[{"embeddable":true,"href":"https:\/\/montreux-vieux.net\/index.php?rest_route=\/wp\/v2\/pages\/4091"}],"wp:attachment":[{"href":"https:\/\/montreux-vieux.net\/index.php?rest_route=%2Fwp%2Fv2%2Fmedia&parent=14383"}],"curies":[{"name":"wp","href":"https:\/\/api.w.org\/{rel}","templated":true}]}}