{"id":14388,"date":"2019-02-02T12:04:36","date_gmt":"2019-02-02T11:04:36","guid":{"rendered":"http:\/\/montreux-vieux.net\/?page_id=14388"},"modified":"2019-02-02T12:04:36","modified_gmt":"2019-02-02T11:04:36","slug":"un-montreusien-devenu-chef-de-corps-du-cpi-de-montreux-jeune","status":"publish","type":"page","link":"https:\/\/montreux-vieux.net\/?page_id=14388","title":{"rendered":"Un montreusien devenu Chef de corps du CPI de  Montreux-Jeune"},"content":{"rendered":"\n<h3 class=\"wp-block-heading\" style=\"text-align:center\">Un montreusien devenu Chef de corps du CPI de&nbsp; Montreux-Jeune<\/h3>\n\n\n\n<div class=\"wp-block-image\"><figure class=\"aligncenter\"><a href=\"http:\/\/montreux-vieux.net\/montreux-vieux.net\/wp-content\/uploads\/2015\/10\/ScreenShot695.jpg\" rel=\"noopener\"><img loading=\"lazy\" decoding=\"async\" width=\"198\" height=\"300\" src=\"http:\/\/montreux-vieux.net\/montreux-vieux.net\/wp-content\/uploads\/2015\/10\/ScreenShot695-198x300.jpg\" alt=\"ScreenShot695\" class=\"wp-image-6207\" srcset=\"https:\/\/montreux-vieux.net\/montreux-vieux.net\/wp-content\/uploads\/2015\/10\/ScreenShot695-198x300.jpg 198w, https:\/\/montreux-vieux.net\/montreux-vieux.net\/wp-content\/uploads\/2015\/10\/ScreenShot695.jpg 211w\" sizes=\"auto, (max-width: 198px) 100vw, 198px\" \/><\/a><figcaption>Le Lieutenant Robert Cinti<\/figcaption><\/figure><\/div>\n\n\n\n<h4 class=\"wp-block-heading\">Robert Cinti de Montreux-Vieux est entr\u00e9 comme JSP 1978\/1979 \u00e0 Montreux-Vieux et comme sapeur-pompier au m\u00eame centre &nbsp;le 1<sup>er<\/sup> mars 1980 jusqu\u2019au 05 mars 1992.<\/h4>\n\n\n\n<h4 class=\"wp-block-heading\">Il est entr\u00e9 au CPI de Montreux-Jeune le 05 mars 1992 et nomm\u00e9 chef de corps me 13 septembre 1998.<\/h4>\n\n\n\n<h4 class=\"wp-block-heading\">Il a \u00e9t\u00e9 caporal et caporal-chef entre 1983 et 1986, sergent le 04 septembre 1988, sergent-chef le 01 octobre 1993, adjudant le 20 avril 2004, adjudant-chef le 20 ao\u00fbt 2007 et lieutenant le 30 novembre 2013.<\/h4>\n\n\n\n<h4 class=\"wp-block-heading\">Il a \u00e9t\u00e9 d\u00e9cor\u00e9 de diff\u00e9rentes m\u00e9dailles&nbsp;: Courage et d\u00e9vouement argent 2\u00e8 classe le 13 septembre 1998, argent 20 ans le 09 d\u00e9cembre 2000, vermeil 25 ans le 04 d\u00e9cembre 2005 et or 30 ans le 27novembre 2010.<\/h4>\n\n\n\n<h4 class=\"wp-block-heading\">Bravo \u00e0 Robert pour son parcours et pour son travail.<\/h4>\n","protected":false},"excerpt":{"rendered":"<p>Un montreusien devenu Chef de corps du CPI de&nbsp; Montreux-Jeune Robert Cinti de Montreux-Vieux est entr\u00e9 comme JSP 1978\/1979 \u00e0 Montreux-Vieux et comme sapeur-pompier au m\u00eame centre &nbsp;le 1er mars 1980 jusqu\u2019au 05 mars 1992. Il est entr\u00e9 au CPI &hellip; <a href=\"https:\/\/montreux-vieux.net\/?page_id=14388\">Continuer la lecture <span class=\"meta-nav\">&rarr;<\/span><\/a><\/p>\n","protected":false},"author":1,"featured_media":0,"parent":4091,"menu_order":54,"comment_status":"closed","ping_status":"open","template":"","meta":{"footnotes":""},"class_list":["post-14388","page","type-page","status-publish","hentry"],"_links":{"self":[{"href":"https:\/\/montreux-vieux.net\/index.php?rest_route=\/wp\/v2\/pages\/14388","targetHints":{"allow":["GET"]}}],"collection":[{"href":"https:\/\/montreux-vieux.net\/index.php?rest_route=\/wp\/v2\/pages"}],"about":[{"href":"https:\/\/montreux-vieux.net\/index.php?rest_route=\/wp\/v2\/types\/page"}],"author":[{"embeddable":true,"href":"https:\/\/montreux-vieux.net\/index.php?rest_route=\/wp\/v2\/users\/1"}],"replies":[{"embeddable":true,"href":"https:\/\/montreux-vieux.net\/index.php?rest_route=%2Fwp%2Fv2%2Fcomments&post=14388"}],"version-history":[{"count":1,"href":"https:\/\/montreux-vieux.net\/index.php?rest_route=\/wp\/v2\/pages\/14388\/revisions"}],"predecessor-version":[{"id":14389,"href":"https:\/\/montreux-vieux.net\/index.php?rest_route=\/wp\/v2\/pages\/14388\/revisions\/14389"}],"up":[{"embeddable":true,"href":"https:\/\/montreux-vieux.net\/index.php?rest_route=\/wp\/v2\/pages\/4091"}],"wp:attachment":[{"href":"https:\/\/montreux-vieux.net\/index.php?rest_route=%2Fwp%2Fv2%2Fmedia&parent=14388"}],"curies":[{"name":"wp","href":"https:\/\/api.w.org\/{rel}","templated":true}]}}