{"id":14395,"date":"2019-02-02T12:50:24","date_gmt":"2019-02-02T11:50:24","guid":{"rendered":"http:\/\/montreux-vieux.net\/?page_id=14395"},"modified":"2019-02-02T12:50:24","modified_gmt":"2019-02-02T11:50:24","slug":"lequipe-de-foot-feminine-de-montreux-vieux-de-1974","status":"publish","type":"page","link":"https:\/\/montreux-vieux.net\/?page_id=14395","title":{"rendered":"L&rsquo;Equipe de foot f\u00e9minine de Montreux-Vieux de 1974"},"content":{"rendered":"\n<h4 class=\"wp-block-heading\" style=\"text-align:center\">L&rsquo;Equipe de foot f\u00e9minine de Montreux-Vieux de 1974<\/h4>\n\n\n\n<h4 class=\"wp-block-heading\">Le saviez-vous ? Montreux-Sports avait&nbsp;un certain temps une \u00e9quipe de foot f\u00e9minine&nbsp;Ci-dessous une&nbsp;&nbsp;photo de 1974 avec les entra\u00eeneurs Mrs Buttet et Morisot. Attention sur la photo il faut lire Annie Dominique en lieu et place de Nadine Buttet.<\/h4>\n\n\n\n<div class=\"wp-block-image\"><figure class=\"aligncenter\"><a href=\"http:\/\/montreux-vieux.net\/montreux-vieux.net\/wp-content\/uploads\/2015\/04\/ScreenShot494.jpg\" target=\"_blank\" rel=\"noreferrer noopener\"><img loading=\"lazy\" decoding=\"async\" width=\"300\" height=\"204\" src=\"http:\/\/montreux-vieux.net\/montreux-vieux.net\/wp-content\/uploads\/2015\/04\/ScreenShot494-300x204.jpg\" alt=\"ScreenShot494\" class=\"wp-image-5541\" srcset=\"https:\/\/montreux-vieux.net\/montreux-vieux.net\/wp-content\/uploads\/2015\/04\/ScreenShot494-300x204.jpg 300w, https:\/\/montreux-vieux.net\/montreux-vieux.net\/wp-content\/uploads\/2015\/04\/ScreenShot494-1024x695.jpg 1024w, https:\/\/montreux-vieux.net\/montreux-vieux.net\/wp-content\/uploads\/2015\/04\/ScreenShot494-600x407.jpg 600w, https:\/\/montreux-vieux.net\/montreux-vieux.net\/wp-content\/uploads\/2015\/04\/ScreenShot494.jpg 1191w\" sizes=\"auto, (max-width: 300px) 100vw, 300px\" \/><\/a><\/figure><\/div>\n\n\n\n<h5 class=\"wp-block-heading\" style=\"text-align:center\">Cliquez sur le photo pour l&rsquo;agrandir<\/h5>\n","protected":false},"excerpt":{"rendered":"<p>L&rsquo;Equipe de foot f\u00e9minine de Montreux-Vieux de 1974 Le saviez-vous ? Montreux-Sports avait&nbsp;un certain temps une \u00e9quipe de foot f\u00e9minine&nbsp;Ci-dessous une&nbsp;&nbsp;photo de 1974 avec les entra\u00eeneurs Mrs Buttet et Morisot. Attention sur la photo il faut lire Annie Dominique en &hellip; <a href=\"https:\/\/montreux-vieux.net\/?page_id=14395\">Continuer la lecture <span class=\"meta-nav\">&rarr;<\/span><\/a><\/p>\n","protected":false},"author":1,"featured_media":0,"parent":4608,"menu_order":2,"comment_status":"closed","ping_status":"open","template":"","meta":{"footnotes":""},"class_list":["post-14395","page","type-page","status-publish","hentry"],"_links":{"self":[{"href":"https:\/\/montreux-vieux.net\/index.php?rest_route=\/wp\/v2\/pages\/14395","targetHints":{"allow":["GET"]}}],"collection":[{"href":"https:\/\/montreux-vieux.net\/index.php?rest_route=\/wp\/v2\/pages"}],"about":[{"href":"https:\/\/montreux-vieux.net\/index.php?rest_route=\/wp\/v2\/types\/page"}],"author":[{"embeddable":true,"href":"https:\/\/montreux-vieux.net\/index.php?rest_route=\/wp\/v2\/users\/1"}],"replies":[{"embeddable":true,"href":"https:\/\/montreux-vieux.net\/index.php?rest_route=%2Fwp%2Fv2%2Fcomments&post=14395"}],"version-history":[{"count":1,"href":"https:\/\/montreux-vieux.net\/index.php?rest_route=\/wp\/v2\/pages\/14395\/revisions"}],"predecessor-version":[{"id":14397,"href":"https:\/\/montreux-vieux.net\/index.php?rest_route=\/wp\/v2\/pages\/14395\/revisions\/14397"}],"up":[{"embeddable":true,"href":"https:\/\/montreux-vieux.net\/index.php?rest_route=\/wp\/v2\/pages\/4608"}],"wp:attachment":[{"href":"https:\/\/montreux-vieux.net\/index.php?rest_route=%2Fwp%2Fv2%2Fmedia&parent=14395"}],"curies":[{"name":"wp","href":"https:\/\/api.w.org\/{rel}","templated":true}]}}