{"id":14401,"date":"2019-02-02T13:07:51","date_gmt":"2019-02-02T12:07:51","guid":{"rendered":"http:\/\/montreux-vieux.net\/?page_id=14401"},"modified":"2019-02-02T13:07:51","modified_gmt":"2019-02-02T12:07:51","slug":"video-sur-un-train-de-degarnissage-a-montreux-vieux","status":"publish","type":"page","link":"https:\/\/montreux-vieux.net\/?page_id=14401","title":{"rendered":"Video sur un train de d\u00e9garnissage \u00e0 Montreux-Vieux"},"content":{"rendered":"\n<p style=\"text-align:center\">Video sur un train de d\u00e9garnissage \u00e0 Montreux-Vieux<\/p>\n\n\n\n<figure class=\"wp-block-embed-youtube wp-block-embed is-type-video is-provider-youtube wp-embed-aspect-16-9 wp-has-aspect-ratio\"><div class=\"wp-block-embed__wrapper\">\n<iframe loading=\"lazy\" title=\"train de d\u00e9garnissage\" width=\"640\" height=\"360\" src=\"https:\/\/www.youtube.com\/embed\/Ds0jqY5Q1HQ?feature=oembed\" frameborder=\"0\" allow=\"accelerometer; autoplay; clipboard-write; encrypted-media; gyroscope; picture-in-picture; web-share\" referrerpolicy=\"strict-origin-when-cross-origin\" allowfullscreen><\/iframe>\n<\/div><\/figure>\n\n\n\n<h4 class=\"wp-block-heading\" id=\"watch-uploader-info\">Une petite vid\u00e9o sur le train de d\u00e9garnissage &nbsp;le 6 mars 2015 \u00e0 la sortie de la base travaux de Montreux-Vieux (train de terre T3F1)<\/h4>\n","protected":false},"excerpt":{"rendered":"<p>Video sur un train de d\u00e9garnissage \u00e0 Montreux-Vieux Une petite vid\u00e9o sur le train de d\u00e9garnissage &nbsp;le 6 mars 2015 \u00e0 la sortie de la base travaux de Montreux-Vieux (train de terre T3F1)<\/p>\n","protected":false},"author":1,"featured_media":0,"parent":13752,"menu_order":80,"comment_status":"closed","ping_status":"open","template":"","meta":{"footnotes":""},"class_list":["post-14401","page","type-page","status-publish","hentry"],"_links":{"self":[{"href":"https:\/\/montreux-vieux.net\/index.php?rest_route=\/wp\/v2\/pages\/14401","targetHints":{"allow":["GET"]}}],"collection":[{"href":"https:\/\/montreux-vieux.net\/index.php?rest_route=\/wp\/v2\/pages"}],"about":[{"href":"https:\/\/montreux-vieux.net\/index.php?rest_route=\/wp\/v2\/types\/page"}],"author":[{"embeddable":true,"href":"https:\/\/montreux-vieux.net\/index.php?rest_route=\/wp\/v2\/users\/1"}],"replies":[{"embeddable":true,"href":"https:\/\/montreux-vieux.net\/index.php?rest_route=%2Fwp%2Fv2%2Fcomments&post=14401"}],"version-history":[{"count":1,"href":"https:\/\/montreux-vieux.net\/index.php?rest_route=\/wp\/v2\/pages\/14401\/revisions"}],"predecessor-version":[{"id":14402,"href":"https:\/\/montreux-vieux.net\/index.php?rest_route=\/wp\/v2\/pages\/14401\/revisions\/14402"}],"up":[{"embeddable":true,"href":"https:\/\/montreux-vieux.net\/index.php?rest_route=\/wp\/v2\/pages\/13752"}],"wp:attachment":[{"href":"https:\/\/montreux-vieux.net\/index.php?rest_route=%2Fwp%2Fv2%2Fmedia&parent=14401"}],"curies":[{"name":"wp","href":"https:\/\/api.w.org\/{rel}","templated":true}]}}