{"id":14446,"date":"2019-02-02T14:56:56","date_gmt":"2019-02-02T13:56:56","guid":{"rendered":"http:\/\/montreux-vieux.net\/?page_id=14446"},"modified":"2019-02-02T14:56:56","modified_gmt":"2019-02-02T13:56:56","slug":"bons-pour-la-fete-les-rituels-de-la-conscription-en-alsace","status":"publish","type":"page","link":"https:\/\/montreux-vieux.net\/?page_id=14446","title":{"rendered":"Bons pour la f\u00eate : les rituels de la conscription en Alsace"},"content":{"rendered":"\n<h3 class=\"wp-block-heading\" style=\"text-align:center\">Bons pour la f\u00eate : les rituels de la conscription en Alsace<\/h3>\n\n\n\n<h4 class=\"wp-block-heading\">En France, le recrutement des soldats se fait par tirage au sort \u00e0 partir de 1818, et le r\u00e9sultat d\u00e9cide du devenir des jeunes hommes sur plusieurs ann\u00e9es. L\u2019Alsace fortement attach\u00e9e \u00e0 ses traditions a su maintenir cette coutume conscriptionnelle qui donne lieu \u00e0 tout un folklore d\u00e9passant largement un syst\u00e8me de recrutement militaire pour s\u2019inscrire dans le civil. Les f\u00eates se d\u00e9roulent selon des rites pr\u00e9\u00e9tablis qui se d\u00e9veloppent d\u00e8s la moiti\u00e9 du XIXe si\u00e8cle. Ces festivit\u00e9s li\u00e9es \u00e0 la conscription finissent par s\u2019int\u00e9grer au cycle annuel de la vie de la communaut\u00e9.<\/h4>\n\n\n\n<div class=\"wp-block-image\"><figure class=\"aligncenter\"><a href=\"http:\/\/montreux-vieux.net\/montreux-vieux.net\/wp-content\/uploads\/2016\/09\/ScreenShot150.jpg\" rel=\"noopener\"><img loading=\"lazy\" decoding=\"async\" width=\"832\" height=\"550\" src=\"http:\/\/montreux-vieux.net\/montreux-vieux.net\/wp-content\/uploads\/2016\/09\/ScreenShot150.jpg\" alt=\"Les conscrits de Montreux-Vieux classe 1946\" class=\"wp-image-7806\" srcset=\"https:\/\/montreux-vieux.net\/montreux-vieux.net\/wp-content\/uploads\/2016\/09\/ScreenShot150.jpg 832w, https:\/\/montreux-vieux.net\/montreux-vieux.net\/wp-content\/uploads\/2016\/09\/ScreenShot150-300x198.jpg 300w, https:\/\/montreux-vieux.net\/montreux-vieux.net\/wp-content\/uploads\/2016\/09\/ScreenShot150-768x508.jpg 768w, https:\/\/montreux-vieux.net\/montreux-vieux.net\/wp-content\/uploads\/2016\/09\/ScreenShot150-600x397.jpg 600w\" sizes=\"auto, (max-width: 832px) 100vw, 832px\" \/><\/a><figcaption>La classe 1946 de Montreux-Vieux<\/figcaption><\/figure><\/div>\n\n\n\n<h4 class=\"wp-block-heading\">La conscription est emprunt d\u2019un rituel profane sp\u00e9cifiquement masculin, s\u2019inscrivant dans un rite de passage marquant le moment o\u00f9 un jeune homme passe de l\u2019enfance \u00e0 l\u2019\u00e2ge adulte. En effet, un homme ne pouvait ni se marier ni commencer sa vie professionnelle avant d\u2019avoir franchi cette \u00e9tape d\u00e9cisive de sa vie d\u2019homme.<\/h4>\n\n\n\n<h4 class=\"wp-block-heading\">Avant la c\u00e9r\u00e9monie publique, l\u2019ann\u00e9e de leur vingt ans, les jeunes gens forment la classe des conscrits et se transforment en un v\u00e9ritable comit\u00e9 des f\u00eates de la commune. Ils sont durant toute une ann\u00e9e les organisateurs des f\u00eates dans leur village. \u00c0 ces occasions, ils d\u00e9filent, agitant leur drapeau inscrit du nom de leur classe, puis collectent de la nourriture, de l\u2019argent, de la boisson qu\u2019ils consommeront lors de banquets abondamment arros\u00e9s d\u2019alcool<\/h4>\n","protected":false},"excerpt":{"rendered":"<p>Bons pour la f\u00eate : les rituels de la conscription en Alsace En France, le recrutement des soldats se fait par tirage au sort \u00e0 partir de 1818, et le r\u00e9sultat d\u00e9cide du devenir des jeunes hommes sur plusieurs ann\u00e9es. &hellip; <a href=\"https:\/\/montreux-vieux.net\/?page_id=14446\">Continuer la lecture <span class=\"meta-nav\">&rarr;<\/span><\/a><\/p>\n","protected":false},"author":1,"featured_media":0,"parent":13042,"menu_order":80,"comment_status":"closed","ping_status":"open","template":"","meta":{"footnotes":""},"class_list":["post-14446","page","type-page","status-publish","hentry"],"_links":{"self":[{"href":"https:\/\/montreux-vieux.net\/index.php?rest_route=\/wp\/v2\/pages\/14446","targetHints":{"allow":["GET"]}}],"collection":[{"href":"https:\/\/montreux-vieux.net\/index.php?rest_route=\/wp\/v2\/pages"}],"about":[{"href":"https:\/\/montreux-vieux.net\/index.php?rest_route=\/wp\/v2\/types\/page"}],"author":[{"embeddable":true,"href":"https:\/\/montreux-vieux.net\/index.php?rest_route=\/wp\/v2\/users\/1"}],"replies":[{"embeddable":true,"href":"https:\/\/montreux-vieux.net\/index.php?rest_route=%2Fwp%2Fv2%2Fcomments&post=14446"}],"version-history":[{"count":1,"href":"https:\/\/montreux-vieux.net\/index.php?rest_route=\/wp\/v2\/pages\/14446\/revisions"}],"predecessor-version":[{"id":14447,"href":"https:\/\/montreux-vieux.net\/index.php?rest_route=\/wp\/v2\/pages\/14446\/revisions\/14447"}],"up":[{"embeddable":true,"href":"https:\/\/montreux-vieux.net\/index.php?rest_route=\/wp\/v2\/pages\/13042"}],"wp:attachment":[{"href":"https:\/\/montreux-vieux.net\/index.php?rest_route=%2Fwp%2Fv2%2Fmedia&parent=14446"}],"curies":[{"name":"wp","href":"https:\/\/api.w.org\/{rel}","templated":true}]}}