{"id":14452,"date":"2019-02-02T15:26:21","date_gmt":"2019-02-02T14:26:21","guid":{"rendered":"http:\/\/montreux-vieux.net\/?page_id=14452"},"modified":"2021-11-27T13:48:00","modified_gmt":"2021-11-27T12:48:00","slug":"visite-a-montreux-vieux-de-m-alexandre-millerand-ministre-de-la-guerre-le-27novembre-1914","status":"publish","type":"page","link":"https:\/\/montreux-vieux.net\/?page_id=14452","title":{"rendered":"Visite \u00e0 Montreux-Vieux de M. Alexandre Millerand Ministre de la Guerre le 27novembre 1914"},"content":{"rendered":"\n<h3 class=\"wp-block-heading\">Visite \u00e0 Montreux-Vieux de M. Alexandre Millerand Ministre de la Guerre<\/h3>\n\n\n\n<div class=\"wp-block-image\"><figure class=\"aligncenter\"><a href=\"http:\/\/montreux-vieux.net\/montreux-vieux.net\/wp-content\/uploads\/2016\/02\/the-year-long-journey-1.jpg\" target=\"_blank\" rel=\"noreferrer noopener\"><img loading=\"lazy\" decoding=\"async\" width=\"944\" height=\"755\" src=\"http:\/\/montreux-vieux.net\/montreux-vieux.net\/wp-content\/uploads\/2016\/02\/the-year-long-journey-1.jpg\" alt=\"Alexandre Millerand Ministre de la Guerre \" class=\"wp-image-6980\" srcset=\"https:\/\/montreux-vieux.net\/montreux-vieux.net\/wp-content\/uploads\/2016\/02\/the-year-long-journey-1.jpg 944w, https:\/\/montreux-vieux.net\/montreux-vieux.net\/wp-content\/uploads\/2016\/02\/the-year-long-journey-1-300x240.jpg 300w, https:\/\/montreux-vieux.net\/montreux-vieux.net\/wp-content\/uploads\/2016\/02\/the-year-long-journey-1-768x614.jpg 768w, https:\/\/montreux-vieux.net\/montreux-vieux.net\/wp-content\/uploads\/2016\/02\/the-year-long-journey-1-600x480.jpg 600w\" sizes=\"auto, (max-width: 944px) 100vw, 944px\" \/><\/a><\/figure><\/div>\n\n\n\n<h4 class=\"wp-block-heading\">C\u2019est le 27 novembre 1914 que me Ministre de la Guerre Alexandre Millerand, accompagn\u00e9 du\u00a0g\u00e9n\u00e9ral Th\u00e9venet Gouverneur militaire de Belfort a franchi la ligne de la fronti\u00e8re d\u00e9sormais abolie entre Foussemagne et Chavannes-sur-L\u2019Etang pour se rendre d\u2019abord \u00e0 Montreux-Vieux ou les troupes sur son passage rendaient les honneurs.<\/h4>\n\n\n\n<div class=\"wp-block-image\"><figure class=\"aligncenter\"><a href=\"http:\/\/montreux-vieux.net\/montreux-vieux.net\/wp-content\/uploads\/2016\/02\/ScreenShot189.jpg\" rel=\"noopener\"><img loading=\"lazy\" decoding=\"async\" width=\"623\" height=\"299\" src=\"http:\/\/montreux-vieux.net\/montreux-vieux.net\/wp-content\/uploads\/2016\/02\/ScreenShot189.jpg\" alt=\"l'Alsacienne le 27 novembre 1914\" class=\"wp-image-7930\" srcset=\"https:\/\/montreux-vieux.net\/montreux-vieux.net\/wp-content\/uploads\/2016\/02\/ScreenShot189.jpg 623w, https:\/\/montreux-vieux.net\/montreux-vieux.net\/wp-content\/uploads\/2016\/02\/ScreenShot189-300x144.jpg 300w, https:\/\/montreux-vieux.net\/montreux-vieux.net\/wp-content\/uploads\/2016\/02\/ScreenShot189-600x288.jpg 600w\" sizes=\"auto, (max-width: 623px) 100vw, 623px\" \/><\/a><figcaption>Une Alsacienne, dans son costume traditionnel, appara\u00eet aux automobilistes militaires qui ont conduit \u00e0 Montreux-Vieux le ministre de la Guerre et le gouverneur de Belfort.<\/figcaption><\/figure><\/div>\n\n\n\n<h4 class=\"wp-block-heading\">Le Gouverneur guida le Ministre vers la salle d\u2019\u00e9cole. Un spectacle \u00e9mouvant, qui les attendait la, est d\u00e9crit&nbsp; par le Bulletin de Arm\u00e9es&nbsp;du 3-5 D\u00e9cembre 1914 page 437.<\/h4>\n\n\n\n<h4 class=\"wp-block-heading\">A leur entr\u00e9e une centaine d\u2019enfants de tout \u00e2ge se lev\u00e8rent d\u2019un m\u00eame \u00e9lan et, d\u2019une m\u00eame voix, ils entonn\u00e8rent la \u00ab&nbsp;Marseillaise&nbsp;\u00bb<\/h4>\n\n\n\n<h4 class=\"wp-block-heading\">Debout devant la chair, leur maitre, un caporal les surveillait et donnait la cadence. Au fond, dans les couloirs sur les marches de la porte et jusque dans les rues les anciens qui n\u2019avaient pas oubli\u00e9, accompagnaient les enfants.<\/h4>\n\n\n\n<h4 class=\"wp-block-heading\">Dans le profond silence qui suivit, le ministre, en quelques paroles sobres, exprima les tristesses des quarante quatre ann\u00e9es pass\u00e9es et la fiert\u00e9 qu\u2019\u00e9prouve aujourd\u2019hui la France en songeant \u00e0 la lib\u00e9ration prochaine et totale&nbsp; de l\u2019Alsace. Puis par Valdieu et Retzwiller le ministre gagna Dannemarie. Aux embranchements des routes on pouvait lire&nbsp;:<\/h4>\n\n\n\n<h4 class=\"wp-block-heading\"><\/h4>\n\n\n\n<div class=\"wp-block-image\"><figure class=\"aligncenter\"><img decoding=\"async\" src=\"http:\/\/montreux-vieux.net\/montreux-vieux.net\/wp-content\/uploads\/2016\/02\/ScreenShot833.jpg\" alt=\"\"\/><\/figure><\/div>\n\n\n\n<p><a rel=\"noreferrer noopener\" href=\"http:\/\/montreux-vieux.net\/montreux-vieux.net\/wp-content\/uploads\/2016\/02\/ScreenShot833.jpg\" target=\"_blank\"><\/a><\/p>\n\n\n\n<h4 class=\"wp-block-heading\">Alexandre Millerand &nbsp;a \u00e9t\u00e9 pr\u00e9sident de la r\u00e9publique au cours de la 3\u00e8me R\u00e9publique du 23 septembre 1920 au 11 juin 1924<\/h4>\n\n\n\n<div class=\"wp-block-image\"><figure class=\"aligncenter\"><a href=\"http:\/\/montreux-vieux.net\/montreux-vieux.net\/wp-content\/uploads\/2016\/02\/ScreenShot834.jpg\" rel=\"noopener\"><img loading=\"lazy\" decoding=\"async\" width=\"210\" height=\"221\" src=\"http:\/\/montreux-vieux.net\/montreux-vieux.net\/wp-content\/uploads\/2016\/02\/ScreenShot834.jpg\" alt=\"Millerand pr\u00e9sident de la r\u00e9publique\" class=\"wp-image-6982\"\/><\/a><figcaption>Alexandre Millerand Pr\u00e9sident de la R\u00e9publique<\/figcaption><\/figure><\/div>\n\n\n\n<h4 class=\"wp-block-heading\">Alexandre Millerand est revenu \u00e0 Montreux-Vieux avec le Pr\u00e9sident Poincar\u00e9 le 12 f\u00e9vrier 1915<\/h4>\n\n\n\n<p>Autre article<\/p>\n\n\n\n<p><strong>M. MILLERAND ASSISTE EN ALSACE \u00c0 UNE LE\u00c7ON DE FRAN\u00c7AIS<\/strong><\/p>\n\n\n\n<p>Le Bulletin des Arm\u00e9es publie, ce matin, l&rsquo;article suivant :<\/p>\n\n\n\n<p>Le ministre de la Guerre s&rsquo;est rendu r\u00e9cemment en Alsace. Le premier, depuis l&rsquo;ann\u00e9e terrible, il visitait en tant que membre du gouvernement la province perdue. Ce n&rsquo;est pas sans \u00e9motion que, le 27 novembre 1914, vers neuf heures du matin, apr\u00e8s avoir inspect\u00e9, en compagnie du gouverneur de Belfort, quelques-uns des ouvrages de la forteresse, le ministre de la Guerre franchit, entre Foussemagne et Chavannes-sur-l&rsquo;Etang, la ligne qui, pendant un demi-si\u00e8cle, marqua l&rsquo;ancienne fronti\u00e8re.<\/p>\n\n\n\n<p>Bien qu&rsquo;on f\u00fbt en campagne, dans la grande rue de Montreux-Vieux, des troupes immobiles comme il la parade, rendaient .les honneurs ; leurs clairons sonnaient \u00ab&nbsp;Aux champs&nbsp;\u00bb<\/p>\n\n\n\n<p>Le gouverneur de Belfort guida le ministre vers la saille d&rsquo;\u00e9cole. A leur entr\u00e9e, une centaine d&rsquo;enfants de tout \u00e2ge se lev\u00e8rent d&rsquo;un m\u00eame \u00e9lan et d&rsquo;une m\u00eame voix, ils entonn\u00e8rent la Marseillaise.<\/p>\n\n\n\n<p>Debout devant la chaire, leur ma\u00eetre, un caporal d&rsquo;infanterie, les surveillait et donnait la cadence. Au fond, dans les couloirs, sur les marches de la porte et jusque sur la rue, les vieux qui n&rsquo;avaient pas oubli\u00e9 accompagnaient les enfants.<\/p>\n\n\n\n<p>Une \u00e9motion indicible \u00e9treignait l&rsquo;assistance et les larmes lentement coulaient sur les joues fraiches comme dans les barbes grises \u00ab&nbsp; Aux armes, citoyens! \u00bb reprenaient les voix enfantines et tandis que le chant de nos p\u00e8res franchissant les murs de la salle roulait sur la campagne, chacun du fond de son c\u0153ur adressait un hommage de gratitude \u00e9mue aux vaillants qui dorment \u00e0 Uffoltz, \u00e0 Cernay, \u00e0 Aspach, \u00e0 Dornach, \u00e0 Flachslanden, \u00e0 Zillisheim et l\u00e0, tout pr\u00e8s \u00e0 Montreux-Vieux, car c&rsquo;est leur sacrifice qui permettait la joie de cette inoubliable sc\u00e8ne.<\/p>\n\n\n\n<p>Dans le profond silence qui succ\u00e9da a l&rsquo;hymne national, le ministre de la Guerre, vainquant avec peine son \u00e9motion, exprima en quelques paroles sobres les tristesses dont souffrirent les c\u0153urs fran\u00e7ais pendant ces quarante-quatre derni\u00e8res ann\u00e9es et aussi la fiert\u00e9 fut \u00e9prouv\u00e9 aujourd&rsquo;hui la France en songeant \u00e0 la lib\u00e9ration prochaine et totale de la vieille Alsace. II dit aux petits de cette province le fid\u00e8le souvenir des enfants de France.<\/p>\n\n\n\n<p>Lorsqu&rsquo;il quitta Montreux, il emportait l&rsquo;imp\u00e9rissable souvenir d&rsquo;une premi\u00e8re le\u00e7on de fran\u00e7ais, &nbsp;heureuse et symbolique contrepartie du conte de Daudet. &gt; Par Valdieu et Retzviller, le ministre de la Guerre gagna Dannemarie. Les maisons \u00e9taient .pavois\u00e9es; \u00e0 toutes les fen\u00eatres se d\u00e9ployaient les couleurs rouges et blanches de l&rsquo;Alsace et, dans les rues, de petits bonshommes de Hansi, aux t\u00eates blondes, aux cheveux boucl\u00e9s, ouvraient bien grands leurs yeux bleus pour mieux voir le repr\u00e9sentant de l&rsquo;arm\u00e9e fran\u00e7aise. Aux embrassements des routes, on pouvait lire : \u00ab Belfort, 24 kilom\u00e8tres \u00bb. Il avait suffi, en effet, de retourner les plaques routi\u00e8res pour retrouver les anciennes indications en fran\u00e7aise<\/p>\n\n\n\n<p>Apr\u00e8s un court arr\u00eat \u00e0 l&rsquo;h\u00f4tel de ville, le ministre de la Guerre s&rsquo;est rendu \u00e0 l&rsquo;est de Dannemarie jusqu&rsquo;\u00e0 la Tuilerie pour visiter les tranch\u00e9es et faire un tour d&rsquo;horizon dans la plaine bois\u00e9e qui m\u00e8ne vers Huningue, AItkirch, Mulhouse, Colmar et vers Strasbourg. Au nord. il, distinguait mal la cr\u00eate embrum\u00e9e des Vosges. Entre les bois noirs, les clochers d\u00e9couvraient leur silhouette sur le ciel gris ; ; les cloches se r\u00e9pondaient \u00e0 travers la plaine couverte de neige et, dans les tranch\u00e9es o\u00f9 l&rsquo;on est aujourd&rsquo;hui face \u00e0 face, le grand drame continuait sans tr\u00eave.<\/p>\n\n\n\n<p>Le ministre de la Guerre est rentr\u00e9 \u00e0 Belfort par, Magny, village ou fut assassin\u00e9 l&rsquo;enfant au fusil de bois, la vall\u00e9e de la Largue et Delle.<\/p>\n\n\n\n<p>Sources&nbsp;: Excelsior 5 d\u00e9cembre 1914<\/p>\n","protected":false},"excerpt":{"rendered":"<p>Visite \u00e0 Montreux-Vieux de M. Alexandre Millerand Ministre de la Guerre C\u2019est le 27 novembre 1914 que me Ministre de la Guerre Alexandre Millerand, accompagn\u00e9 du\u00a0g\u00e9n\u00e9ral Th\u00e9venet Gouverneur militaire de Belfort a franchi la ligne de la fronti\u00e8re d\u00e9sormais abolie &hellip; <a href=\"https:\/\/montreux-vieux.net\/?page_id=14452\">Continuer la lecture <span class=\"meta-nav\">&rarr;<\/span><\/a><\/p>\n","protected":false},"author":1,"featured_media":0,"parent":12673,"menu_order":113,"comment_status":"closed","ping_status":"open","template":"","meta":{"footnotes":""},"class_list":["post-14452","page","type-page","status-publish","hentry"],"_links":{"self":[{"href":"https:\/\/montreux-vieux.net\/index.php?rest_route=\/wp\/v2\/pages\/14452","targetHints":{"allow":["GET"]}}],"collection":[{"href":"https:\/\/montreux-vieux.net\/index.php?rest_route=\/wp\/v2\/pages"}],"about":[{"href":"https:\/\/montreux-vieux.net\/index.php?rest_route=\/wp\/v2\/types\/page"}],"author":[{"embeddable":true,"href":"https:\/\/montreux-vieux.net\/index.php?rest_route=\/wp\/v2\/users\/1"}],"replies":[{"embeddable":true,"href":"https:\/\/montreux-vieux.net\/index.php?rest_route=%2Fwp%2Fv2%2Fcomments&post=14452"}],"version-history":[{"count":5,"href":"https:\/\/montreux-vieux.net\/index.php?rest_route=\/wp\/v2\/pages\/14452\/revisions"}],"predecessor-version":[{"id":24048,"href":"https:\/\/montreux-vieux.net\/index.php?rest_route=\/wp\/v2\/pages\/14452\/revisions\/24048"}],"up":[{"embeddable":true,"href":"https:\/\/montreux-vieux.net\/index.php?rest_route=\/wp\/v2\/pages\/12673"}],"wp:attachment":[{"href":"https:\/\/montreux-vieux.net\/index.php?rest_route=%2Fwp%2Fv2%2Fmedia&parent=14452"}],"curies":[{"name":"wp","href":"https:\/\/api.w.org\/{rel}","templated":true}]}}