{"id":14456,"date":"2019-02-02T15:29:52","date_gmt":"2019-02-02T14:29:52","guid":{"rendered":"http:\/\/montreux-vieux.net\/?page_id=14456"},"modified":"2019-02-02T15:29:52","modified_gmt":"2019-02-02T14:29:52","slug":"le-saviez-vous-un-pont-levis-sur-lancien-canal-du-rhone-au-rhin-2","status":"publish","type":"page","link":"https:\/\/montreux-vieux.net\/?page_id=14456","title":{"rendered":"Le saviez-vous ? Un pont levis sur l&rsquo;ancien canal du Rh\u00f4ne au Rhin"},"content":{"rendered":"\n<h3 class=\"wp-block-heading\">Le saviez-vous ? Un pont levis sur l&rsquo;ancien canal du Rh\u00f4ne au Rhin<\/h3>\n\n\n\n<h4 class=\"wp-block-heading\">Sur l\u2019ancien canal du Rh\u00f4ne au Rhin \u00e0 l\u2019entr\u00e9e de Montreux-Jeune il y avait un pont levis qui pouvait \u00eatre lev\u00e9 au passage des bateaux. A l\u2019\u00e9poque, comme le prouve les cartes postales il \u00e9tait situ\u00e9 sur le ban de la commune de Montreux-Vieux.<\/h4>\n\n\n\n<figure class=\"wp-block-image\"><img decoding=\"async\" src=\"http:\/\/montreux-vieux.net\/montreux-vieux.net\/wp-content\/uploads\/2016\/10\/backpackersguide.co_.jpg\" alt=\"\"\/><\/figure>\n","protected":false},"excerpt":{"rendered":"<p>Le saviez-vous ? Un pont levis sur l&rsquo;ancien canal du Rh\u00f4ne au Rhin Sur l\u2019ancien canal du Rh\u00f4ne au Rhin \u00e0 l\u2019entr\u00e9e de Montreux-Jeune il y avait un pont levis qui pouvait \u00eatre lev\u00e9 au passage des bateaux. A l\u2019\u00e9poque, &hellip; <a href=\"https:\/\/montreux-vieux.net\/?page_id=14456\">Continuer la lecture <span class=\"meta-nav\">&rarr;<\/span><\/a><\/p>\n","protected":false},"author":1,"featured_media":0,"parent":13099,"menu_order":10,"comment_status":"closed","ping_status":"open","template":"","meta":{"footnotes":""},"class_list":["post-14456","page","type-page","status-publish","hentry"],"_links":{"self":[{"href":"https:\/\/montreux-vieux.net\/index.php?rest_route=\/wp\/v2\/pages\/14456","targetHints":{"allow":["GET"]}}],"collection":[{"href":"https:\/\/montreux-vieux.net\/index.php?rest_route=\/wp\/v2\/pages"}],"about":[{"href":"https:\/\/montreux-vieux.net\/index.php?rest_route=\/wp\/v2\/types\/page"}],"author":[{"embeddable":true,"href":"https:\/\/montreux-vieux.net\/index.php?rest_route=\/wp\/v2\/users\/1"}],"replies":[{"embeddable":true,"href":"https:\/\/montreux-vieux.net\/index.php?rest_route=%2Fwp%2Fv2%2Fcomments&post=14456"}],"version-history":[{"count":1,"href":"https:\/\/montreux-vieux.net\/index.php?rest_route=\/wp\/v2\/pages\/14456\/revisions"}],"predecessor-version":[{"id":14457,"href":"https:\/\/montreux-vieux.net\/index.php?rest_route=\/wp\/v2\/pages\/14456\/revisions\/14457"}],"up":[{"embeddable":true,"href":"https:\/\/montreux-vieux.net\/index.php?rest_route=\/wp\/v2\/pages\/13099"}],"wp:attachment":[{"href":"https:\/\/montreux-vieux.net\/index.php?rest_route=%2Fwp%2Fv2%2Fmedia&parent=14456"}],"curies":[{"name":"wp","href":"https:\/\/api.w.org\/{rel}","templated":true}]}}