{"id":14468,"date":"2019-02-02T16:22:19","date_gmt":"2019-02-02T15:22:19","guid":{"rendered":"http:\/\/montreux-vieux.net\/?page_id=14468"},"modified":"2019-06-01T13:37:30","modified_gmt":"2019-06-01T12:37:30","slug":"le-saviez-vous-larchitecte-retenu-pour-la-construction-de-leglise-est-decede-a-la-suite-dun-malaise-a-montreux-vieux","status":"publish","type":"page","link":"https:\/\/montreux-vieux.net\/?page_id=14468","title":{"rendered":"Le saviez-vous? L\u2019architecte retenu pour la construction de l\u2019Eglise est d\u00e9c\u00e9d\u00e9 \u00e0 la suite d\u2019un malaise \u00e0 Montreux-Vieux"},"content":{"rendered":"\n<h3 class=\"wp-block-heading\">Le saviez-vous? L\u2019architecte &nbsp;retenu pour la construction de l\u2019Eglise est d\u00e9c\u00e9d\u00e9 \u00e0 la suite d\u2019un malaise \u00e0 Montreux-Vieux<\/h3>\n\n\n\n<h4 class=\"wp-block-heading\">Le maire Gevrier Ferdinand d\u00e8s les ann\u00e9es 1891 avait sollicit\u00e9 l\u2019architecte Schmitt de Mulhouse pour \u00e9tablir les plans de l\u2019\u00e9glise. A l\u2019automne 1895 l\u2019architecte mourut apr\u00e8s avoir \u00e9t\u00e9 pris d\u2019un malaise  au printemps lors d\u2019un de ses d\u00e9placements \u00e0 Montreux-Vieux.\u00a0Il a \u00e9t\u00e9 remplac\u00e9 par l\u2019architecte Louvat de Mulhouse. C&rsquo;est un m\u00e9decin le Dr Lang qui l&rsquo;a soign\u00e9 et accompagn\u00e9 jusqu&rsquo;\u00e0 Mulhouse par le train. Par lettre du 9 d\u00e9cembre 1895 ce dernier r\u00e9clamait la somme de 16 marks \u00e0 la commune pour ses honoraires. <\/h4>\n\n\n\n<figure class=\"wp-block-image\"><img decoding=\"async\" src=\"http:\/\/montreux-vieux.net\/montreux-vieux.net\/wp-content\/uploads\/2017\/01\/Montreux-Vieux-son-eglise-son-orgue.jpg\" alt=\"\"\/><\/figure>\n","protected":false},"excerpt":{"rendered":"<p>Le saviez-vous? L\u2019architecte &nbsp;retenu pour la construction de l\u2019Eglise est d\u00e9c\u00e9d\u00e9 \u00e0 la suite d\u2019un malaise \u00e0 Montreux-Vieux Le maire Gevrier Ferdinand d\u00e8s les ann\u00e9es 1891 avait sollicit\u00e9 l\u2019architecte Schmitt de Mulhouse pour \u00e9tablir les plans de l\u2019\u00e9glise. A l\u2019automne &hellip; <a href=\"https:\/\/montreux-vieux.net\/?page_id=14468\">Continuer la lecture <span class=\"meta-nav\">&rarr;<\/span><\/a><\/p>\n","protected":false},"author":1,"featured_media":0,"parent":13018,"menu_order":4,"comment_status":"closed","ping_status":"open","template":"","meta":{"footnotes":""},"class_list":["post-14468","page","type-page","status-publish","hentry"],"_links":{"self":[{"href":"https:\/\/montreux-vieux.net\/index.php?rest_route=\/wp\/v2\/pages\/14468","targetHints":{"allow":["GET"]}}],"collection":[{"href":"https:\/\/montreux-vieux.net\/index.php?rest_route=\/wp\/v2\/pages"}],"about":[{"href":"https:\/\/montreux-vieux.net\/index.php?rest_route=\/wp\/v2\/types\/page"}],"author":[{"embeddable":true,"href":"https:\/\/montreux-vieux.net\/index.php?rest_route=\/wp\/v2\/users\/1"}],"replies":[{"embeddable":true,"href":"https:\/\/montreux-vieux.net\/index.php?rest_route=%2Fwp%2Fv2%2Fcomments&post=14468"}],"version-history":[{"count":2,"href":"https:\/\/montreux-vieux.net\/index.php?rest_route=\/wp\/v2\/pages\/14468\/revisions"}],"predecessor-version":[{"id":16755,"href":"https:\/\/montreux-vieux.net\/index.php?rest_route=\/wp\/v2\/pages\/14468\/revisions\/16755"}],"up":[{"embeddable":true,"href":"https:\/\/montreux-vieux.net\/index.php?rest_route=\/wp\/v2\/pages\/13018"}],"wp:attachment":[{"href":"https:\/\/montreux-vieux.net\/index.php?rest_route=%2Fwp%2Fv2%2Fmedia&parent=14468"}],"curies":[{"name":"wp","href":"https:\/\/api.w.org\/{rel}","templated":true}]}}