{"id":14470,"date":"2019-02-02T16:25:36","date_gmt":"2019-02-02T15:25:36","guid":{"rendered":"http:\/\/montreux-vieux.net\/?page_id=14470"},"modified":"2025-04-04T08:56:49","modified_gmt":"2025-04-04T07:56:49","slug":"les-plombs-de-scelles-du-bureau-n1-de-la-douane-daltmunsterol","status":"publish","type":"page","link":"https:\/\/montreux-vieux.net\/?page_id=14470","title":{"rendered":"Les plombs de scell\u00e9s du bureau n\u00b01 de la Douane d\u2019Altmunsterol"},"content":{"rendered":"\n<h3 class=\"wp-block-heading\">Les plombs de scell\u00e9s du bureau n\u00b01 de la Douane d\u2019Altmunsterol<\/h3>\n\n\n\n<h4 class=\"wp-block-heading\">De 1871 \u00e0 1914 Montreux-Vieux portait le nom d\u2019Altmunsterol ou \u00a0Munsterol ou encore Alt- Munsterol. \u00a0La gare \u00e9tait donc une gare-fronti\u00e8re ou fourmillaient voyageurs et marchandises. Parmi les 300 fonctionnaires install\u00e9s \u00e0 l\u2019\u00e9poque au village il y avait de nombreux douaniers occupant plusieurs bureaux. Le bureau n\u00b01 s\u2019occupait \u00a0de l\u2019exp\u00e9dition des wagons de marchandises vers d\u2019autres pays. Avant de partir ces wagons \u00e9taient plomb\u00e9s par les soins des fonctionnaires.\u00a0Les plombs figurants sur les images ci-dessous ont \u00e9t\u00e9 retrouv\u00e9s en Alsace et proviennent d&rsquo;Altmunsterol (Montreux-Vieux).<\/h4>\n\n\n\n<figure class=\"wp-block-image\"><img decoding=\"async\" src=\"http:\/\/montreux-vieux.net\/montreux-vieux.net\/wp-content\/uploads\/2017\/01\/plomb-de-scell%C3%A9-du-bureau-1-de-la-douane.jpg\" alt=\"\"\/><\/figure>\n","protected":false},"excerpt":{"rendered":"<p>Les plombs de scell\u00e9s du bureau n\u00b01 de la Douane d\u2019Altmunsterol De 1871 \u00e0 1914 Montreux-Vieux portait le nom d\u2019Altmunsterol ou \u00a0Munsterol ou encore Alt- Munsterol. \u00a0La gare \u00e9tait donc une gare-fronti\u00e8re ou fourmillaient voyageurs et marchandises. Parmi les 300 &hellip; <a href=\"https:\/\/montreux-vieux.net\/?page_id=14470\">Continuer la lecture <span class=\"meta-nav\">&rarr;<\/span><\/a><\/p>\n","protected":false},"author":1,"featured_media":0,"parent":13013,"menu_order":21,"comment_status":"closed","ping_status":"open","template":"","meta":{"footnotes":""},"class_list":["post-14470","page","type-page","status-publish","hentry"],"_links":{"self":[{"href":"https:\/\/montreux-vieux.net\/index.php?rest_route=\/wp\/v2\/pages\/14470","targetHints":{"allow":["GET"]}}],"collection":[{"href":"https:\/\/montreux-vieux.net\/index.php?rest_route=\/wp\/v2\/pages"}],"about":[{"href":"https:\/\/montreux-vieux.net\/index.php?rest_route=\/wp\/v2\/types\/page"}],"author":[{"embeddable":true,"href":"https:\/\/montreux-vieux.net\/index.php?rest_route=\/wp\/v2\/users\/1"}],"replies":[{"embeddable":true,"href":"https:\/\/montreux-vieux.net\/index.php?rest_route=%2Fwp%2Fv2%2Fcomments&post=14470"}],"version-history":[{"count":2,"href":"https:\/\/montreux-vieux.net\/index.php?rest_route=\/wp\/v2\/pages\/14470\/revisions"}],"predecessor-version":[{"id":26871,"href":"https:\/\/montreux-vieux.net\/index.php?rest_route=\/wp\/v2\/pages\/14470\/revisions\/26871"}],"up":[{"embeddable":true,"href":"https:\/\/montreux-vieux.net\/index.php?rest_route=\/wp\/v2\/pages\/13013"}],"wp:attachment":[{"href":"https:\/\/montreux-vieux.net\/index.php?rest_route=%2Fwp%2Fv2%2Fmedia&parent=14470"}],"curies":[{"name":"wp","href":"https:\/\/api.w.org\/{rel}","templated":true}]}}