{"id":14474,"date":"2019-02-02T16:36:09","date_gmt":"2019-02-02T15:36:09","guid":{"rendered":"http:\/\/montreux-vieux.net\/?page_id=14474"},"modified":"2019-02-02T16:36:09","modified_gmt":"2019-02-02T15:36:09","slug":"une-belle-photo-de-classe-1983","status":"publish","type":"page","link":"https:\/\/montreux-vieux.net\/?page_id=14474","title":{"rendered":"Une belle photo de classe 1983"},"content":{"rendered":"\n<h3 class=\"wp-block-heading\" style=\"text-align:center\">Une belle photo de classe 1983<\/h3>\n\n\n\n<div class=\"wp-block-image\"><figure class=\"aligncenter\"><a href=\"http:\/\/montreux-vieux.net\/montreux-vieux.net\/wp-content\/uploads\/2017\/01\/classe-1983.jpg\" target=\"_blank\" rel=\"noreferrer noopener\"><img loading=\"lazy\" decoding=\"async\" width=\"1624\" height=\"1244\" src=\"http:\/\/montreux-vieux.net\/montreux-vieux.net\/wp-content\/uploads\/2017\/01\/classe-1983.jpg\" alt=\"Photo de classe 1983\" class=\"wp-image-8594\" srcset=\"https:\/\/montreux-vieux.net\/montreux-vieux.net\/wp-content\/uploads\/2017\/01\/classe-1983.jpg 1624w, https:\/\/montreux-vieux.net\/montreux-vieux.net\/wp-content\/uploads\/2017\/01\/classe-1983-300x230.jpg 300w, https:\/\/montreux-vieux.net\/montreux-vieux.net\/wp-content\/uploads\/2017\/01\/classe-1983-768x588.jpg 768w, https:\/\/montreux-vieux.net\/montreux-vieux.net\/wp-content\/uploads\/2017\/01\/classe-1983-1024x784.jpg 1024w, https:\/\/montreux-vieux.net\/montreux-vieux.net\/wp-content\/uploads\/2017\/01\/classe-1983-600x460.jpg 600w\" sizes=\"auto, (max-width: 1624px) 100vw, 1624px\" \/><\/a><\/figure><\/div>\n\n\n\n<h4 class=\"wp-block-heading\">Quelques noms : Yannick&nbsp;Legroux, Fr\u00e9d\u00e9ric Pfirsch , Caroline Sutter , Emmanuel&nbsp;Zinck, Lydia, &#8230;&#8230;<\/h4>\n\n\n\n<p>Merci \u00e0 Sylviane Brunner pour cette belle photo d&rsquo;\u00e9cole<\/p>\n","protected":false},"excerpt":{"rendered":"<p>Une belle photo de classe 1983 Quelques noms : Yannick&nbsp;Legroux, Fr\u00e9d\u00e9ric Pfirsch , Caroline Sutter , Emmanuel&nbsp;Zinck, Lydia, &#8230;&#8230; Merci \u00e0 Sylviane Brunner pour cette belle photo d&rsquo;\u00e9cole<\/p>\n","protected":false},"author":1,"featured_media":0,"parent":14472,"menu_order":2,"comment_status":"closed","ping_status":"open","template":"","meta":{"footnotes":""},"class_list":["post-14474","page","type-page","status-publish","hentry"],"_links":{"self":[{"href":"https:\/\/montreux-vieux.net\/index.php?rest_route=\/wp\/v2\/pages\/14474","targetHints":{"allow":["GET"]}}],"collection":[{"href":"https:\/\/montreux-vieux.net\/index.php?rest_route=\/wp\/v2\/pages"}],"about":[{"href":"https:\/\/montreux-vieux.net\/index.php?rest_route=\/wp\/v2\/types\/page"}],"author":[{"embeddable":true,"href":"https:\/\/montreux-vieux.net\/index.php?rest_route=\/wp\/v2\/users\/1"}],"replies":[{"embeddable":true,"href":"https:\/\/montreux-vieux.net\/index.php?rest_route=%2Fwp%2Fv2%2Fcomments&post=14474"}],"version-history":[{"count":1,"href":"https:\/\/montreux-vieux.net\/index.php?rest_route=\/wp\/v2\/pages\/14474\/revisions"}],"predecessor-version":[{"id":14475,"href":"https:\/\/montreux-vieux.net\/index.php?rest_route=\/wp\/v2\/pages\/14474\/revisions\/14475"}],"up":[{"embeddable":true,"href":"https:\/\/montreux-vieux.net\/index.php?rest_route=\/wp\/v2\/pages\/14472"}],"wp:attachment":[{"href":"https:\/\/montreux-vieux.net\/index.php?rest_route=%2Fwp%2Fv2%2Fmedia&parent=14474"}],"curies":[{"name":"wp","href":"https:\/\/api.w.org\/{rel}","templated":true}]}}