{"id":14500,"date":"2019-02-03T10:41:53","date_gmt":"2019-02-03T09:41:53","guid":{"rendered":"http:\/\/montreux-vieux.net\/?page_id=14500"},"modified":"2019-02-03T10:41:53","modified_gmt":"2019-02-03T09:41:53","slug":"le-saviez-vous-marie-jean-pierre-charbonnier-de-montreux-vieux-sous-lieutenant","status":"publish","type":"page","link":"https:\/\/montreux-vieux.net\/?page_id=14500","title":{"rendered":"Le saviez-vous ? Marie Jean-Pierre Charbonnier de Montreux-Vieux Sous-lieutenant"},"content":{"rendered":"\n<h3 class=\"wp-block-heading\" style=\"text-align:center\">Le saviez-vous&nbsp;? Marie Jean-Pierre Charbonnier de Montreux-Vieux Sous-lieutenant<\/h3>\n\n\n\n<div class=\"wp-block-image\"><figure class=\"aligncenter\"><a href=\"http:\/\/montreux-vieux.net\/montreux-vieux.net\/wp-content\/uploads\/2017\/04\/jean-Pierre-charbonnierSous-Lieutenant-%C3%A0-la-3%C3%A8-compagnie-de-la-garde-nationale-%C3%A0-fontaine.jpg\" target=\"_blank\" rel=\"noreferrer noopener\"><img decoding=\"async\" src=\"http:\/\/montreux-vieux.net\/montreux-vieux.net\/wp-content\/uploads\/2017\/04\/jean-Pierre-charbonnierSous-Lieutenant-%C3%A0-la-3%C3%A8-compagnie-de-la-garde-nationale-%C3%A0-fontaine.jpg\" alt=\"Le saviez-vous ? Marie Jean-Pierre Charbonnier de Montreux-Vieux.\" class=\"wp-image-8938\"\/><\/a><\/figure><\/div>\n\n\n\n<h4 class=\"wp-block-heading\">Marie Jean-Pierre Charbonnier de Montreux-Vieux a \u00e9t\u00e9 Sous-lieutenant \u00e0 la 3<sup>\u00e8me<\/sup>Compagnie de la Garde Nationale \u00e0 Fontaine du 12 juillet 1870 au 04 d\u00e9cembre 1870. Il a \u00e9t\u00e9 remplac\u00e9 par Jacquemin auparavant sergent-major au bataillon. La Garde Nationale \u00e9tait \u00e0 l\u2019\u00e9poque auxiliaire de l\u2019arm\u00e9e&nbsp;?<\/h4>\n","protected":false},"excerpt":{"rendered":"<p>Le saviez-vous&nbsp;? Marie Jean-Pierre Charbonnier de Montreux-Vieux Sous-lieutenant Marie Jean-Pierre Charbonnier de Montreux-Vieux a \u00e9t\u00e9 Sous-lieutenant \u00e0 la 3\u00e8meCompagnie de la Garde Nationale \u00e0 Fontaine du 12 juillet 1870 au 04 d\u00e9cembre 1870. Il a \u00e9t\u00e9 remplac\u00e9 par Jacquemin auparavant &hellip; <a href=\"https:\/\/montreux-vieux.net\/?page_id=14500\">Continuer la lecture <span class=\"meta-nav\">&rarr;<\/span><\/a><\/p>\n","protected":false},"author":1,"featured_media":0,"parent":4091,"menu_order":56,"comment_status":"closed","ping_status":"open","template":"","meta":{"footnotes":""},"class_list":["post-14500","page","type-page","status-publish","hentry"],"_links":{"self":[{"href":"https:\/\/montreux-vieux.net\/index.php?rest_route=\/wp\/v2\/pages\/14500","targetHints":{"allow":["GET"]}}],"collection":[{"href":"https:\/\/montreux-vieux.net\/index.php?rest_route=\/wp\/v2\/pages"}],"about":[{"href":"https:\/\/montreux-vieux.net\/index.php?rest_route=\/wp\/v2\/types\/page"}],"author":[{"embeddable":true,"href":"https:\/\/montreux-vieux.net\/index.php?rest_route=\/wp\/v2\/users\/1"}],"replies":[{"embeddable":true,"href":"https:\/\/montreux-vieux.net\/index.php?rest_route=%2Fwp%2Fv2%2Fcomments&post=14500"}],"version-history":[{"count":1,"href":"https:\/\/montreux-vieux.net\/index.php?rest_route=\/wp\/v2\/pages\/14500\/revisions"}],"predecessor-version":[{"id":14501,"href":"https:\/\/montreux-vieux.net\/index.php?rest_route=\/wp\/v2\/pages\/14500\/revisions\/14501"}],"up":[{"embeddable":true,"href":"https:\/\/montreux-vieux.net\/index.php?rest_route=\/wp\/v2\/pages\/4091"}],"wp:attachment":[{"href":"https:\/\/montreux-vieux.net\/index.php?rest_route=%2Fwp%2Fv2%2Fmedia&parent=14500"}],"curies":[{"name":"wp","href":"https:\/\/api.w.org\/{rel}","templated":true}]}}