{"id":14503,"date":"2019-02-03T10:45:05","date_gmt":"2019-02-03T09:45:05","guid":{"rendered":"http:\/\/montreux-vieux.net\/?page_id=14503"},"modified":"2019-02-03T10:45:05","modified_gmt":"2019-02-03T09:45:05","slug":"la-cloche-de-la-mairie","status":"publish","type":"page","link":"https:\/\/montreux-vieux.net\/?page_id=14503","title":{"rendered":"La cloche de la mairie"},"content":{"rendered":"\n<h3 class=\"wp-block-heading\" style=\"text-align:center\">La cloche de la mairie<\/h3>\n\n\n\n<h4 class=\"wp-block-heading\">La cloche situ\u00e9e sur le b\u00e2timent abritant la mairie servait autrefois de tocsin pour donner l&rsquo;alerte sur diff\u00e9rents \u00e9v\u00e8nements de la vie quotidiennes. Elle a \u00e9t\u00e9 con\u00e7ue par la Fonderie F &amp; A Caussard \u00e0 Colmar (Alsace). Sur le devant, fondu dans la masse, une figure, celle &nbsp;de Saint Michel.<\/h4>\n\n\n\n<div class=\"wp-block-image\"><figure class=\"aligncenter\"><a href=\"http:\/\/montreux-vieux.net\/montreux-vieux.net\/wp-content\/uploads\/2017\/04\/La-cloche-situ\u00e9e-sur-la-mairie.jpg\" target=\"_blank\" rel=\"noreferrer noopener\"><img loading=\"lazy\" decoding=\"async\" width=\"945\" height=\"756\" src=\"http:\/\/montreux-vieux.net\/montreux-vieux.net\/wp-content\/uploads\/2017\/04\/La-cloche-situ\u00e9e-sur-la-mairie.jpg\" alt=\"La cloche de la mairie\" class=\"wp-image-8926\" srcset=\"https:\/\/montreux-vieux.net\/montreux-vieux.net\/wp-content\/uploads\/2017\/04\/La-cloche-situ\u00e9e-sur-la-mairie.jpg 945w, https:\/\/montreux-vieux.net\/montreux-vieux.net\/wp-content\/uploads\/2017\/04\/La-cloche-situ\u00e9e-sur-la-mairie-300x240.jpg 300w, https:\/\/montreux-vieux.net\/montreux-vieux.net\/wp-content\/uploads\/2017\/04\/La-cloche-situ\u00e9e-sur-la-mairie-768x614.jpg 768w, https:\/\/montreux-vieux.net\/montreux-vieux.net\/wp-content\/uploads\/2017\/04\/La-cloche-situ\u00e9e-sur-la-mairie-600x480.jpg 600w\" sizes=\"auto, (max-width: 945px) 100vw, 945px\" \/><\/a><\/figure><\/div>\n","protected":false},"excerpt":{"rendered":"<p>La cloche de la mairie La cloche situ\u00e9e sur le b\u00e2timent abritant la mairie servait autrefois de tocsin pour donner l&rsquo;alerte sur diff\u00e9rents \u00e9v\u00e8nements de la vie quotidiennes. Elle a \u00e9t\u00e9 con\u00e7ue par la Fonderie F &amp; A Caussard \u00e0 &hellip; <a href=\"https:\/\/montreux-vieux.net\/?page_id=14503\">Continuer la lecture <span class=\"meta-nav\">&rarr;<\/span><\/a><\/p>\n","protected":false},"author":1,"featured_media":0,"parent":13036,"menu_order":44,"comment_status":"closed","ping_status":"open","template":"","meta":{"footnotes":""},"class_list":["post-14503","page","type-page","status-publish","hentry"],"_links":{"self":[{"href":"https:\/\/montreux-vieux.net\/index.php?rest_route=\/wp\/v2\/pages\/14503","targetHints":{"allow":["GET"]}}],"collection":[{"href":"https:\/\/montreux-vieux.net\/index.php?rest_route=\/wp\/v2\/pages"}],"about":[{"href":"https:\/\/montreux-vieux.net\/index.php?rest_route=\/wp\/v2\/types\/page"}],"author":[{"embeddable":true,"href":"https:\/\/montreux-vieux.net\/index.php?rest_route=\/wp\/v2\/users\/1"}],"replies":[{"embeddable":true,"href":"https:\/\/montreux-vieux.net\/index.php?rest_route=%2Fwp%2Fv2%2Fcomments&post=14503"}],"version-history":[{"count":1,"href":"https:\/\/montreux-vieux.net\/index.php?rest_route=\/wp\/v2\/pages\/14503\/revisions"}],"predecessor-version":[{"id":14504,"href":"https:\/\/montreux-vieux.net\/index.php?rest_route=\/wp\/v2\/pages\/14503\/revisions\/14504"}],"up":[{"embeddable":true,"href":"https:\/\/montreux-vieux.net\/index.php?rest_route=\/wp\/v2\/pages\/13036"}],"wp:attachment":[{"href":"https:\/\/montreux-vieux.net\/index.php?rest_route=%2Fwp%2Fv2%2Fmedia&parent=14503"}],"curies":[{"name":"wp","href":"https:\/\/api.w.org\/{rel}","templated":true}]}}