{"id":14505,"date":"2019-02-03T10:50:05","date_gmt":"2019-02-03T09:50:05","guid":{"rendered":"http:\/\/montreux-vieux.net\/?page_id=14505"},"modified":"2019-02-03T10:50:05","modified_gmt":"2019-02-03T09:50:05","slug":"le-saviez-vous-la-prison-de-montreux-vieux","status":"publish","type":"page","link":"https:\/\/montreux-vieux.net\/?page_id=14505","title":{"rendered":"Le saviez-vous ? La prison de Montreux-Vieux"},"content":{"rendered":"\n<h3 class=\"wp-block-heading\" style=\"text-align:center\">Le saviez-vous ? La prison de Montreux-Vieux<\/h3>\n\n\n\n<h4 class=\"wp-block-heading\">Apr\u00e8s 1871, les allemands ont \u00e9rig\u00e9s \u00e0 Montreux-Vieux, une prison \u00e0 l&#8217;emplacement de l&rsquo;ancien caf\u00e9-restaurant (Thurlingue). Les cellules \u00e9taient au sous-sol avec des murs de plus d&rsquo;un m\u00e8tre d&rsquo;\u00e9paisseur. Au d\u00e9part des allemands le b\u00e2timent a chang\u00e9 de destination pour devenir un caf\u00e9-restaurant. A pr\u00e9sent des logements ont \u00a0remplac\u00e9s les parties r\u00e9serv\u00e9es au commerce.<\/h4>\n\n\n\n<figure class=\"wp-block-image\"><img decoding=\"async\" src=\"http:\/\/montreux-vieux.net\/montreux-vieux.net\/wp-content\/uploads\/2017\/04\/La-prison-de-Montreux-Vieuwx.jpg\" alt=\"\"\/><\/figure>\n","protected":false},"excerpt":{"rendered":"<p>Le saviez-vous ? La prison de Montreux-Vieux Apr\u00e8s 1871, les allemands ont \u00e9rig\u00e9s \u00e0 Montreux-Vieux, une prison \u00e0 l&#8217;emplacement de l&rsquo;ancien caf\u00e9-restaurant (Thurlingue). Les cellules \u00e9taient au sous-sol avec des murs de plus d&rsquo;un m\u00e8tre d&rsquo;\u00e9paisseur. Au d\u00e9part des allemands &hellip; <a href=\"https:\/\/montreux-vieux.net\/?page_id=14505\">Continuer la lecture <span class=\"meta-nav\">&rarr;<\/span><\/a><\/p>\n","protected":false},"author":1,"featured_media":0,"parent":13034,"menu_order":30,"comment_status":"closed","ping_status":"open","template":"","meta":{"footnotes":""},"class_list":["post-14505","page","type-page","status-publish","hentry"],"_links":{"self":[{"href":"https:\/\/montreux-vieux.net\/index.php?rest_route=\/wp\/v2\/pages\/14505","targetHints":{"allow":["GET"]}}],"collection":[{"href":"https:\/\/montreux-vieux.net\/index.php?rest_route=\/wp\/v2\/pages"}],"about":[{"href":"https:\/\/montreux-vieux.net\/index.php?rest_route=\/wp\/v2\/types\/page"}],"author":[{"embeddable":true,"href":"https:\/\/montreux-vieux.net\/index.php?rest_route=\/wp\/v2\/users\/1"}],"replies":[{"embeddable":true,"href":"https:\/\/montreux-vieux.net\/index.php?rest_route=%2Fwp%2Fv2%2Fcomments&post=14505"}],"version-history":[{"count":1,"href":"https:\/\/montreux-vieux.net\/index.php?rest_route=\/wp\/v2\/pages\/14505\/revisions"}],"predecessor-version":[{"id":14506,"href":"https:\/\/montreux-vieux.net\/index.php?rest_route=\/wp\/v2\/pages\/14505\/revisions\/14506"}],"up":[{"embeddable":true,"href":"https:\/\/montreux-vieux.net\/index.php?rest_route=\/wp\/v2\/pages\/13034"}],"wp:attachment":[{"href":"https:\/\/montreux-vieux.net\/index.php?rest_route=%2Fwp%2Fv2%2Fmedia&parent=14505"}],"curies":[{"name":"wp","href":"https:\/\/api.w.org\/{rel}","templated":true}]}}