{"id":14510,"date":"2019-02-03T10:57:11","date_gmt":"2019-02-03T09:57:11","guid":{"rendered":"http:\/\/montreux-vieux.net\/?page_id=14510"},"modified":"2019-02-03T10:57:11","modified_gmt":"2019-02-03T09:57:11","slug":"felix-lazarus-un-personnage-montreusien-important","status":"publish","type":"page","link":"https:\/\/montreux-vieux.net\/?page_id=14510","title":{"rendered":"F\u00e9lix Lazarus un personnage montreusien important."},"content":{"rendered":"\n<h3 class=\"wp-block-heading\" style=\"text-align:center\">F\u00e9lix Lazarus un personnage montreusien important.<\/h3>\n\n\n\n<div class=\"wp-block-image\"><figure class=\"aligncenter\"><a href=\"http:\/\/montreux-vieux.net\/montreux-vieux.net\/wp-content\/uploads\/2017\/04\/Lazarus-F\u00e9lix.jpg\" target=\"_blank\" rel=\"noreferrer noopener\"><img loading=\"lazy\" decoding=\"async\" width=\"945\" height=\"756\" src=\"http:\/\/montreux-vieux.net\/montreux-vieux.net\/wp-content\/uploads\/2017\/04\/Lazarus-F\u00e9lix.jpg\" alt=\"F\u00e9lix Lazarus un personnage montreusien important \" class=\"wp-image-8892\" srcset=\"https:\/\/montreux-vieux.net\/montreux-vieux.net\/wp-content\/uploads\/2017\/04\/Lazarus-F\u00e9lix.jpg 945w, https:\/\/montreux-vieux.net\/montreux-vieux.net\/wp-content\/uploads\/2017\/04\/Lazarus-F\u00e9lix-300x240.jpg 300w, https:\/\/montreux-vieux.net\/montreux-vieux.net\/wp-content\/uploads\/2017\/04\/Lazarus-F\u00e9lix-768x614.jpg 768w, https:\/\/montreux-vieux.net\/montreux-vieux.net\/wp-content\/uploads\/2017\/04\/Lazarus-F\u00e9lix-600x480.jpg 600w\" sizes=\"auto, (max-width: 945px) 100vw, 945px\" \/><\/a><\/figure><\/div>\n\n\n\n<h4 class=\"wp-block-heading\">Parmi les personnages &nbsp;importants de Montreux-Vieux, un homme, &nbsp;F\u00e9lix Lazarus n\u00e9 en 1929 &nbsp;qui a particip\u00e9 aux premi\u00e8res missions polaires en Terre Ad\u00e9lie notamment \u00e0 l\u2019hivernage Dumont d\u2019Urville de 1957, 1959, travaux de sondages de l&rsquo;ionosph\u00e8re ad\u00e9lienne. Ces missions \u00e9taient tr\u00e8s difficiles &nbsp;la temp\u00e9rature durant les mois d\u2019\u00e9t\u00e9 \u00e9tait de \u2013 40\u00b0 et \u2013 80\u00b0 l\u2019hiver. Il est d\u00e9c\u00e9d\u00e9 \u00e0 l\u2019\u00e2ge de 87 ans en avril 2016.<\/h4>\n","protected":false},"excerpt":{"rendered":"<p>F\u00e9lix Lazarus un personnage montreusien important. Parmi les personnages &nbsp;importants de Montreux-Vieux, un homme, &nbsp;F\u00e9lix Lazarus n\u00e9 en 1929 &nbsp;qui a particip\u00e9 aux premi\u00e8res missions polaires en Terre Ad\u00e9lie notamment \u00e0 l\u2019hivernage Dumont d\u2019Urville de 1957, 1959, travaux de sondages &hellip; <a href=\"https:\/\/montreux-vieux.net\/?page_id=14510\">Continuer la lecture <span class=\"meta-nav\">&rarr;<\/span><\/a><\/p>\n","protected":false},"author":1,"featured_media":0,"parent":4091,"menu_order":58,"comment_status":"closed","ping_status":"open","template":"","meta":{"footnotes":""},"class_list":["post-14510","page","type-page","status-publish","hentry"],"_links":{"self":[{"href":"https:\/\/montreux-vieux.net\/index.php?rest_route=\/wp\/v2\/pages\/14510","targetHints":{"allow":["GET"]}}],"collection":[{"href":"https:\/\/montreux-vieux.net\/index.php?rest_route=\/wp\/v2\/pages"}],"about":[{"href":"https:\/\/montreux-vieux.net\/index.php?rest_route=\/wp\/v2\/types\/page"}],"author":[{"embeddable":true,"href":"https:\/\/montreux-vieux.net\/index.php?rest_route=\/wp\/v2\/users\/1"}],"replies":[{"embeddable":true,"href":"https:\/\/montreux-vieux.net\/index.php?rest_route=%2Fwp%2Fv2%2Fcomments&post=14510"}],"version-history":[{"count":1,"href":"https:\/\/montreux-vieux.net\/index.php?rest_route=\/wp\/v2\/pages\/14510\/revisions"}],"predecessor-version":[{"id":14511,"href":"https:\/\/montreux-vieux.net\/index.php?rest_route=\/wp\/v2\/pages\/14510\/revisions\/14511"}],"up":[{"embeddable":true,"href":"https:\/\/montreux-vieux.net\/index.php?rest_route=\/wp\/v2\/pages\/4091"}],"wp:attachment":[{"href":"https:\/\/montreux-vieux.net\/index.php?rest_route=%2Fwp%2Fv2%2Fmedia&parent=14510"}],"curies":[{"name":"wp","href":"https:\/\/api.w.org\/{rel}","templated":true}]}}