{"id":14526,"date":"2019-02-03T12:09:30","date_gmt":"2019-02-03T11:09:30","guid":{"rendered":"http:\/\/montreux-vieux.net\/?page_id=14526"},"modified":"2019-02-03T12:09:30","modified_gmt":"2019-02-03T11:09:30","slug":"le-saviez-vous-de-la-contrebande-a-la-frontiere-allemande-de-montreux-vieux","status":"publish","type":"page","link":"https:\/\/montreux-vieux.net\/?page_id=14526","title":{"rendered":"Le saviez-vous ? De la contrebande \u00e0 la fronti\u00e8re Allemande de Montreux-Vieux"},"content":{"rendered":"\n<h3 class=\"wp-block-heading\" style=\"text-align:center\">Le saviez-vous&nbsp;? De la contrebande \u00e0 la fronti\u00e8re Allemande de Montreux-Vieux<\/h3>\n\n\n\n<h4 class=\"wp-block-heading\">En 1900 alors qu\u2019\u00e0 Montreux-Vieux se situait la gare fronti\u00e8re entre l\u2019Allemagne et la France \u00e9taient organis\u00e9s&nbsp;divers trafics. &nbsp;C\u2019est ainsi que sur d\u00e9nonciation un m\u00e9canicien et un chauffeur de train de la Compagnie des Chemins de Fer de l\u2019Est &nbsp;faisant le service entre Montreux-Vieux et Belfort ont \u00e9t\u00e9 arr\u00eat\u00e9s pour avoir pass\u00e9s et stock\u00e9s dans un r\u00e9servoir d\u2019eau 150 kg de phosphore.<\/h4>\n\n\n\n<h6 class=\"wp-block-heading\">Source\u00a0: La D\u00e9p\u00eache Tunisienne du 17 avril 1900 (Num\u00e9ro 3571)<\/h6>\n\n\n\n<div class=\"wp-block-image\"><figure class=\"aligncenter\"><a href=\"http:\/\/montreux-vieux.net\/montreux-vieux.net\/wp-content\/uploads\/2017\/05\/ScreenShot552.jpg\" target=\"_blank\" rel=\"noreferrer noopener\"><img loading=\"lazy\" decoding=\"async\" width=\"502\" height=\"508\" src=\"http:\/\/montreux-vieux.net\/montreux-vieux.net\/wp-content\/uploads\/2017\/05\/ScreenShot552.jpg\" alt=\"Le saviez-vous ? De la contrebande \u00e0 la fronti\u00e8re Allemande de Montreux-Vieux\" class=\"wp-image-9259\" srcset=\"https:\/\/montreux-vieux.net\/montreux-vieux.net\/wp-content\/uploads\/2017\/05\/ScreenShot552.jpg 502w, https:\/\/montreux-vieux.net\/montreux-vieux.net\/wp-content\/uploads\/2017\/05\/ScreenShot552-296x300.jpg 296w\" sizes=\"auto, (max-width: 502px) 100vw, 502px\" \/><\/a><\/figure><\/div>\n","protected":false},"excerpt":{"rendered":"<p>Le saviez-vous&nbsp;? De la contrebande \u00e0 la fronti\u00e8re Allemande de Montreux-Vieux En 1900 alors qu\u2019\u00e0 Montreux-Vieux se situait la gare fronti\u00e8re entre l\u2019Allemagne et la France \u00e9taient organis\u00e9s&nbsp;divers trafics. &nbsp;C\u2019est ainsi que sur d\u00e9nonciation un m\u00e9canicien et un chauffeur de &hellip; <a href=\"https:\/\/montreux-vieux.net\/?page_id=14526\">Continuer la lecture <span class=\"meta-nav\">&rarr;<\/span><\/a><\/p>\n","protected":false},"author":1,"featured_media":0,"parent":13013,"menu_order":54,"comment_status":"closed","ping_status":"open","template":"","meta":{"footnotes":""},"class_list":["post-14526","page","type-page","status-publish","hentry"],"_links":{"self":[{"href":"https:\/\/montreux-vieux.net\/index.php?rest_route=\/wp\/v2\/pages\/14526","targetHints":{"allow":["GET"]}}],"collection":[{"href":"https:\/\/montreux-vieux.net\/index.php?rest_route=\/wp\/v2\/pages"}],"about":[{"href":"https:\/\/montreux-vieux.net\/index.php?rest_route=\/wp\/v2\/types\/page"}],"author":[{"embeddable":true,"href":"https:\/\/montreux-vieux.net\/index.php?rest_route=\/wp\/v2\/users\/1"}],"replies":[{"embeddable":true,"href":"https:\/\/montreux-vieux.net\/index.php?rest_route=%2Fwp%2Fv2%2Fcomments&post=14526"}],"version-history":[{"count":1,"href":"https:\/\/montreux-vieux.net\/index.php?rest_route=\/wp\/v2\/pages\/14526\/revisions"}],"predecessor-version":[{"id":14527,"href":"https:\/\/montreux-vieux.net\/index.php?rest_route=\/wp\/v2\/pages\/14526\/revisions\/14527"}],"up":[{"embeddable":true,"href":"https:\/\/montreux-vieux.net\/index.php?rest_route=\/wp\/v2\/pages\/13013"}],"wp:attachment":[{"href":"https:\/\/montreux-vieux.net\/index.php?rest_route=%2Fwp%2Fv2%2Fmedia&parent=14526"}],"curies":[{"name":"wp","href":"https:\/\/api.w.org\/{rel}","templated":true}]}}