{"id":14535,"date":"2019-02-03T13:20:44","date_gmt":"2019-02-03T12:20:44","guid":{"rendered":"http:\/\/montreux-vieux.net\/?page_id=14535"},"modified":"2019-02-03T13:20:44","modified_gmt":"2019-02-03T12:20:44","slug":"mise-a-jour-de-larticle-montreux-vieux-et-ses-superbes-trains","status":"publish","type":"page","link":"https:\/\/montreux-vieux.net\/?page_id=14535","title":{"rendered":"Mise \u00e0 jour de l&rsquo;article \u00ab\u00a0Montreux-Vieux et ses superbes trains\u00a0\u00bb"},"content":{"rendered":"\n<h3 class=\"wp-block-heading\" style=\"text-align:center\">Mise \u00e0 jour de l&rsquo;article&nbsp;\u00ab\u00a0Montreux-Vieux et ses superbes trains\u00a0\u00bb<\/h3>\n\n\n\n<div class=\"wp-block-image\"><figure class=\"aligncenter\"><a href=\"http:\/\/montreux-vieux.net\/montreux-vieux.net\/wp-content\/uploads\/2016\/10\/PARISIAN.jpg\" rel=\"noopener noreferrer\"><img loading=\"lazy\" decoding=\"async\" width=\"944\" height=\"755\" src=\"http:\/\/montreux-vieux.net\/montreux-vieux.net\/wp-content\/uploads\/2016\/10\/PARISIAN.jpg\" alt=\"\" class=\"wp-image-7888\" srcset=\"https:\/\/montreux-vieux.net\/montreux-vieux.net\/wp-content\/uploads\/2016\/10\/PARISIAN.jpg 944w, https:\/\/montreux-vieux.net\/montreux-vieux.net\/wp-content\/uploads\/2016\/10\/PARISIAN-300x240.jpg 300w, https:\/\/montreux-vieux.net\/montreux-vieux.net\/wp-content\/uploads\/2016\/10\/PARISIAN-768x614.jpg 768w, https:\/\/montreux-vieux.net\/montreux-vieux.net\/wp-content\/uploads\/2016\/10\/PARISIAN-600x480.jpg 600w\" sizes=\"auto, (max-width: 944px) 100vw, 944px\" \/><\/a><figcaption>L&rsquo;Arbalette Paris- Zurich, le train sur pneus Paris Strasbourg (ses essais Belfort &#8211; Mulhouse) et la premi\u00e8re locomotive circulant avant 1914 \u00e0 Montreux-Vieux. Il y avait \u00e9galement un train sur pneus sur la ligne Paris-B\u00e2le qui s&rsquo;est renvers\u00e9 le 21 octobre 1952 \u00e0 cause d&rsquo;une vitesse excessive \u00e0 l&rsquo;entr\u00e9e du viaduc de Nogent -sur-Marne. Ces rames furent retir\u00e9es du service \u00e0 la date de l&rsquo;accident.<\/figcaption><\/figure><\/div>\n\n\n\n<h4 class=\"wp-block-heading\">Dans l&rsquo;article sur les superbes trains de Montreux-Vieux les pr\u00e9cisions suivantes ont \u00e9t\u00e9 incorpor\u00e9es.<\/h4>\n\n\n\n<h4 class=\"wp-block-heading\">Le 5 octobre 1952 est mis en service une rame sur pneude meme style de l&rsquo;autorail Michelin. L&rsquo;avantage \u00e9tait d&rsquo;augmenter l&rsquo;adh\u00e9rence des roues sur la voie et donc d&rsquo;augmenter la vitesse du train sans pour autant modifier le trac\u00e9 des voies et ainsi gagner du temps<\/h4>\n\n\n\n<h4 class=\"wp-block-heading\"><em>\u00ab\u00a0Il y avait \u00e9galement un train sur pneus sur la ligne Paris-B\u00e2le qui s&rsquo;est renvers\u00e9 le 21 octobre 1952 \u00e0 cause d&rsquo;une vitesse excessive \u00e0 l&rsquo;entr\u00e9e du viaduc de Nogent -sur-Marne. Ces rames furent retir\u00e9es du service \u00e0 la date de l&rsquo;accident.\u00a0\u00bb<\/em><\/h4>\n","protected":false},"excerpt":{"rendered":"<p>Mise \u00e0 jour de l&rsquo;article&nbsp;\u00ab\u00a0Montreux-Vieux et ses superbes trains\u00a0\u00bb Dans l&rsquo;article sur les superbes trains de Montreux-Vieux les pr\u00e9cisions suivantes ont \u00e9t\u00e9 incorpor\u00e9es. Le 5 octobre 1952 est mis en service une rame sur pneude meme style de l&rsquo;autorail Michelin. &hellip; <a href=\"https:\/\/montreux-vieux.net\/?page_id=14535\">Continuer la lecture <span class=\"meta-nav\">&rarr;<\/span><\/a><\/p>\n","protected":false},"author":1,"featured_media":0,"parent":13011,"menu_order":12,"comment_status":"closed","ping_status":"open","template":"","meta":{"footnotes":""},"class_list":["post-14535","page","type-page","status-publish","hentry"],"_links":{"self":[{"href":"https:\/\/montreux-vieux.net\/index.php?rest_route=\/wp\/v2\/pages\/14535","targetHints":{"allow":["GET"]}}],"collection":[{"href":"https:\/\/montreux-vieux.net\/index.php?rest_route=\/wp\/v2\/pages"}],"about":[{"href":"https:\/\/montreux-vieux.net\/index.php?rest_route=\/wp\/v2\/types\/page"}],"author":[{"embeddable":true,"href":"https:\/\/montreux-vieux.net\/index.php?rest_route=\/wp\/v2\/users\/1"}],"replies":[{"embeddable":true,"href":"https:\/\/montreux-vieux.net\/index.php?rest_route=%2Fwp%2Fv2%2Fcomments&post=14535"}],"version-history":[{"count":1,"href":"https:\/\/montreux-vieux.net\/index.php?rest_route=\/wp\/v2\/pages\/14535\/revisions"}],"predecessor-version":[{"id":14539,"href":"https:\/\/montreux-vieux.net\/index.php?rest_route=\/wp\/v2\/pages\/14535\/revisions\/14539"}],"up":[{"embeddable":true,"href":"https:\/\/montreux-vieux.net\/index.php?rest_route=\/wp\/v2\/pages\/13011"}],"wp:attachment":[{"href":"https:\/\/montreux-vieux.net\/index.php?rest_route=%2Fwp%2Fv2%2Fmedia&parent=14535"}],"curies":[{"name":"wp","href":"https:\/\/api.w.org\/{rel}","templated":true}]}}