{"id":14565,"date":"2019-02-03T14:31:33","date_gmt":"2019-02-03T13:31:33","guid":{"rendered":"http:\/\/montreux-vieux.net\/?page_id=14565"},"modified":"2019-02-03T14:31:33","modified_gmt":"2019-02-03T13:31:33","slug":"une-aubade-pour-les-70-ans-de-notre-ami-daniel-cuenin","status":"publish","type":"page","link":"https:\/\/montreux-vieux.net\/?page_id=14565","title":{"rendered":"Une aubade pour les 70 ans de notre ami Daniel Cuenin"},"content":{"rendered":"\n<h3 class=\"wp-block-heading\" style=\"text-align:center\">Une aubade pour les 70 ans de notre ami Daniel Cuenin<\/h3>\n\n\n\n<div class=\"wp-block-image\"><figure class=\"aligncenter\"><a href=\"http:\/\/montreux-vieux.net\/montreux-vieux.net\/wp-content\/uploads\/2017\/08\/P1020212.jpg\" target=\"_blank\" rel=\"noreferrer noopener\"><img decoding=\"async\" src=\"http:\/\/montreux-vieux.net\/montreux-vieux.net\/wp-content\/uploads\/2017\/08\/P1020212.jpg\" alt=\"\" class=\"wp-image-9540\"\/><\/a><\/figure><\/div>\n\n\n\n<h4 class=\"wp-block-heading\">Samedi dernier, 05 ao\u00fbt 2017, \u00e0 18h 30 la musique municipale de Ballersdorf &nbsp;a donn\u00e9 une aubade \u00e0 son membre, Daniel Cuenin \u00e0 l\u2019occasion de son 70 \u00e8me anniversaire, sous les fen\u00eatres de son domicile. A cette occasion toute sa famille, ses amis ainsi que les sapeurs-pompiers dont il \u00e9tait le chef &nbsp;une p\u00e9riode, &nbsp;\u00e9taient pr\u00e9sents.<\/h4>\n\n\n\n<h4 class=\"wp-block-heading\">Daniel Cuenin, bien connu au village \u00e9tait \u00e9galement conseiller municipal un certain temps, membre tr\u00e8s actif de l\u2019amicale des sapeurs-pompiers de Montreux-Vieux, ainsi que dans d\u2019autres associations ou amicales ou il \u00e9tait toujours pr\u00e8s \u00e0 rendre service.<\/h4>\n\n\n\n<h4 class=\"wp-block-heading\">Daniel \u00e9tait aussi trompettiste de l\u2019orchestre les \u00ab&nbsp;Silver Star&nbsp;\u00bb tr\u00e8s r\u00e9put\u00e9 \u00e0 l\u2019\u00e9poque et dont un pr\u00eatre cita encore son &nbsp;nom r\u00e9cemment.<\/h4>\n\n\n\n<h3 class=\"wp-block-heading\">Encore un joyeux anniversaire Daniel!!<\/h3>\n","protected":false},"excerpt":{"rendered":"<p>Une aubade pour les 70 ans de notre ami Daniel Cuenin Samedi dernier, 05 ao\u00fbt 2017, \u00e0 18h 30 la musique municipale de Ballersdorf &nbsp;a donn\u00e9 une aubade \u00e0 son membre, Daniel Cuenin \u00e0 l\u2019occasion de son 70 \u00e8me anniversaire, &hellip; <a href=\"https:\/\/montreux-vieux.net\/?page_id=14565\">Continuer la lecture <span class=\"meta-nav\">&rarr;<\/span><\/a><\/p>\n","protected":false},"author":1,"featured_media":0,"parent":13095,"menu_order":46,"comment_status":"closed","ping_status":"open","template":"","meta":{"footnotes":""},"class_list":["post-14565","page","type-page","status-publish","hentry"],"_links":{"self":[{"href":"https:\/\/montreux-vieux.net\/index.php?rest_route=\/wp\/v2\/pages\/14565","targetHints":{"allow":["GET"]}}],"collection":[{"href":"https:\/\/montreux-vieux.net\/index.php?rest_route=\/wp\/v2\/pages"}],"about":[{"href":"https:\/\/montreux-vieux.net\/index.php?rest_route=\/wp\/v2\/types\/page"}],"author":[{"embeddable":true,"href":"https:\/\/montreux-vieux.net\/index.php?rest_route=\/wp\/v2\/users\/1"}],"replies":[{"embeddable":true,"href":"https:\/\/montreux-vieux.net\/index.php?rest_route=%2Fwp%2Fv2%2Fcomments&post=14565"}],"version-history":[{"count":1,"href":"https:\/\/montreux-vieux.net\/index.php?rest_route=\/wp\/v2\/pages\/14565\/revisions"}],"predecessor-version":[{"id":14566,"href":"https:\/\/montreux-vieux.net\/index.php?rest_route=\/wp\/v2\/pages\/14565\/revisions\/14566"}],"up":[{"embeddable":true,"href":"https:\/\/montreux-vieux.net\/index.php?rest_route=\/wp\/v2\/pages\/13095"}],"wp:attachment":[{"href":"https:\/\/montreux-vieux.net\/index.php?rest_route=%2Fwp%2Fv2%2Fmedia&parent=14565"}],"curies":[{"name":"wp","href":"https:\/\/api.w.org\/{rel}","templated":true}]}}