{"id":14588,"date":"2019-02-03T15:12:21","date_gmt":"2019-02-03T14:12:21","guid":{"rendered":"http:\/\/montreux-vieux.net\/?page_id=14588"},"modified":"2019-02-03T15:12:21","modified_gmt":"2019-02-03T14:12:21","slug":"les-dernieres-messes-du-pere-piotr","status":"publish","type":"page","link":"https:\/\/montreux-vieux.net\/?page_id=14588","title":{"rendered":"Les derni\u00e8res messes du P\u00e8re Piotr"},"content":{"rendered":"\n<h3 class=\"wp-block-heading\" style=\"text-align:center\">Les derni\u00e8res messes du P\u00e8re Piotr<\/h3>\n\n\n\n<h4 class=\"wp-block-heading\">Le p\u00e8re Piotr dira ses derni\u00e8res messes prochainement. Il sera remplac\u00e9 par&nbsp;un&nbsp;\u00ab Oblat*&nbsp;\u00bb&nbsp;Olivier Peyrat nouveau charg\u00e9 d&rsquo;\u00e2mes. La messe d&rsquo;accueil de la nouvelle \u00e9quipe pastorale aura lieu \u00e0 Traubach dimanche 15 octobre 2017 \u00e0 15 h<\/h4>\n\n\n\n<h6 class=\"wp-block-heading\">* <em>Personne qui s\u2019est agr\u00e9g\u00e9e \u00e0 une communaut\u00e9 religieuse en lui faisant donation de ses biens et en promettant d\u2019observer un r\u00e8glement, mais sans prononcer les voeux et sans abandonner le costume la\u00efque. Religieux de certains ordres<\/em>.<\/h6>\n\n\n\n<div class=\"wp-block-image\"><figure class=\"aligncenter\"><a href=\"http:\/\/montreux-vieux.net\/montreux-vieux.net\/wp-content\/uploads\/2017\/09\/Coffee-is-a-language-in-itself..jpg\" target=\"_blank\" rel=\"noreferrer noopener\"><img loading=\"lazy\" decoding=\"async\" width=\"945\" height=\"756\" src=\"http:\/\/montreux-vieux.net\/montreux-vieux.net\/wp-content\/uploads\/2017\/09\/Coffee-is-a-language-in-itself..jpg\" alt=\"\" class=\"wp-image-9789\" srcset=\"https:\/\/montreux-vieux.net\/montreux-vieux.net\/wp-content\/uploads\/2017\/09\/Coffee-is-a-language-in-itself..jpg 945w, https:\/\/montreux-vieux.net\/montreux-vieux.net\/wp-content\/uploads\/2017\/09\/Coffee-is-a-language-in-itself.-300x240.jpg 300w, https:\/\/montreux-vieux.net\/montreux-vieux.net\/wp-content\/uploads\/2017\/09\/Coffee-is-a-language-in-itself.-768x614.jpg 768w, https:\/\/montreux-vieux.net\/montreux-vieux.net\/wp-content\/uploads\/2017\/09\/Coffee-is-a-language-in-itself.-600x480.jpg 600w\" sizes=\"auto, (max-width: 945px) 100vw, 945px\" \/><\/a><\/figure><\/div>\n","protected":false},"excerpt":{"rendered":"<p>Les derni\u00e8res messes du P\u00e8re Piotr Le p\u00e8re Piotr dira ses derni\u00e8res messes prochainement. Il sera remplac\u00e9 par&nbsp;un&nbsp;\u00ab Oblat*&nbsp;\u00bb&nbsp;Olivier Peyrat nouveau charg\u00e9 d&rsquo;\u00e2mes. La messe d&rsquo;accueil de la nouvelle \u00e9quipe pastorale aura lieu \u00e0 Traubach dimanche 15 octobre 2017 \u00e0 &hellip; <a href=\"https:\/\/montreux-vieux.net\/?page_id=14588\">Continuer la lecture <span class=\"meta-nav\">&rarr;<\/span><\/a><\/p>\n","protected":false},"author":1,"featured_media":0,"parent":13028,"menu_order":20,"comment_status":"closed","ping_status":"open","template":"","meta":{"footnotes":""},"class_list":["post-14588","page","type-page","status-publish","hentry"],"_links":{"self":[{"href":"https:\/\/montreux-vieux.net\/index.php?rest_route=\/wp\/v2\/pages\/14588","targetHints":{"allow":["GET"]}}],"collection":[{"href":"https:\/\/montreux-vieux.net\/index.php?rest_route=\/wp\/v2\/pages"}],"about":[{"href":"https:\/\/montreux-vieux.net\/index.php?rest_route=\/wp\/v2\/types\/page"}],"author":[{"embeddable":true,"href":"https:\/\/montreux-vieux.net\/index.php?rest_route=\/wp\/v2\/users\/1"}],"replies":[{"embeddable":true,"href":"https:\/\/montreux-vieux.net\/index.php?rest_route=%2Fwp%2Fv2%2Fcomments&post=14588"}],"version-history":[{"count":1,"href":"https:\/\/montreux-vieux.net\/index.php?rest_route=\/wp\/v2\/pages\/14588\/revisions"}],"predecessor-version":[{"id":14589,"href":"https:\/\/montreux-vieux.net\/index.php?rest_route=\/wp\/v2\/pages\/14588\/revisions\/14589"}],"up":[{"embeddable":true,"href":"https:\/\/montreux-vieux.net\/index.php?rest_route=\/wp\/v2\/pages\/13028"}],"wp:attachment":[{"href":"https:\/\/montreux-vieux.net\/index.php?rest_route=%2Fwp%2Fv2%2Fmedia&parent=14588"}],"curies":[{"name":"wp","href":"https:\/\/api.w.org\/{rel}","templated":true}]}}