{"id":14590,"date":"2019-02-03T15:15:43","date_gmt":"2019-02-03T14:15:43","guid":{"rendered":"http:\/\/montreux-vieux.net\/?page_id=14590"},"modified":"2020-02-13T14:49:02","modified_gmt":"2020-02-13T13:49:02","slug":"une-equipe-de-boulistes-a-montreux-vieux","status":"publish","type":"page","link":"https:\/\/montreux-vieux.net\/?page_id=14590","title":{"rendered":"Une \u00e9quipe de boulistes \u00e0 Montreux-Vieux"},"content":{"rendered":"\n<h3 class=\"has-text-align-center wp-block-heading\">Une \u00e9quipe de boulistes \u00e0 Montreux-Vieux<\/h3>\n\n\n\n<h4 class=\"wp-block-heading\">Depuis quelques temps d\u00e9j\u00e0, quelques joueurs de boules se rencontrent r\u00e9guli\u00e8rement devant les terrains de tennis de Montreux-Vieux. Lors de ces rencontres amateurs et professionnels se regroupent pour le plaisir de tirer ou pointer&nbsp; quelques boules dans une ambiance chaleureuse et conviviale. Que vous soyez jeunes, retrait\u00e9s, ou autres, de Montreux-Vieux ou d\u2019ailleurs n\u2019h\u00e9sitez pas \u00e0 rejoindre ce groupe bien sympathique, Renseignements sur place.<\/h4>\n\n\n\n<div class=\"wp-block-image\"><figure class=\"aligncenter\"><a href=\"http:\/\/montreux-vieux.net\/montreux-vieux.net\/wp-content\/uploads\/2017\/09\/Montreux-Vieux-6.jpg\" target=\"_blank\" rel=\"noreferrer noopener\"><img loading=\"lazy\" decoding=\"async\" width=\"945\" height=\"756\" src=\"http:\/\/montreux-vieux.net\/montreux-vieux.net\/wp-content\/uploads\/2017\/09\/Montreux-Vieux-6.jpg\" alt=\"Les boulistes de Montreux-Vieux\" class=\"wp-image-9785\" srcset=\"https:\/\/montreux-vieux.net\/montreux-vieux.net\/wp-content\/uploads\/2017\/09\/Montreux-Vieux-6.jpg 945w, https:\/\/montreux-vieux.net\/montreux-vieux.net\/wp-content\/uploads\/2017\/09\/Montreux-Vieux-6-300x240.jpg 300w, https:\/\/montreux-vieux.net\/montreux-vieux.net\/wp-content\/uploads\/2017\/09\/Montreux-Vieux-6-768x614.jpg 768w, https:\/\/montreux-vieux.net\/montreux-vieux.net\/wp-content\/uploads\/2017\/09\/Montreux-Vieux-6-600x480.jpg 600w\" sizes=\"auto, (max-width: 945px) 100vw, 945px\" \/><\/a><\/figure><\/div>\n\n\n\n<p> Une nouvelle Association \u00e0 Montreux-Vieux (LBM) La Boule Montreusienne Elle propose la pratique de la p\u00e9tanque. L&rsquo;Assembl\u00e9e G\u00e9n\u00e9rale aura lieu \u00e0 la salle des associations du Temple samedi 23 f\u00e9vrier 2019 \u00e0 10 h <\/p>\n\n\n\n<div class=\"wp-block-image\"><figure class=\"aligncenter\"><img decoding=\"async\" src=\"http:\/\/montreux-vieux.net\/montreux-vieux.net\/wp-content\/uploads\/2019\/02\/ScreenShot1533.jpg\" alt=\"L\u2019attribut alt de cette image est vide, son nom de fichier est ScreenShot1533.jpg.\"\/><\/figure><\/div>\n\n\n\n<p><\/p>\n","protected":false},"excerpt":{"rendered":"<p>Une \u00e9quipe de boulistes \u00e0 Montreux-Vieux Depuis quelques temps d\u00e9j\u00e0, quelques joueurs de boules se rencontrent r\u00e9guli\u00e8rement devant les terrains de tennis de Montreux-Vieux. Lors de ces rencontres amateurs et professionnels se regroupent pour le plaisir de tirer ou pointer&nbsp; &hellip; <a href=\"https:\/\/montreux-vieux.net\/?page_id=14590\">Continuer la lecture <span class=\"meta-nav\">&rarr;<\/span><\/a><\/p>\n","protected":false},"author":1,"featured_media":0,"parent":12802,"menu_order":32,"comment_status":"closed","ping_status":"open","template":"","meta":{"footnotes":""},"class_list":["post-14590","page","type-page","status-publish","hentry"],"_links":{"self":[{"href":"https:\/\/montreux-vieux.net\/index.php?rest_route=\/wp\/v2\/pages\/14590","targetHints":{"allow":["GET"]}}],"collection":[{"href":"https:\/\/montreux-vieux.net\/index.php?rest_route=\/wp\/v2\/pages"}],"about":[{"href":"https:\/\/montreux-vieux.net\/index.php?rest_route=\/wp\/v2\/types\/page"}],"author":[{"embeddable":true,"href":"https:\/\/montreux-vieux.net\/index.php?rest_route=\/wp\/v2\/users\/1"}],"replies":[{"embeddable":true,"href":"https:\/\/montreux-vieux.net\/index.php?rest_route=%2Fwp%2Fv2%2Fcomments&post=14590"}],"version-history":[{"count":3,"href":"https:\/\/montreux-vieux.net\/index.php?rest_route=\/wp\/v2\/pages\/14590\/revisions"}],"predecessor-version":[{"id":18865,"href":"https:\/\/montreux-vieux.net\/index.php?rest_route=\/wp\/v2\/pages\/14590\/revisions\/18865"}],"up":[{"embeddable":true,"href":"https:\/\/montreux-vieux.net\/index.php?rest_route=\/wp\/v2\/pages\/12802"}],"wp:attachment":[{"href":"https:\/\/montreux-vieux.net\/index.php?rest_route=%2Fwp%2Fv2%2Fmedia&parent=14590"}],"curies":[{"name":"wp","href":"https:\/\/api.w.org\/{rel}","templated":true}]}}