{"id":14593,"date":"2019-02-03T15:26:09","date_gmt":"2019-02-03T14:26:09","guid":{"rendered":"http:\/\/montreux-vieux.net\/?page_id=14593"},"modified":"2019-02-03T15:26:09","modified_gmt":"2019-02-03T14:26:09","slug":"a-lire-cet-ete-dannemarie-a-travers-les-ages-tome-i-ii-et-iii","status":"publish","type":"page","link":"https:\/\/montreux-vieux.net\/?page_id=14593","title":{"rendered":"A lire cet \u00e9t\u00e9 \u00ab Dannemarie \u00e0 travers les \u00e2ges \u00bb Tome I, II et III"},"content":{"rendered":"\n<h3 class=\"wp-block-heading\" style=\"text-align:center\">A lire cet \u00e9t\u00e9 \u00ab&nbsp;Dannemarie \u00e0 travers les \u00e2ges&nbsp;\u00bb Tome I, II et III<\/h3>\n\n\n\n<h4 class=\"wp-block-heading\">\u00c9crit par Laure Stefanczin et Jean-Michel Pfirsch le livre \u00ab\u00a0Dannemarie \u00e0 travers les \u00e2ges\u00a0\u00bb &nbsp;le tome II est paru en mars 2016 et le tome III en octobre 2016. L\u2019ouvrage fera le bonheur de tous les passionn\u00e9s de l&rsquo;histoire de notre r\u00e9gion, \u00ab\u00a0histoire\u00a0\u00bb avec un petit ou un grand H !<\/h4>\n\n\n\n<h4 class=\"wp-block-heading\">Que savons-nous du pass\u00e9 de nos petites villes et des villages du Sundgau ? Pas grand-chose ou presque rien\u2026 Ou tout simplement, est-ce que la curiosit\u00e9 pour les petites et grandes histoires des habitants de notre r\u00e9gion est-il minime ou peut-\u00eatre inexistante ? Et pourtant, quelle richesse dans la vie de tous ceux qui nous ont pr\u00e9c\u00e9d\u00e9s. Leur vie quotidienne \u00e9tait bien plus difficile que la n\u00f4tre, ils \u00e9taient ballot\u00e9s et malmen\u00e9s par les vicissitudes de l\u2019Histoire.<\/h4>\n\n\n\n<h4 class=\"wp-block-heading\">Enferm\u00e9 dans notre bulle protectrice, pouvons-nous imaginer l\u2019insalubrit\u00e9 et le risque de propagation des maladies qui \u00e9taient courants \u00e0 la fin du 18e si\u00e8cle ? Comment conna\u00eetre les conditions de vie de nos paysans et citadins sundgauviens de cette \u00e9poque ?<\/h4>\n\n\n\n<div class=\"wp-block-image\"><figure class=\"aligncenter\"><a href=\"http:\/\/montreux-vieux.net\/montreux-vieux.net\/wp-content\/uploads\/2016\/10\/ScreenShot270.jpg\" target=\"_blank\" rel=\"noreferrer noopener\"><img loading=\"lazy\" decoding=\"async\" width=\"476\" height=\"473\" src=\"http:\/\/montreux-vieux.net\/montreux-vieux.net\/wp-content\/uploads\/2016\/10\/ScreenShot270.jpg\" alt=\"A lire cet \u00e9t\u00e9 \u00ab\u00a0Dannemarie \u00e0 travers les \u00e2ges\u00a0\u00bb Tome I, II et III\" class=\"wp-image-8275\" srcset=\"https:\/\/montreux-vieux.net\/montreux-vieux.net\/wp-content\/uploads\/2016\/10\/ScreenShot270.jpg 476w, https:\/\/montreux-vieux.net\/montreux-vieux.net\/wp-content\/uploads\/2016\/10\/ScreenShot270-150x150.jpg 150w, https:\/\/montreux-vieux.net\/montreux-vieux.net\/wp-content\/uploads\/2016\/10\/ScreenShot270-300x298.jpg 300w\" sizes=\"auto, (max-width: 476px) 100vw, 476px\" \/><\/a><\/figure><\/div>\n\n\n\n<h4 class=\"wp-block-heading\">Je vais vous faire une confidence :<\/h4>\n\n\n\n<h4 class=\"wp-block-heading\">Lisez l\u2019ouvrage&nbsp;\u00ab&nbsp;Dannemarie \u00e0 travers les \u00e2ges&nbsp;\u00bb, le tome II. \u00c9crit par Laure Stefanczin et Jean-Michel Pfirsch, ce livre est une mine d\u2019informations sur notre pass\u00e9. Les auteurs ont compuls\u00e9 une multitude d\u2019archives paroissiales, municipales et d\u00e9partementales, et le r\u00e9sultat est un livre instructif tout en restant attrayant car truff\u00e9 de nombreuses anecdotes passionnantes.<\/h4>\n\n\n\n<h4 class=\"wp-block-heading\">Petite ville nich\u00e9e au c\u0153ur du Sundgau, Dannemarie est peut-\u00eatre votre lieu de naissance ou d\u2019habitation ou tout simplement votre lieu de destination pour faire quelques achats ou promenades. Bien que centr\u00e9 sur cette ville, le livre d\u00e9taille toute une vie de labeur, de \u00ab&nbsp;vivre ensemble&nbsp;\u00bb dans le quotidien, de querelles entre le conseil municipal et les administr\u00e9s, de d\u00e9tails croustillants sur petits et grands larcins\u2026 le tout sur un fond historique.&nbsp; Bref, une vie de tous les jours entre 1789 (la R\u00e9volution) et 1869 (l\u2019ann\u00e9e avant l\u2019arriv\u00e9e des Prussiens).<\/h4>\n\n\n\n<h4 class=\"wp-block-heading\">Lisez \u00e9galement \u00ab&nbsp;Dannemarie \u00e0 travers les \u00e2ges&nbsp;\u00bb, le tome III \u00e9crit par Alexandre Berbett l\u2019histoire de l\u2019Empire Allemand \u00e0 2015 avec son Th\u00e8me \u00ab&nbsp;M\u00e9moire des Dannemariens \/M\u00e9moire de Danemarie \u00ab&nbsp; 15 t\u00e9moignages recueillis aupr\u00e8s d\u2019anciens par Alexandre Berbett, Laure St\u00e9fancyn et Jean Michel Pfirsch<\/h4>\n","protected":false},"excerpt":{"rendered":"<p>A lire cet \u00e9t\u00e9 \u00ab&nbsp;Dannemarie \u00e0 travers les \u00e2ges&nbsp;\u00bb Tome I, II et III \u00c9crit par Laure Stefanczin et Jean-Michel Pfirsch le livre \u00ab\u00a0Dannemarie \u00e0 travers les \u00e2ges\u00a0\u00bb &nbsp;le tome II est paru en mars 2016 et le tome III &hellip; <a href=\"https:\/\/montreux-vieux.net\/?page_id=14593\">Continuer la lecture <span class=\"meta-nav\">&rarr;<\/span><\/a><\/p>\n","protected":false},"author":1,"featured_media":0,"parent":13095,"menu_order":48,"comment_status":"closed","ping_status":"open","template":"","meta":{"footnotes":""},"class_list":["post-14593","page","type-page","status-publish","hentry"],"_links":{"self":[{"href":"https:\/\/montreux-vieux.net\/index.php?rest_route=\/wp\/v2\/pages\/14593","targetHints":{"allow":["GET"]}}],"collection":[{"href":"https:\/\/montreux-vieux.net\/index.php?rest_route=\/wp\/v2\/pages"}],"about":[{"href":"https:\/\/montreux-vieux.net\/index.php?rest_route=\/wp\/v2\/types\/page"}],"author":[{"embeddable":true,"href":"https:\/\/montreux-vieux.net\/index.php?rest_route=\/wp\/v2\/users\/1"}],"replies":[{"embeddable":true,"href":"https:\/\/montreux-vieux.net\/index.php?rest_route=%2Fwp%2Fv2%2Fcomments&post=14593"}],"version-history":[{"count":1,"href":"https:\/\/montreux-vieux.net\/index.php?rest_route=\/wp\/v2\/pages\/14593\/revisions"}],"predecessor-version":[{"id":14594,"href":"https:\/\/montreux-vieux.net\/index.php?rest_route=\/wp\/v2\/pages\/14593\/revisions\/14594"}],"up":[{"embeddable":true,"href":"https:\/\/montreux-vieux.net\/index.php?rest_route=\/wp\/v2\/pages\/13095"}],"wp:attachment":[{"href":"https:\/\/montreux-vieux.net\/index.php?rest_route=%2Fwp%2Fv2%2Fmedia&parent=14593"}],"curies":[{"name":"wp","href":"https:\/\/api.w.org\/{rel}","templated":true}]}}