{"id":14597,"date":"2019-02-03T15:30:45","date_gmt":"2019-02-03T14:30:45","guid":{"rendered":"http:\/\/montreux-vieux.net\/?page_id=14597"},"modified":"2019-02-03T15:30:45","modified_gmt":"2019-02-03T14:30:45","slug":"un-artisan-montreusien-philippe-rein-a-cree-le-garage-franche-comte-decouvrez-pr-pneus","status":"publish","type":"page","link":"https:\/\/montreux-vieux.net\/?page_id=14597","title":{"rendered":"Un artisan montreusien, Philippe Rein, a cr\u00e9\u00e9 Le  Garage Franche Comt\u00e9 : d\u00e9couvrez PR-PNEUS"},"content":{"rendered":"\n<h3 class=\"wp-block-heading\" style=\"text-align:center\">Un artisan montreusien, Philippe Rein, a cr\u00e9\u00e9 Le &nbsp;Garage Franche Comt\u00e9 : d\u00e9couvrez PR-PNEUS<\/h3>\n\n\n\n<div class=\"wp-block-image\"><figure class=\"aligncenter\"><a href=\"http:\/\/montreux-vieux.net\/montreux-vieux.net\/wp-content\/uploads\/2017\/12\/ESTINATION.jpg\" target=\"_blank\" rel=\"noreferrer noopener\"><img loading=\"lazy\" decoding=\"async\" width=\"945\" height=\"756\" src=\"http:\/\/montreux-vieux.net\/montreux-vieux.net\/wp-content\/uploads\/2017\/12\/ESTINATION.jpg\" alt=\"\" class=\"wp-image-10155\" srcset=\"https:\/\/montreux-vieux.net\/montreux-vieux.net\/wp-content\/uploads\/2017\/12\/ESTINATION.jpg 945w, https:\/\/montreux-vieux.net\/montreux-vieux.net\/wp-content\/uploads\/2017\/12\/ESTINATION-300x240.jpg 300w, https:\/\/montreux-vieux.net\/montreux-vieux.net\/wp-content\/uploads\/2017\/12\/ESTINATION-768x614.jpg 768w, https:\/\/montreux-vieux.net\/montreux-vieux.net\/wp-content\/uploads\/2017\/12\/ESTINATION-600x480.jpg 600w\" sizes=\"auto, (max-width: 945px) 100vw, 945px\" \/><\/a><\/figure><\/div>\n\n\n\n<h4 class=\"wp-block-heading\">Install\u00e9 \u00e0 Montreux-Ch\u00e2teau depuis 2008, le garage PR-PNEUS vous accompagne depuis de nombreuses ann\u00e9es lors de vos r\u00e9parations automobiles, avec une sp\u00e9cialisation dans la vente et le montage de pneus.<\/h4>\n\n\n\n<h4 class=\"wp-block-heading\"><strong>Une \u00e9quipe de garage (Franche Comt\u00e9) \u00e0 votre service<\/strong><\/h4>\n\n\n\n<h4 class=\"wp-block-heading\">Pour vous permettre de rouler en toute s\u00e9r\u00e9nit\u00e9 et en toute s\u00e9curit\u00e9, le&nbsp;garage (Montreux Chateau)&nbsp;PR-PNEUS est compos\u00e9 d&rsquo;une grande \u00e9quipe de garagistes et de professionnels qui sauront trouver la solution \u00e0 votre probl\u00e8me ou bien \u00e0 celui de votre voiture. Alliant un service client \u00e0 votre disposition et des tarifs tr\u00e8s avantageux, tout est r\u00e9uni pour vous permettre de recommencer \u00e0 rouler au plus vite.<\/h4>\n\n\n\n<h4 class=\"wp-block-heading\"><strong>Un garage en Franche Comt\u00e9&#8230; mais aussi en ligne \u00e0 l\u2019adresse http:\/\/www.pr-pneus-garage.fr<\/strong><\/h4>\n\n\n\n<h4 class=\"wp-block-heading\">Afin de vous permettre de gagner un temps pr\u00e9cieux quand votre voiture est en panne ou que vous avez un pneu crev\u00e9, PR-PNEUS vous propose d\u00e9sormais toute une gamme de r\u00e9parations m\u00e9caniques et&nbsp;pneu en Franche Comt\u00e9&nbsp;directement en ligne. Retrouvez tout le d\u00e9tail des forfaits et des tarifs dans les pages d\u00e9di\u00e9es, demandez un devis et r\u00e9servez votre r\u00e9parations directement en ligne. Il ne vous restera plus qu&rsquo;\u00e0 vous pr\u00e9senter \u00e0 l&rsquo;heure convenue et \u00e0 r\u00e9gler la prestation afin de pouvoir retrouver votre voiture en un clin d\u2019\u0153il.<\/h4>\n\n\n\n<h4 class=\"wp-block-heading\">N&rsquo;attendez plus et faites confiance au garage de&nbsp;<strong>Franche Comt\u00e9 PR-PNEUS<\/strong>&nbsp;!<\/h4>\n\n\n\n<h4 class=\"wp-block-heading\">Bravo \u00e0 ce montreusien.<\/h4>\n","protected":false},"excerpt":{"rendered":"<p>Un artisan montreusien, Philippe Rein, a cr\u00e9\u00e9 Le &nbsp;Garage Franche Comt\u00e9 : d\u00e9couvrez PR-PNEUS Install\u00e9 \u00e0 Montreux-Ch\u00e2teau depuis 2008, le garage PR-PNEUS vous accompagne depuis de nombreuses ann\u00e9es lors de vos r\u00e9parations automobiles, avec une sp\u00e9cialisation dans la vente et &hellip; <a href=\"https:\/\/montreux-vieux.net\/?page_id=14597\">Continuer la lecture <span class=\"meta-nav\">&rarr;<\/span><\/a><\/p>\n","protected":false},"author":1,"featured_media":0,"parent":13095,"menu_order":50,"comment_status":"closed","ping_status":"open","template":"","meta":{"footnotes":""},"class_list":["post-14597","page","type-page","status-publish","hentry"],"_links":{"self":[{"href":"https:\/\/montreux-vieux.net\/index.php?rest_route=\/wp\/v2\/pages\/14597","targetHints":{"allow":["GET"]}}],"collection":[{"href":"https:\/\/montreux-vieux.net\/index.php?rest_route=\/wp\/v2\/pages"}],"about":[{"href":"https:\/\/montreux-vieux.net\/index.php?rest_route=\/wp\/v2\/types\/page"}],"author":[{"embeddable":true,"href":"https:\/\/montreux-vieux.net\/index.php?rest_route=\/wp\/v2\/users\/1"}],"replies":[{"embeddable":true,"href":"https:\/\/montreux-vieux.net\/index.php?rest_route=%2Fwp%2Fv2%2Fcomments&post=14597"}],"version-history":[{"count":1,"href":"https:\/\/montreux-vieux.net\/index.php?rest_route=\/wp\/v2\/pages\/14597\/revisions"}],"predecessor-version":[{"id":14598,"href":"https:\/\/montreux-vieux.net\/index.php?rest_route=\/wp\/v2\/pages\/14597\/revisions\/14598"}],"up":[{"embeddable":true,"href":"https:\/\/montreux-vieux.net\/index.php?rest_route=\/wp\/v2\/pages\/13095"}],"wp:attachment":[{"href":"https:\/\/montreux-vieux.net\/index.php?rest_route=%2Fwp%2Fv2%2Fmedia&parent=14597"}],"curies":[{"name":"wp","href":"https:\/\/api.w.org\/{rel}","templated":true}]}}