{"id":14601,"date":"2019-02-03T15:45:28","date_gmt":"2019-02-03T14:45:28","guid":{"rendered":"http:\/\/montreux-vieux.net\/?page_id=14601"},"modified":"2019-02-03T15:45:28","modified_gmt":"2019-02-03T14:45:28","slug":"le-saviez-vous-montreux-vieux-avait-deux-chateaux-deau","status":"publish","type":"page","link":"https:\/\/montreux-vieux.net\/?page_id=14601","title":{"rendered":"Le saviez-vous? Montreux-Vieux avait deux ch\u00e2teaux d&rsquo;eau ?"},"content":{"rendered":"\n<h2 class=\"wp-block-heading\" style=\"text-align:center\">Le saviez-vous? Montreux-Vieux avait deux ch\u00e2teaux d&rsquo;eau ?<\/h2>\n\n\n\n<figure class=\"wp-block-image\"><img decoding=\"async\" src=\"http:\/\/montreux-vieux.net\/montreux-vieux.net\/wp-content\/uploads\/2017\/10\/get-the.jpg\" alt=\"\"\/><\/figure>\n\n\n\n<p>\n\nMontreux-Vieux avait deux ch\u00e2teaux d\u2019eau. Un ch\u00e2teau d\u2019eau appartenant \u00e0 la SNCF destin\u00e9 \u00e0 alimenter toutes les installations de la gare, du buffet de la gare ainsi que les locomotives \u00e0 vapeur. Il a \u00e9t\u00e9 d\u00e9moli il y a quelques ann\u00e9es. Le second est celui dont est propri\u00e9taire la commune, construit en 1938 par l\u2019Ing\u00e9nieur Othon Sauer de Strasbourg. C\u2019est gr\u00e2ce \u00e0 l\u2019ami de Catt\u00e9 C\u00e9lestin alors maire, le Ministre des Travaux Public, Lo Frossard, que la construction a pu \u00eatre subventionn\u00e9e et r\u00e9alis\u00e9e.\n\n<\/p>\n","protected":false},"excerpt":{"rendered":"<p>Le saviez-vous? Montreux-Vieux avait deux ch\u00e2teaux d&rsquo;eau ? Montreux-Vieux avait deux ch\u00e2teaux d\u2019eau. Un ch\u00e2teau d\u2019eau appartenant \u00e0 la SNCF destin\u00e9 \u00e0 alimenter toutes les installations de la gare, du buffet de la gare ainsi que les locomotives \u00e0 vapeur. &hellip; <a href=\"https:\/\/montreux-vieux.net\/?page_id=14601\">Continuer la lecture <span class=\"meta-nav\">&rarr;<\/span><\/a><\/p>\n","protected":false},"author":1,"featured_media":0,"parent":13036,"menu_order":48,"comment_status":"closed","ping_status":"open","template":"","meta":{"footnotes":""},"class_list":["post-14601","page","type-page","status-publish","hentry"],"_links":{"self":[{"href":"https:\/\/montreux-vieux.net\/index.php?rest_route=\/wp\/v2\/pages\/14601","targetHints":{"allow":["GET"]}}],"collection":[{"href":"https:\/\/montreux-vieux.net\/index.php?rest_route=\/wp\/v2\/pages"}],"about":[{"href":"https:\/\/montreux-vieux.net\/index.php?rest_route=\/wp\/v2\/types\/page"}],"author":[{"embeddable":true,"href":"https:\/\/montreux-vieux.net\/index.php?rest_route=\/wp\/v2\/users\/1"}],"replies":[{"embeddable":true,"href":"https:\/\/montreux-vieux.net\/index.php?rest_route=%2Fwp%2Fv2%2Fcomments&post=14601"}],"version-history":[{"count":1,"href":"https:\/\/montreux-vieux.net\/index.php?rest_route=\/wp\/v2\/pages\/14601\/revisions"}],"predecessor-version":[{"id":14608,"href":"https:\/\/montreux-vieux.net\/index.php?rest_route=\/wp\/v2\/pages\/14601\/revisions\/14608"}],"up":[{"embeddable":true,"href":"https:\/\/montreux-vieux.net\/index.php?rest_route=\/wp\/v2\/pages\/13036"}],"wp:attachment":[{"href":"https:\/\/montreux-vieux.net\/index.php?rest_route=%2Fwp%2Fv2%2Fmedia&parent=14601"}],"curies":[{"name":"wp","href":"https:\/\/api.w.org\/{rel}","templated":true}]}}