{"id":14723,"date":"2019-02-05T11:58:07","date_gmt":"2019-02-05T10:58:07","guid":{"rendered":"http:\/\/montreux-vieux.net\/?page_id=14723"},"modified":"2019-02-05T11:58:07","modified_gmt":"2019-02-05T10:58:07","slug":"une-ancienne-photo-de-notre-amie-carole","status":"publish","type":"page","link":"https:\/\/montreux-vieux.net\/?page_id=14723","title":{"rendered":"Une ancienne photo de notre amie Carole"},"content":{"rendered":"\n<h3 class=\"wp-block-heading\" style=\"text-align:center\">Une ancienne photo de notre amie Carole<\/h3>\n\n\n\n<h4 class=\"wp-block-heading\">Equipe des cadetes de la saison 1968\/1969, photo prise apr\u00e8s la victoire du tournoi de Balschwiller<\/h4>\n\n\n\n<div class=\"wp-block-image\"><figure class=\"aligncenter\"><a href=\"http:\/\/montreux-vieux.net\/montreux-vieux.net\/wp-content\/uploads\/2017\/09\/jeannot.jpg\" rel=\"noopener\"><img loading=\"lazy\" decoding=\"async\" width=\"587\" height=\"402\" src=\"http:\/\/montreux-vieux.net\/montreux-vieux.net\/wp-content\/uploads\/2017\/09\/jeannot.jpg\" alt=\"\" class=\"wp-image-9768\" srcset=\"https:\/\/montreux-vieux.net\/montreux-vieux.net\/wp-content\/uploads\/2017\/09\/jeannot.jpg 587w, https:\/\/montreux-vieux.net\/montreux-vieux.net\/wp-content\/uploads\/2017\/09\/jeannot-300x205.jpg 300w\" sizes=\"auto, (max-width: 587px) 100vw, 587px\" \/><\/a><figcaption>Accroupis de gauche \u00e0 droite: H\u00e9g\u00e9l\u00e9 Fran\u00e7ois, Modena Jean Pierre, Braunstedter Daniel, Quiquerez Claude, Finck Jean Luc, Barbier Alain. Debouts de gauche \u00e0 droite: H\u00e9g\u00e9l\u00e9 Daniel Freyburger Jean, Wilhelm Patrick Brunner Alain, Holbein Jean, Garessus Jean Paul, M.Barthomeuf. Merci \u00e0 Jeannot pour ton aide.<\/figcaption><\/figure><\/div>\n","protected":false},"excerpt":{"rendered":"<p>Une ancienne photo de notre amie Carole Equipe des cadetes de la saison 1968\/1969, photo prise apr\u00e8s la victoire du tournoi de Balschwiller<\/p>\n","protected":false},"author":1,"featured_media":0,"parent":14472,"menu_order":8,"comment_status":"closed","ping_status":"open","template":"","meta":{"footnotes":""},"class_list":["post-14723","page","type-page","status-publish","hentry"],"_links":{"self":[{"href":"https:\/\/montreux-vieux.net\/index.php?rest_route=\/wp\/v2\/pages\/14723","targetHints":{"allow":["GET"]}}],"collection":[{"href":"https:\/\/montreux-vieux.net\/index.php?rest_route=\/wp\/v2\/pages"}],"about":[{"href":"https:\/\/montreux-vieux.net\/index.php?rest_route=\/wp\/v2\/types\/page"}],"author":[{"embeddable":true,"href":"https:\/\/montreux-vieux.net\/index.php?rest_route=\/wp\/v2\/users\/1"}],"replies":[{"embeddable":true,"href":"https:\/\/montreux-vieux.net\/index.php?rest_route=%2Fwp%2Fv2%2Fcomments&post=14723"}],"version-history":[{"count":1,"href":"https:\/\/montreux-vieux.net\/index.php?rest_route=\/wp\/v2\/pages\/14723\/revisions"}],"predecessor-version":[{"id":14725,"href":"https:\/\/montreux-vieux.net\/index.php?rest_route=\/wp\/v2\/pages\/14723\/revisions\/14725"}],"up":[{"embeddable":true,"href":"https:\/\/montreux-vieux.net\/index.php?rest_route=\/wp\/v2\/pages\/14472"}],"wp:attachment":[{"href":"https:\/\/montreux-vieux.net\/index.php?rest_route=%2Fwp%2Fv2%2Fmedia&parent=14723"}],"curies":[{"name":"wp","href":"https:\/\/api.w.org\/{rel}","templated":true}]}}