{"id":14734,"date":"2019-02-05T12:27:16","date_gmt":"2019-02-05T11:27:16","guid":{"rendered":"http:\/\/montreux-vieux.net\/?page_id=14734"},"modified":"2019-02-05T12:27:31","modified_gmt":"2019-02-05T11:27:31","slug":"la-classe-des-filles-1948","status":"publish","type":"page","link":"https:\/\/montreux-vieux.net\/?page_id=14734","title":{"rendered":"La classe des filles 1948"},"content":{"rendered":"\n<h3 class=\"wp-block-heading\" style=\"text-align:center\">La classe des filles 1948<\/h3>\n\n\n\n<div class=\"wp-block-image\"><figure class=\"aligncenter\"><a href=\"http:\/\/montreux-vieux.net\/montreux-vieux.net\/wp-content\/uploads\/2017\/10\/Num\u00e9riser0001.jpg\" rel=\"noopener\"><img loading=\"lazy\" decoding=\"async\" width=\"1377\" height=\"960\" src=\"http:\/\/montreux-vieux.net\/montreux-vieux.net\/wp-content\/uploads\/2017\/10\/Num\u00e9riser0001.jpg\" alt=\"La classe des filles 1948\" class=\"wp-image-9804\" srcset=\"https:\/\/montreux-vieux.net\/montreux-vieux.net\/wp-content\/uploads\/2017\/10\/Num\u00e9riser0001.jpg 1377w, https:\/\/montreux-vieux.net\/montreux-vieux.net\/wp-content\/uploads\/2017\/10\/Num\u00e9riser0001-300x209.jpg 300w, https:\/\/montreux-vieux.net\/montreux-vieux.net\/wp-content\/uploads\/2017\/10\/Num\u00e9riser0001-768x535.jpg 768w, https:\/\/montreux-vieux.net\/montreux-vieux.net\/wp-content\/uploads\/2017\/10\/Num\u00e9riser0001-1024x714.jpg 1024w, https:\/\/montreux-vieux.net\/montreux-vieux.net\/wp-content\/uploads\/2017\/10\/Num\u00e9riser0001-600x418.jpg 600w\" sizes=\"auto, (max-width: 1377px) 100vw, 1377px\" \/><\/a><figcaption>1er rang devant de gauche \u00e0 droite: Higelin Eliane, Beck Charlotte, Bloch Lucienne, Finck Alise, Finck Charlotte, Schloesslen Anne Marie, Burkart Suzanne, Mullner Jocelyne, Pfirsch Liliane, Schuft Monique. A partir de Melle Simonin vers la gauche: Pfirsch Charlotte, Weber Fernande, Storrer Monique, Corsini Jacqueline, Walazick Micheline, Walter Marie Louise, Daller B\u00e9atrice, Gasser Antoinette Bourquard Carmen.1er rang au dessus de gauche \u00e0 droite: Bilger Yvette, Thevenot Marie Antoinette, Specht Ren\u00e9e, Rubiloni Bruna, Rubiloni Nives, Daller Fran\u00e7oise, Moreth Marie Rose, Bourquard Bernadette, Chabout\u00e9 Jacqueline, Corsini Eliane.<\/figcaption><\/figure><\/div>\n","protected":false},"excerpt":{"rendered":"<p>La classe des filles 1948<\/p>\n","protected":false},"author":1,"featured_media":0,"parent":14472,"menu_order":12,"comment_status":"closed","ping_status":"open","template":"","meta":{"footnotes":""},"class_list":["post-14734","page","type-page","status-publish","hentry"],"_links":{"self":[{"href":"https:\/\/montreux-vieux.net\/index.php?rest_route=\/wp\/v2\/pages\/14734","targetHints":{"allow":["GET"]}}],"collection":[{"href":"https:\/\/montreux-vieux.net\/index.php?rest_route=\/wp\/v2\/pages"}],"about":[{"href":"https:\/\/montreux-vieux.net\/index.php?rest_route=\/wp\/v2\/types\/page"}],"author":[{"embeddable":true,"href":"https:\/\/montreux-vieux.net\/index.php?rest_route=\/wp\/v2\/users\/1"}],"replies":[{"embeddable":true,"href":"https:\/\/montreux-vieux.net\/index.php?rest_route=%2Fwp%2Fv2%2Fcomments&post=14734"}],"version-history":[{"count":2,"href":"https:\/\/montreux-vieux.net\/index.php?rest_route=\/wp\/v2\/pages\/14734\/revisions"}],"predecessor-version":[{"id":14742,"href":"https:\/\/montreux-vieux.net\/index.php?rest_route=\/wp\/v2\/pages\/14734\/revisions\/14742"}],"up":[{"embeddable":true,"href":"https:\/\/montreux-vieux.net\/index.php?rest_route=\/wp\/v2\/pages\/14472"}],"wp:attachment":[{"href":"https:\/\/montreux-vieux.net\/index.php?rest_route=%2Fwp%2Fv2%2Fmedia&parent=14734"}],"curies":[{"name":"wp","href":"https:\/\/api.w.org\/{rel}","templated":true}]}}