{"id":14744,"date":"2019-02-05T12:31:22","date_gmt":"2019-02-05T11:31:22","guid":{"rendered":"http:\/\/montreux-vieux.net\/?page_id=14744"},"modified":"2019-02-05T12:31:22","modified_gmt":"2019-02-05T11:31:22","slug":"quelques-conseillers-municipaux-et-membres-du-conseil-de-fabrique-vers-1935","status":"publish","type":"page","link":"https:\/\/montreux-vieux.net\/?page_id=14744","title":{"rendered":"Quelques conseillers municipaux et membres du conseil de fabrique vers 1935"},"content":{"rendered":"\n<h3 class=\"wp-block-heading\" style=\"text-align:center\">Quelques conseillers municipaux et membres du conseil de fabrique vers 1935<\/h3>\n\n\n\n<div class=\"wp-block-image\"><figure class=\"aligncenter\"><a href=\"http:\/\/montreux-vieux.net\/montreux-vieux.net\/wp-content\/uploads\/2017\/10\/Num\u00e9riser0009.jpg\" rel=\"noopener\"><img loading=\"lazy\" decoding=\"async\" width=\"1028\" height=\"626\" src=\"http:\/\/montreux-vieux.net\/montreux-vieux.net\/wp-content\/uploads\/2017\/10\/Num\u00e9riser0009.jpg\" alt=\"Quelques conseillers municipaux et membres du conseil de fabrique vers 1935\" class=\"wp-image-9807\" srcset=\"https:\/\/montreux-vieux.net\/montreux-vieux.net\/wp-content\/uploads\/2017\/10\/Num\u00e9riser0009.jpg 1028w, https:\/\/montreux-vieux.net\/montreux-vieux.net\/wp-content\/uploads\/2017\/10\/Num\u00e9riser0009-300x183.jpg 300w, https:\/\/montreux-vieux.net\/montreux-vieux.net\/wp-content\/uploads\/2017\/10\/Num\u00e9riser0009-768x468.jpg 768w, https:\/\/montreux-vieux.net\/montreux-vieux.net\/wp-content\/uploads\/2017\/10\/Num\u00e9riser0009-1024x624.jpg 1024w, https:\/\/montreux-vieux.net\/montreux-vieux.net\/wp-content\/uploads\/2017\/10\/Num\u00e9riser0009-600x365.jpg 600w\" sizes=\"auto, (max-width: 1028px) 100vw, 1028px\" \/><\/a><figcaption>Didierlaurent, Besan\u00e7on, Haumesser, Grosjean, Cuenin, Egermann , Catt\u00e9, Brungart, Besan\u00e7on, Seiler, Nabon<\/figcaption><\/figure><\/div>\n","protected":false},"excerpt":{"rendered":"<p>Quelques conseillers municipaux et membres du conseil de fabrique vers 1935<\/p>\n","protected":false},"author":1,"featured_media":0,"parent":14472,"menu_order":14,"comment_status":"closed","ping_status":"open","template":"","meta":{"footnotes":""},"class_list":["post-14744","page","type-page","status-publish","hentry"],"_links":{"self":[{"href":"https:\/\/montreux-vieux.net\/index.php?rest_route=\/wp\/v2\/pages\/14744","targetHints":{"allow":["GET"]}}],"collection":[{"href":"https:\/\/montreux-vieux.net\/index.php?rest_route=\/wp\/v2\/pages"}],"about":[{"href":"https:\/\/montreux-vieux.net\/index.php?rest_route=\/wp\/v2\/types\/page"}],"author":[{"embeddable":true,"href":"https:\/\/montreux-vieux.net\/index.php?rest_route=\/wp\/v2\/users\/1"}],"replies":[{"embeddable":true,"href":"https:\/\/montreux-vieux.net\/index.php?rest_route=%2Fwp%2Fv2%2Fcomments&post=14744"}],"version-history":[{"count":1,"href":"https:\/\/montreux-vieux.net\/index.php?rest_route=\/wp\/v2\/pages\/14744\/revisions"}],"predecessor-version":[{"id":14745,"href":"https:\/\/montreux-vieux.net\/index.php?rest_route=\/wp\/v2\/pages\/14744\/revisions\/14745"}],"up":[{"embeddable":true,"href":"https:\/\/montreux-vieux.net\/index.php?rest_route=\/wp\/v2\/pages\/14472"}],"wp:attachment":[{"href":"https:\/\/montreux-vieux.net\/index.php?rest_route=%2Fwp%2Fv2%2Fmedia&parent=14744"}],"curies":[{"name":"wp","href":"https:\/\/api.w.org\/{rel}","templated":true}]}}