{"id":14746,"date":"2019-02-05T12:37:40","date_gmt":"2019-02-05T11:37:40","guid":{"rendered":"http:\/\/montreux-vieux.net\/?page_id=14746"},"modified":"2019-02-05T12:37:40","modified_gmt":"2019-02-05T11:37:40","slug":"balade-nocturne-a-montreux-vieux-un-16-decembre-2017","status":"publish","type":"page","link":"https:\/\/montreux-vieux.net\/?page_id=14746","title":{"rendered":"Balade nocturne \u00e0 Montreux-Vieux un 16 d\u00e9cembre 2017"},"content":{"rendered":"\n<h3 class=\"wp-block-heading\" style=\"text-align:center\">Balade nocturne un 16 d\u00e9cembre 2017<\/h3>\n\n\n\n<div class=\"wp-block-image\"><figure class=\"aligncenter\"><a href=\"http:\/\/montreux-vieux.net\/montreux-vieux.net\/wp-content\/uploads\/2017\/12\/Balade-nocturne-un-16-d\u00e9cembre-2017-2.jpg\" rel=\"noopener\"><img decoding=\"async\" src=\"http:\/\/montreux-vieux.net\/montreux-vieux.net\/wp-content\/uploads\/2017\/12\/Balade-nocturne-un-16-d\u00e9cembre-2017-2.jpg\" alt=\"\" class=\"wp-image-10201\"\/><\/a><figcaption>Balade nocturne \u00e0 Montreux Vieux un 16 d\u00e9cembre 2017 (la photo de l&rsquo;\u00e9glise n&rsquo;en fait pas partie)<\/figcaption><\/figure><\/div>\n","protected":false},"excerpt":{"rendered":"<p>Balade nocturne un 16 d\u00e9cembre 2017<\/p>\n","protected":false},"author":1,"featured_media":0,"parent":14472,"menu_order":16,"comment_status":"closed","ping_status":"open","template":"","meta":{"footnotes":""},"class_list":["post-14746","page","type-page","status-publish","hentry"],"_links":{"self":[{"href":"https:\/\/montreux-vieux.net\/index.php?rest_route=\/wp\/v2\/pages\/14746","targetHints":{"allow":["GET"]}}],"collection":[{"href":"https:\/\/montreux-vieux.net\/index.php?rest_route=\/wp\/v2\/pages"}],"about":[{"href":"https:\/\/montreux-vieux.net\/index.php?rest_route=\/wp\/v2\/types\/page"}],"author":[{"embeddable":true,"href":"https:\/\/montreux-vieux.net\/index.php?rest_route=\/wp\/v2\/users\/1"}],"replies":[{"embeddable":true,"href":"https:\/\/montreux-vieux.net\/index.php?rest_route=%2Fwp%2Fv2%2Fcomments&post=14746"}],"version-history":[{"count":1,"href":"https:\/\/montreux-vieux.net\/index.php?rest_route=\/wp\/v2\/pages\/14746\/revisions"}],"predecessor-version":[{"id":14751,"href":"https:\/\/montreux-vieux.net\/index.php?rest_route=\/wp\/v2\/pages\/14746\/revisions\/14751"}],"up":[{"embeddable":true,"href":"https:\/\/montreux-vieux.net\/index.php?rest_route=\/wp\/v2\/pages\/14472"}],"wp:attachment":[{"href":"https:\/\/montreux-vieux.net\/index.php?rest_route=%2Fwp%2Fv2%2Fmedia&parent=14746"}],"curies":[{"name":"wp","href":"https:\/\/api.w.org\/{rel}","templated":true}]}}