{"id":14754,"date":"2019-02-05T12:41:22","date_gmt":"2019-02-05T11:41:22","guid":{"rendered":"http:\/\/montreux-vieux.net\/?page_id=14754"},"modified":"2019-02-05T12:41:22","modified_gmt":"2019-02-05T11:41:22","slug":"une-autre-photo-de-notre-ami-dede","status":"publish","type":"page","link":"https:\/\/montreux-vieux.net\/?page_id=14754","title":{"rendered":"Une autre photo de notre ami D\u00e9d\u00e9"},"content":{"rendered":"\n<h3 class=\"wp-block-heading\" style=\"text-align:center\">Une autre photo de notre ami D\u00e9d\u00e9<\/h3>\n\n\n\n<div class=\"wp-block-image\"><figure class=\"aligncenter\"><a href=\"http:\/\/montreux-vieux.net\/montreux-vieux.net\/wp-content\/uploads\/2017\/10\/MR.Mutz-13.jpg\" rel=\"noopener\"><img loading=\"lazy\" decoding=\"async\" width=\"1171\" height=\"794\" src=\"http:\/\/montreux-vieux.net\/montreux-vieux.net\/wp-content\/uploads\/2017\/10\/MR.Mutz-13.jpg\" alt=\"\" class=\"wp-image-9843\" srcset=\"https:\/\/montreux-vieux.net\/montreux-vieux.net\/wp-content\/uploads\/2017\/10\/MR.Mutz-13.jpg 1171w, https:\/\/montreux-vieux.net\/montreux-vieux.net\/wp-content\/uploads\/2017\/10\/MR.Mutz-13-300x203.jpg 300w, https:\/\/montreux-vieux.net\/montreux-vieux.net\/wp-content\/uploads\/2017\/10\/MR.Mutz-13-768x521.jpg 768w, https:\/\/montreux-vieux.net\/montreux-vieux.net\/wp-content\/uploads\/2017\/10\/MR.Mutz-13-1024x694.jpg 1024w, https:\/\/montreux-vieux.net\/montreux-vieux.net\/wp-content\/uploads\/2017\/10\/MR.Mutz-13-600x407.jpg 600w\" sizes=\"auto, (max-width: 1171px) 100vw, 1171px\" \/><\/a><figcaption>A partir de la gauche 1er rang au dessus: Bartolozzi Pierre, Seiler Alain, Agnolet Ivo, Conedera Walter, H\u00e9g\u00e9l\u00e9 Daniel Mr Mutz Albert. Au dessus, 2\u00e8me rang de gauche \u00e0 droite Roth Patrick, Modena Jean Pierre, Bostvironnois Serge, Stalder Dominique, Geiss Jean Claude, Bihr Jean Paul,. 3\u00e8me rang en partant du dessus de gauche \u00e0 droite: Frelin Armand, Barbier Alain, Gaugler Gilbert, Mieschberger Fabrice, Notter Fran\u00e7ois, Bartolozzi Robert. 1er rang en bas de gauche \u00e0 droite: Davrot Bernard, Guichard Jonnhy, Schirch Robert, Bastard Jean Yves, Agnolet Elie, Davrot Serge, Kohler Alain, Finck Pierre, Poreau Yvan.<\/figcaption><\/figure><\/div>\n","protected":false},"excerpt":{"rendered":"<p>Une autre photo de notre ami D\u00e9d\u00e9<\/p>\n","protected":false},"author":1,"featured_media":0,"parent":14472,"menu_order":18,"comment_status":"closed","ping_status":"open","template":"","meta":{"footnotes":""},"class_list":["post-14754","page","type-page","status-publish","hentry"],"_links":{"self":[{"href":"https:\/\/montreux-vieux.net\/index.php?rest_route=\/wp\/v2\/pages\/14754","targetHints":{"allow":["GET"]}}],"collection":[{"href":"https:\/\/montreux-vieux.net\/index.php?rest_route=\/wp\/v2\/pages"}],"about":[{"href":"https:\/\/montreux-vieux.net\/index.php?rest_route=\/wp\/v2\/types\/page"}],"author":[{"embeddable":true,"href":"https:\/\/montreux-vieux.net\/index.php?rest_route=\/wp\/v2\/users\/1"}],"replies":[{"embeddable":true,"href":"https:\/\/montreux-vieux.net\/index.php?rest_route=%2Fwp%2Fv2%2Fcomments&post=14754"}],"version-history":[{"count":1,"href":"https:\/\/montreux-vieux.net\/index.php?rest_route=\/wp\/v2\/pages\/14754\/revisions"}],"predecessor-version":[{"id":14755,"href":"https:\/\/montreux-vieux.net\/index.php?rest_route=\/wp\/v2\/pages\/14754\/revisions\/14755"}],"up":[{"embeddable":true,"href":"https:\/\/montreux-vieux.net\/index.php?rest_route=\/wp\/v2\/pages\/14472"}],"wp:attachment":[{"href":"https:\/\/montreux-vieux.net\/index.php?rest_route=%2Fwp%2Fv2%2Fmedia&parent=14754"}],"curies":[{"name":"wp","href":"https:\/\/api.w.org\/{rel}","templated":true}]}}