{"id":15790,"date":"2019-02-24T11:35:21","date_gmt":"2019-02-24T10:35:21","guid":{"rendered":"http:\/\/montreux-vieux.net\/?page_id=15790"},"modified":"2020-04-30T14:28:55","modified_gmt":"2020-04-30T13:28:55","slug":"2017-annee-record-au-centre-de-secours","status":"publish","type":"page","link":"https:\/\/montreux-vieux.net\/?page_id=15790","title":{"rendered":"2017, ann\u00e9e record au centre de secours"},"content":{"rendered":"\n<h3 class=\"has-text-align-center wp-block-heading\">2017, ann\u00e9e record au centre de secours<\/h3>\n\n\n\n<h4 class=\"wp-block-heading\">Avec 291 interventions au compteur l\u2019an dernier, l\u2019activit\u00e9 du centre de secours de Montreux-Vieux a fait un s\u00e9rieux bond par rapport \u00e0 2016, particuli\u00e8rement dans le domaine du secours \u00e0 personne. Un record de sorties pour la trentaine d\u2019hommes du corps local, qui a aussi la particularit\u00e9 d\u2019intervenir chez les voisins du Territoire de Belfort.<\/h4>\n\n\n\n<div class=\"wp-block-image\"><figure class=\"aligncenter\"><a href=\"http:\/\/montreux-vieux.net\/montreux-vieux.net\/wp-content\/uploads\/2018\/01\/ScreenShot874.jpg\" target=\"_blank\" rel=\"noreferrer noopener\"><img loading=\"lazy\" decoding=\"async\" width=\"556\" height=\"369\" src=\"http:\/\/montreux-vieux.net\/montreux-vieux.net\/wp-content\/uploads\/2018\/01\/ScreenShot874.jpg\" alt=\"\" class=\"wp-image-10439\" srcset=\"https:\/\/montreux-vieux.net\/montreux-vieux.net\/wp-content\/uploads\/2018\/01\/ScreenShot874.jpg 556w, https:\/\/montreux-vieux.net\/montreux-vieux.net\/wp-content\/uploads\/2018\/01\/ScreenShot874-300x199.jpg 300w\" sizes=\"auto, (max-width: 556px) 100vw, 556px\" \/><\/a><\/figure><\/div>\n\n\n\n<div class=\"wp-block-image\"><figure class=\"aligncenter\"><img decoding=\"async\" src=\"http:\/\/montreux-vieux.net\/montreux-vieux.net\/wp-content\/uploads\/2018\/01\/ScreenShot875.jpg\" alt=\"\"\/><\/figure><\/div>\n\n\n\n<h4 class=\"wp-block-heading\">L\u2019an dernier, les pompiers de Montreux-Vieux avaient offert une d\u00e9monstration de d\u00e9sincarc\u00e9ration \u00e0 leurs homologues de la Protection civile italienne, accueillis dans le cadre du jumelage avec le village de Voltago-Agordino. <\/h4>\n\n\n\n<h4 class=\"wp-block-heading\">Une hausse des interventions de pr\u00e8s de 48&nbsp;% sur un an&nbsp;: 2017 marque un nouveau record pour le centre de secours de Montreux-Vieux. Au total, la trentaine d\u2019hommes du corps local aura donc effectu\u00e9 l\u2019an dernier 291 sorties, soit pr\u00e8s d\u2019une centaine de plus que lors de l\u2019ann\u00e9e 2016 (197). Le centre montreusien ayant r\u00e9ceptionn\u00e9 courant 2016 un v\u00e9hicule de secours et d\u2019assistance aux victimes (VSAV), il a logiquement \u00e9t\u00e9 plus sollicit\u00e9 pour assurer les op\u00e9rations de secours \u00e0 personne (chutes sur la voie publique, malaises \u00e0 domicile,&nbsp;etc.). Ces derni\u00e8res repr\u00e9sentent \u00e0 elles seules pr\u00e8s de 80&nbsp;% des interventions&nbsp;: 209 comptabilis\u00e9es l\u2019an dernier, contre 141 en 2016. Viennent ensuite les feux (34), les accidents (17) et les op\u00e9rations diverses (16).<\/h4>\n\n\n\n<h3 class=\"has-text-align-center wp-block-heading\">\u00c0 cheval sur deux d\u00e9partements<\/h3>\n\n\n\n<h4 class=\"wp-block-heading\">Rappelons que les pompiers montreusiens interviennent prioritairement dans onze communes du secteur, de Montreux \u00e0 \u00c9teimbes en passant par Br\u00e9chaumont, Valdieu, Magny et Romagny. Mais le centre de secours peut aussi \u00eatre appel\u00e9 en appui ou compl\u00e9mentarit\u00e9 dans le secteur de Dannemarie voire au-del\u00e0. L\u2019an dernier, pr\u00e8s d\u2019un tiers des interventions ont ainsi \u00e9t\u00e9 effectu\u00e9es hors secteur. Et Montreux-Vieux a aussi la particularit\u00e9 d\u2019\u00eatre un centre \u00e0 vocation interd\u00e9partementale&nbsp;: le CS est officiellement conventionn\u00e9 avec son voisin de Montreux-Ch\u00e2teau, dans le Territoire de Belfort. Un rapprochement op\u00e9r\u00e9 pour assurer l\u2019appui r\u00e9ciproque des deux centres au niveau des moyens comme du personnel. L\u00e0 aussi, l\u2019ann\u00e9e 2017 d\u00e9tient le record du nombre d\u2019interventions effectu\u00e9es c\u00f4t\u00e9 franc-comtois. L\u2019an dernier, les pompiers sundgauviens sont intervenus \u00e0 23 reprises chez nos voisins des villages de Montreux-Ch\u00e2teau, Foussemagne ou Bretagne. \u00c0 titre de comparaison, seules neuf interventions de l\u2019autre c\u00f4t\u00e9 de la fronti\u00e8re franc-comtoise avaient \u00e9t\u00e9 effectu\u00e9es en 2016, et \u00e0 peine deux en 2015 ou&nbsp;2014. Une vocation interd\u00e9partementale amplifi\u00e9e depuis que le CS est dot\u00e9 d\u2019un VSAV.<\/h4>\n\n\n\n<h3 class=\"has-text-align-center wp-block-heading\">Direction l\u2019Italie cette ann\u00e9e\u2026<\/h3>\n\n\n\n<h4 class=\"wp-block-heading\">Si le corps local ne ch\u00f4me pas, il en va de m\u00eame pour le comit\u00e9 de l\u2019amicale des sapeurs-pompiers, pr\u00e9sid\u00e9 par G\u00e9rald Richard. Apr\u00e8s avoir f\u00eat\u00e9 dignement le 85e anniversaire du corps local ou accueilli l\u2019an dernier les homologues italiens de la Protection civile de Voltago-Agordino, on pr\u00e9pare cette fois un voyage en Italie, pr\u00e9vu courant 2018. L\u2019an dernier, les membres de l\u2019amicale et v\u00e9t\u00e9rans ont aussi r\u00e9alis\u00e9 quelques travaux au centre de secours, peinture ou am\u00e9nagements pour le VSAV financ\u00e9s par le Sdis (Service d\u00e9partemental d\u2019incendie et de secours). Comme Dannemarie, le CS de Montreux-Vieux figurerait en bonne place sur la liste du Sdis pour un futur chantier de rafra\u00eechissement et mise aux normes.<\/h4>\n\n\n\n<h4 class=\"wp-block-heading\">C\u00f4t\u00e9 festivit\u00e9s enfin, l\u2019amicale proposera deux rendez-vous cette ann\u00e9e&nbsp;: un repas tartes flamb\u00e9es le 25&nbsp;ao\u00fbt et un d\u00eener dansant le 6&nbsp;octobre.<\/h4>\n\n\n\n<h5 class=\"wp-block-heading\">Textes et photos le journal l&rsquo;Alsace<\/h5>\n\n\n\n<h3 class=\"has-text-align-center wp-block-heading\">Quelques moments difficiles pour nos sapeurs-pompiers <\/h3>\n\n\n\n<p> Le plus important fut, sans conteste, l\u2019incendie du d\u00e9p\u00f4t de carburants de la Jeanne d\u2019Arc en 1949, o\u00f9 les pompiers d\u2019Altkirch, de Mulhouse et de Belfort durent venir \u00e0 la rescousse.<br>Plus pr\u00e8s de nous il y eut aussi le 12 mai 1953, l\u2019incendie qui d\u00e9truisit 50 tonnes de mati\u00e8res premi\u00e8res \u00e0 la Filature et Tissage de Montreux-Vieux. Mais c\u2019est surtout durant l\u2019occupation et au moment des combats pr\u00e9c\u00e9dant la Lib\u00e9ration que&nbsp;notre Corps de sapeurs-pompiers fut mis \u00e0 contribution.<br>C\u2019est ainsi que le 8 octobre 1944, la gare fronti\u00e8re de Montreux-Vieux \u00e9tait l\u2019objet d\u2019un bombardement a\u00e9rien au moment o\u00f9 de nombreux trains de marchandises et de wagons d\u2019essence y \u00e9taient gar\u00e9s. Il fallut non seulement \u00e9teindre les foyers d\u2019incendie mais \u00e9galement retirer des d\u00e9combres fumants, les cadavres des soldats allemands.<br>Le 30 novembre 1944 enfin, les sapeurs pompiers \u00e9taient alert\u00e9s afin de porter secours \u00e0 trois personnes du village, bless\u00e9es par des mines sur la route de Montreux-Ch\u00e2teau C\u2019est au cours de cette op\u00e9ration de sauvetage que le chef de Corps lui-m\u00eame fut victime de l\u2019explosion d\u2019une mine ce qui n\u00e9cessita l\u2019amputation de sa jambe droite. <\/p>\n","protected":false},"excerpt":{"rendered":"<p>2017, ann\u00e9e record au centre de secours Avec 291 interventions au compteur l\u2019an dernier, l\u2019activit\u00e9 du centre de secours de Montreux-Vieux a fait un s\u00e9rieux bond par rapport \u00e0 2016, particuli\u00e8rement dans le domaine du secours \u00e0 personne. Un record &hellip; <a href=\"https:\/\/montreux-vieux.net\/?page_id=15790\">Continuer la lecture <span class=\"meta-nav\">&rarr;<\/span><\/a><\/p>\n","protected":false},"author":1,"featured_media":0,"parent":4107,"menu_order":28,"comment_status":"closed","ping_status":"open","template":"","meta":{"footnotes":""},"class_list":["post-15790","page","type-page","status-publish","hentry"],"_links":{"self":[{"href":"https:\/\/montreux-vieux.net\/index.php?rest_route=\/wp\/v2\/pages\/15790","targetHints":{"allow":["GET"]}}],"collection":[{"href":"https:\/\/montreux-vieux.net\/index.php?rest_route=\/wp\/v2\/pages"}],"about":[{"href":"https:\/\/montreux-vieux.net\/index.php?rest_route=\/wp\/v2\/types\/page"}],"author":[{"embeddable":true,"href":"https:\/\/montreux-vieux.net\/index.php?rest_route=\/wp\/v2\/users\/1"}],"replies":[{"embeddable":true,"href":"https:\/\/montreux-vieux.net\/index.php?rest_route=%2Fwp%2Fv2%2Fcomments&post=15790"}],"version-history":[{"count":2,"href":"https:\/\/montreux-vieux.net\/index.php?rest_route=\/wp\/v2\/pages\/15790\/revisions"}],"predecessor-version":[{"id":19372,"href":"https:\/\/montreux-vieux.net\/index.php?rest_route=\/wp\/v2\/pages\/15790\/revisions\/19372"}],"up":[{"embeddable":true,"href":"https:\/\/montreux-vieux.net\/index.php?rest_route=\/wp\/v2\/pages\/4107"}],"wp:attachment":[{"href":"https:\/\/montreux-vieux.net\/index.php?rest_route=%2Fwp%2Fv2%2Fmedia&parent=15790"}],"curies":[{"name":"wp","href":"https:\/\/api.w.org\/{rel}","templated":true}]}}