{"id":16695,"date":"2019-05-26T10:21:26","date_gmt":"2019-05-26T09:21:26","guid":{"rendered":"http:\/\/montreux-vieux.net\/?page_id=16695"},"modified":"2019-05-26T10:21:26","modified_gmt":"2019-05-26T09:21:26","slug":"le-saviez-vous-montreux-vieux-prevote-du-quartier-general-de-la-region-fortifiee-de-belfort-2","status":"publish","type":"page","link":"https:\/\/montreux-vieux.net\/?page_id=16695","title":{"rendered":"Le saviez-vous ?Montreux-Vieux Pr\u00e9vot\u00e9 du Quartier g\u00e9n\u00e9ral de la r\u00e9gion fortifi\u00e9e de Belfort"},"content":{"rendered":"\n<h4 class=\"wp-block-heading\" style=\"text-align:center\"> Le saviez-vous ? Montreux-Vieux, Pr\u00e9vot\u00e9 du Quartier g\u00e9n\u00e9ral de la r\u00e9gion fortifi\u00e9e de Belfort<\/h4>\n\n\n\n<div class=\"wp-block-image\"><figure class=\"aligncenter\"><img decoding=\"async\" src=\"http:\/\/montreux-vieux.net\/montreux-vieux.net\/wp-content\/uploads\/2018\/06\/ScreenShot960.jpg\" alt=\"\"\/><\/figure><\/div>\n\n\n\n<h4 class=\"wp-block-heading\">3 grad\u00e9s et&rsquo; 12 gendarmes \u00e0 cheval quittent Limoges, le,9 octobre 1915, \u00e0 destination de&nbsp;Montreux-Vieux o\u00f9 est organis\u00e9e la pr\u00e9v\u00f4t\u00e9 du Quartier g\u00e9n\u00e9ral de la r\u00e9gion fortifi\u00e9e de Belfort.<\/h4>\n\n\n\n<h4 class=\"wp-block-heading\">A partir du 21 octobre 1916 la gendarmerie assure un service sp\u00e9cial de surveillance \u00e0 la fronti\u00e8re Suisse. Les postes d\u00e9tach\u00e9s en diff\u00e9rents points rejoignent Montreux-Vieux le 19 avril 1917<\/h4>\n\n\n\n<p><br> \u00a0 <\/p>\n","protected":false},"excerpt":{"rendered":"<p>Le saviez-vous ? Montreux-Vieux, Pr\u00e9vot\u00e9 du Quartier g\u00e9n\u00e9ral de la r\u00e9gion fortifi\u00e9e de Belfort 3 grad\u00e9s et&rsquo; 12 gendarmes \u00e0 cheval quittent Limoges, le,9 octobre 1915, \u00e0 destination de&nbsp;Montreux-Vieux o\u00f9 est organis\u00e9e la pr\u00e9v\u00f4t\u00e9 du Quartier g\u00e9n\u00e9ral de la r\u00e9gion &hellip; <a href=\"https:\/\/montreux-vieux.net\/?page_id=16695\">Continuer la lecture <span class=\"meta-nav\">&rarr;<\/span><\/a><\/p>\n","protected":false},"author":1,"featured_media":0,"parent":12673,"menu_order":115,"comment_status":"closed","ping_status":"open","template":"","meta":{"footnotes":""},"class_list":["post-16695","page","type-page","status-publish","hentry"],"_links":{"self":[{"href":"https:\/\/montreux-vieux.net\/index.php?rest_route=\/wp\/v2\/pages\/16695","targetHints":{"allow":["GET"]}}],"collection":[{"href":"https:\/\/montreux-vieux.net\/index.php?rest_route=\/wp\/v2\/pages"}],"about":[{"href":"https:\/\/montreux-vieux.net\/index.php?rest_route=\/wp\/v2\/types\/page"}],"author":[{"embeddable":true,"href":"https:\/\/montreux-vieux.net\/index.php?rest_route=\/wp\/v2\/users\/1"}],"replies":[{"embeddable":true,"href":"https:\/\/montreux-vieux.net\/index.php?rest_route=%2Fwp%2Fv2%2Fcomments&post=16695"}],"version-history":[{"count":1,"href":"https:\/\/montreux-vieux.net\/index.php?rest_route=\/wp\/v2\/pages\/16695\/revisions"}],"predecessor-version":[{"id":16696,"href":"https:\/\/montreux-vieux.net\/index.php?rest_route=\/wp\/v2\/pages\/16695\/revisions\/16696"}],"up":[{"embeddable":true,"href":"https:\/\/montreux-vieux.net\/index.php?rest_route=\/wp\/v2\/pages\/12673"}],"wp:attachment":[{"href":"https:\/\/montreux-vieux.net\/index.php?rest_route=%2Fwp%2Fv2%2Fmedia&parent=16695"}],"curies":[{"name":"wp","href":"https:\/\/api.w.org\/{rel}","templated":true}]}}