{"id":16756,"date":"2019-06-01T14:04:57","date_gmt":"2019-06-01T13:04:57","guid":{"rendered":"http:\/\/montreux-vieux.net\/?page_id=16756"},"modified":"2020-07-25T10:36:05","modified_gmt":"2020-07-25T09:36:05","slug":"le-cimetiere-actuel","status":"publish","type":"page","link":"https:\/\/montreux-vieux.net\/?page_id=16756","title":{"rendered":"Le cimeti\u00e8re actuel"},"content":{"rendered":"\n<h3 class=\"has-text-align-center wp-block-heading\">Le cimeti\u00e8re actuel<\/h3>\n\n\n\n<p>D\u00e8s 1889 on avait \u00e9voqu\u00e9 le d\u00e9placement du cimeti\u00e8re devenu bien trop exigu. A l&rsquo;\u00e9poque le maire \u00e9tait M. Wilhelm Laible et le cur\u00e9 Triponey.  En octobre 1890 cette op\u00e9ration est estim\u00e9e \u00e0 7 100 marks pouvant \u00eatre subventionn\u00e9e \u00e0 hauteur de 6 000 marks . La b\u00e9n\u00e9diction du nouveau cimeti\u00e8re a eu lieu le 29 novembre 1891 par le cur\u00e9 Triponey en pr\u00e9sence des cur\u00e9s Marchal de Montreux-Jeune G\u00e9rard de Chavannes-Sur-L&rsquo;Etang et Frey de Lutran. (En partie L&rsquo;Alsace 19\/7\/1999 R.MJ Pierre)<\/p>\n\n\n\n<div class=\"wp-block-image\"><figure class=\"aligncenter\"><img decoding=\"async\" src=\"http:\/\/montreux-vieux.net\/montreux-vieux.net\/wp-content\/uploads\/2017\/10\/Le-cimeti%C3%A8re.jpg\" alt=\"\"\/><\/figure><\/div>\n\n\n\n<p> Pour m\u00e9moire: 31 concessions au cimeti\u00e8re au 31\/12\/2000 ont \u00e9t\u00e9 d\u00e9livr\u00e9es, .652 personnes sont inhum\u00e9es au cimeti\u00e8re au 31\/12\/2000,\u00a0 <\/p>\n\n\n\n<p>Montreux-Vieux. \u2014 La communaut\u00e9 catholique a inaugur\u00e9 dimanche apr\u00e8s midi, en pr\u00e9sence du Conseil municipal, sauf quatre membres, son nouveau cimeti\u00e8re.<\/p>\n\n\n\n<p>Sources&nbsp;: Express 1<sup>er<\/sup> d\u00e9cembre 1891<\/p>\n","protected":false},"excerpt":{"rendered":"<p>Le cimeti\u00e8re actuel D\u00e8s 1889 on avait \u00e9voqu\u00e9 le d\u00e9placement du cimeti\u00e8re devenu bien trop exigu. A l&rsquo;\u00e9poque le maire \u00e9tait M. Wilhelm Laible et le cur\u00e9 Triponey. En octobre 1890 cette op\u00e9ration est estim\u00e9e \u00e0 7 100 marks pouvant &hellip; <a href=\"https:\/\/montreux-vieux.net\/?page_id=16756\">Continuer la lecture <span class=\"meta-nav\">&rarr;<\/span><\/a><\/p>\n","protected":false},"author":1,"featured_media":0,"parent":13024,"menu_order":4,"comment_status":"closed","ping_status":"open","template":"","meta":{"footnotes":""},"class_list":["post-16756","page","type-page","status-publish","hentry"],"_links":{"self":[{"href":"https:\/\/montreux-vieux.net\/index.php?rest_route=\/wp\/v2\/pages\/16756","targetHints":{"allow":["GET"]}}],"collection":[{"href":"https:\/\/montreux-vieux.net\/index.php?rest_route=\/wp\/v2\/pages"}],"about":[{"href":"https:\/\/montreux-vieux.net\/index.php?rest_route=\/wp\/v2\/types\/page"}],"author":[{"embeddable":true,"href":"https:\/\/montreux-vieux.net\/index.php?rest_route=\/wp\/v2\/users\/1"}],"replies":[{"embeddable":true,"href":"https:\/\/montreux-vieux.net\/index.php?rest_route=%2Fwp%2Fv2%2Fcomments&post=16756"}],"version-history":[{"count":6,"href":"https:\/\/montreux-vieux.net\/index.php?rest_route=\/wp\/v2\/pages\/16756\/revisions"}],"predecessor-version":[{"id":20241,"href":"https:\/\/montreux-vieux.net\/index.php?rest_route=\/wp\/v2\/pages\/16756\/revisions\/20241"}],"up":[{"embeddable":true,"href":"https:\/\/montreux-vieux.net\/index.php?rest_route=\/wp\/v2\/pages\/13024"}],"wp:attachment":[{"href":"https:\/\/montreux-vieux.net\/index.php?rest_route=%2Fwp%2Fv2%2Fmedia&parent=16756"}],"curies":[{"name":"wp","href":"https:\/\/api.w.org\/{rel}","templated":true}]}}