{"id":16770,"date":"2019-06-01T16:21:01","date_gmt":"2019-06-01T15:21:01","guid":{"rendered":"http:\/\/montreux-vieux.net\/?page_id=16770"},"modified":"2019-06-01T16:29:27","modified_gmt":"2019-06-01T15:29:27","slug":"le-saviez-vous-camille-manne-un-visionnaire","status":"publish","type":"page","link":"https:\/\/montreux-vieux.net\/?page_id=16770","title":{"rendered":"Le saviez-vous ? Camille Mann\u00e9 un visionnaire"},"content":{"rendered":"\n<h3 class=\"wp-block-heading\" style=\"text-align:center\"> Le saviez-vous&nbsp;? Camille Mann\u00e9 un visionnaire <\/h3>\n\n\n\n<p><\/p>\n\n\n\n<p>L\u2019industriel Camille Mann\u00e9 \u00e0 l\u2019\u00e9poque PDG de UMA-OBBO dont le p\u00e8re dirigeait un magasin de cycles \u00e0 Montreux-Jeune avant guerre avait &nbsp;dans les &nbsp;ann\u00e9es soixante un grand projet&nbsp;; r\u00e9aliser le grand Montreux en fusionnant les villages autour de Montreux-Vieux mais \u00e9galement conditionn\u00e9 par le grand canal \u00e0 grand gabarit vital estimait-il pour la r\u00e9gion. Il projetait la cr\u00e9ation apr\u00e8s le site Total d\u2019une importante filiale de son usine construite \u00e0 pr\u00e9sent \u00e0 Erstein. Obbo commercialisait un astucieux syst\u00e8me comptable par d\u00e9calque. Il permettait la tenue de la comptabilit\u00e9 par le syst\u00e8me centralisateur au m\u00eame titre que le permettaient les machines comptables. La SNCF lui demanda une production journali\u00e8re trop importante pour la desserte de son usine, ce dernier a du abandonner son projet.<\/p>\n\n\n\n<div class=\"wp-block-image\"><figure class=\"aligncenter\"><img loading=\"lazy\" decoding=\"async\" width=\"190\" height=\"170\" src=\"http:\/\/montreux-vieux.net\/montreux-vieux.net\/wp-content\/uploads\/2019\/06\/ScreenShot1746.jpg\" alt=\"\" class=\"wp-image-16774\"\/><\/figure><\/div>\n","protected":false},"excerpt":{"rendered":"<p>Le saviez-vous&nbsp;? Camille Mann\u00e9 un visionnaire L\u2019industriel Camille Mann\u00e9 \u00e0 l\u2019\u00e9poque PDG de UMA-OBBO dont le p\u00e8re dirigeait un magasin de cycles \u00e0 Montreux-Jeune avant guerre avait &nbsp;dans les &nbsp;ann\u00e9es soixante un grand projet&nbsp;; r\u00e9aliser le grand Montreux en fusionnant &hellip; <a href=\"https:\/\/montreux-vieux.net\/?page_id=16770\">Continuer la lecture <span class=\"meta-nav\">&rarr;<\/span><\/a><\/p>\n","protected":false},"author":1,"featured_media":0,"parent":13095,"menu_order":55,"comment_status":"closed","ping_status":"open","template":"","meta":{"footnotes":""},"class_list":["post-16770","page","type-page","status-publish","hentry"],"_links":{"self":[{"href":"https:\/\/montreux-vieux.net\/index.php?rest_route=\/wp\/v2\/pages\/16770","targetHints":{"allow":["GET"]}}],"collection":[{"href":"https:\/\/montreux-vieux.net\/index.php?rest_route=\/wp\/v2\/pages"}],"about":[{"href":"https:\/\/montreux-vieux.net\/index.php?rest_route=\/wp\/v2\/types\/page"}],"author":[{"embeddable":true,"href":"https:\/\/montreux-vieux.net\/index.php?rest_route=\/wp\/v2\/users\/1"}],"replies":[{"embeddable":true,"href":"https:\/\/montreux-vieux.net\/index.php?rest_route=%2Fwp%2Fv2%2Fcomments&post=16770"}],"version-history":[{"count":2,"href":"https:\/\/montreux-vieux.net\/index.php?rest_route=\/wp\/v2\/pages\/16770\/revisions"}],"predecessor-version":[{"id":16775,"href":"https:\/\/montreux-vieux.net\/index.php?rest_route=\/wp\/v2\/pages\/16770\/revisions\/16775"}],"up":[{"embeddable":true,"href":"https:\/\/montreux-vieux.net\/index.php?rest_route=\/wp\/v2\/pages\/13095"}],"wp:attachment":[{"href":"https:\/\/montreux-vieux.net\/index.php?rest_route=%2Fwp%2Fv2%2Fmedia&parent=16770"}],"curies":[{"name":"wp","href":"https:\/\/api.w.org\/{rel}","templated":true}]}}