{"id":17196,"date":"2019-08-06T16:03:27","date_gmt":"2019-08-06T15:03:27","guid":{"rendered":"http:\/\/montreux-vieux.net\/?page_id=17196"},"modified":"2019-08-06T16:03:27","modified_gmt":"2019-08-06T15:03:27","slug":"le-saviez-vous-un-somnambule-est-tombe-du-toit-a-montreux-vieux-2","status":"publish","type":"page","link":"https:\/\/montreux-vieux.net\/?page_id=17196","title":{"rendered":"Le saviez-vous ? Un somnambule est tomb\u00e9 du to\u00eet \u00e0 Montreux-Vieux"},"content":{"rendered":"\n<h3 class=\"wp-block-heading\" style=\"text-align:center\">Le saviez-vous ? Un somnambule est tomb\u00e9 du to\u00eet \u00e0 Montreux-Vieux<\/h3>\n\n\n\n<h4 class=\"wp-block-heading\">Dans les ann\u00e9es 1950, un Monsieur du nom de Muller J. qui habitait Rue des Jardins a fait une chute depuis le to\u00eet de l&rsquo;immeuble ou il habitait. Son \u00e9pouse l&rsquo;a r\u00e9veill\u00e9 alors qu&rsquo;il \u00e9tait somnambule alors qu&rsquo;elle lui posait la question de savoir ce qu&rsquo;il faisait sur le to\u00eet. Il est tomb\u00e9 \u00e0 terre mais n&rsquo;est pas mort. Il serait d\u00e9c\u00e9d\u00e9 quelques temps apr\u00e8s mais pas de la chute.<\/h4>\n\n\n\n<div class=\"wp-block-image\"><figure class=\"aligncenter\"><img decoding=\"async\" src=\"http:\/\/montreux-vieux.net\/montreux-vieux.net\/wp-content\/uploads\/2018\/08\/ScreenShot1064.jpg\" alt=\"\"\/><\/figure><\/div>\n","protected":false},"excerpt":{"rendered":"<p>Le saviez-vous ? Un somnambule est tomb\u00e9 du to\u00eet \u00e0 Montreux-Vieux Dans les ann\u00e9es 1950, un Monsieur du nom de Muller J. qui habitait Rue des Jardins a fait une chute depuis le to\u00eet de l&rsquo;immeuble ou il habitait. Son &hellip; <a href=\"https:\/\/montreux-vieux.net\/?page_id=17196\">Continuer la lecture <span class=\"meta-nav\">&rarr;<\/span><\/a><\/p>\n","protected":false},"author":1,"featured_media":0,"parent":13044,"menu_order":115,"comment_status":"closed","ping_status":"open","template":"","meta":{"footnotes":""},"class_list":["post-17196","page","type-page","status-publish","hentry"],"_links":{"self":[{"href":"https:\/\/montreux-vieux.net\/index.php?rest_route=\/wp\/v2\/pages\/17196","targetHints":{"allow":["GET"]}}],"collection":[{"href":"https:\/\/montreux-vieux.net\/index.php?rest_route=\/wp\/v2\/pages"}],"about":[{"href":"https:\/\/montreux-vieux.net\/index.php?rest_route=\/wp\/v2\/types\/page"}],"author":[{"embeddable":true,"href":"https:\/\/montreux-vieux.net\/index.php?rest_route=\/wp\/v2\/users\/1"}],"replies":[{"embeddable":true,"href":"https:\/\/montreux-vieux.net\/index.php?rest_route=%2Fwp%2Fv2%2Fcomments&post=17196"}],"version-history":[{"count":1,"href":"https:\/\/montreux-vieux.net\/index.php?rest_route=\/wp\/v2\/pages\/17196\/revisions"}],"predecessor-version":[{"id":17197,"href":"https:\/\/montreux-vieux.net\/index.php?rest_route=\/wp\/v2\/pages\/17196\/revisions\/17197"}],"up":[{"embeddable":true,"href":"https:\/\/montreux-vieux.net\/index.php?rest_route=\/wp\/v2\/pages\/13044"}],"wp:attachment":[{"href":"https:\/\/montreux-vieux.net\/index.php?rest_route=%2Fwp%2Fv2%2Fmedia&parent=17196"}],"curies":[{"name":"wp","href":"https:\/\/api.w.org\/{rel}","templated":true}]}}