{"id":17248,"date":"2019-08-08T14:31:42","date_gmt":"2019-08-08T13:31:42","guid":{"rendered":"http:\/\/montreux-vieux.net\/?page_id=17248"},"modified":"2019-08-08T14:31:42","modified_gmt":"2019-08-08T13:31:42","slug":"senger-jules-xavier-antoine","status":"publish","type":"page","link":"https:\/\/montreux-vieux.net\/?page_id=17248","title":{"rendered":"SENGER Jules, Xavier, Antoine"},"content":{"rendered":"\n<h3 class=\"wp-block-heading\" style=\"text-align:center\">SENGER Jules, Xavier, Antoine<\/h3>\n\n\n\n<p><strong>N\u00e9 le 5\u00a0mai 1902 \u00e0 Montreux-Vieux (alors Altm\u00fcnsterol, Haute-Alsace annex\u00e9e), mort le 4\u00a0juin 1988 \u00e0 Mulhouse (Haut-Rhin)\u00a0; instituteur dans le Haut-Rhin\u00a0; militant syndicaliste, la\u00efque et socialiste\u00a0; secr\u00e9taire g\u00e9n\u00e9ral de la section SNI du Haut-Rhin de 1936 \u00e0 1939, en 1945, de 1952 \u00e0 1956, secr\u00e9taire d\u00e9partemental de la FEN du Haut-Rhin\u00a0; secr\u00e9taire g\u00e9n\u00e9ral de la F\u00e9d\u00e9ration des \u0152uvres la\u00efques du Haut-Rhin.<\/strong><\/p>\n\n\n\n<p>Fils de Jules Senger, visiteur des chemins de fer, et de Mathilde n\u00e9e Graff, Jules Senger fr\u00e9quenta l\u2019\u00e9cole primaire catholique o\u00f9 il fut l\u2019\u00e9l\u00e8ve de Joseph Ross\u00e9, futur leader de l\u2019autonomisme catholique du Haut-Rhin. \u00c0 partir de 1914, \u00e0 la suite de l\u2019occupation de son village-fronti\u00e8re par l\u2019arm\u00e9e fran\u00e7aise, son \u00e9cole tenue par des instituteurs militaires devint la\u00efque. En 1916, apr\u00e8s avoir r\u00e9ussi le certificat d\u2019\u00e9tudes primaires, il fr\u00e9quenta d\u2019abord l\u2019\u00e9cole primaire sup\u00e9rieure fran\u00e7aise cr\u00e9\u00e9e \u00e0 Montreux-Vieux, puis celle de Luxeuil (Haute-Sa\u00f4ne) en 1917-1918. Il fut re\u00e7u \u00e0 l\u2019\u00c9cole normale d\u2019instituteurs de Belfort en 1920 et nomm\u00e9 instituteur \u00e0 Sainte-Croix-en-Plaine (Haut-Rhin), puis mut\u00e9 dans trois communes o\u00f9 il \u00e9tait aussi secr\u00e9taire de mairie (Saint-Cosme, Bellemagny, \u00c9teimbes). Bien que libre penseur, il se maria religieusement (pour pouvoir continuer \u00e0 enseigner en Alsace \u00ab&nbsp;concordataire&nbsp;\u00bb, selon son t\u00e9moignage) le 5 avril 1926 \u00e0 Retzwiller (Haut-Rhin) avec Jeanne Nussbaum, une institutrice fille d\u2019instituteur. Ils n\u2019eurent pas de postes doubles avant 1932, ann\u00e9e o\u00f9 ils furent nomm\u00e9s \u00e0 Ensisheim dans le bassin minier de la potasse. Dans ses classes, Senger utilisait les m\u00e9thodes actives (a\u00e9romod\u00e9lisme, linogravure, imprimerie \u00e0 l\u2019\u00e9cole)&nbsp;; il \u00e9tait d\u00e9l\u00e9gu\u00e9 d\u00e9partemental de l\u2019\u00c9cole moderne (m\u00e9thode Freinet).<\/p>\n\n\n\n<p>Senger adh\u00e9ra au Syndicat national en 1922. Membre du conseil syndical de la section d\u00e9partementale, dite La Fraternelle, en 1934, il fut \u00e9lu au Conseil d\u00e9partemental de l\u2019enseignement primaire en 1935 et devint secr\u00e9taire d\u00e9partemental du Syndicat national des instituteurs en 1937, Il suivait la mont\u00e9e de la menace hitl\u00e9rienne \u00e0 la radio allemande et \u00e9tait persuad\u00e9 que la guerre mena\u00e7ait. Mais, pacifiste acharn\u00e9, \u00e0 l\u2019inverse d\u2019une bonne part des militants alsaciens du SNI, il approuva la non-intervention en Espagne et les accords de Munich. Il participa seulement aux souscriptions en faveur des r\u00e9publicains espagnols.<\/p>\n\n\n\n<p>Militant la\u00efque, Senger envoyait r\u00e9guli\u00e8rement \u00e0&nbsp;<a href=\"http:\/\/maitron-en-ligne.univ-paris1.fr\/spip.php?article129482\">Joseph Rollo<\/a>, responsable national de l\u2019action la\u00efque du SNI, des informations sur les luttes contre le r\u00e9gime scolaire confessionnel. D\u00e9l\u00e9gu\u00e9 \u00e0 tous les congr\u00e8s nationaux du SNI \u00e0 partir de 1936, au congr\u00e8s de 1938, il critiqua \u00e0 la tribune la faiblesse de l\u2019action syndicale pour l\u2019introduction des lois la\u00efques en Alsace et en Moselle. Il appartenait aux organisations la\u00efques&nbsp;: cercle Jean Mac\u00e9 de la Ligue de l\u2019Enseignement&nbsp;, Ligue des Droits de l\u2019Homme, ainsi qu\u2019\u00e0 la Libre Pens\u00e9e. Il participa en 1937 \u00e0 l\u2019achat des locaux pour la premi\u00e8re auberge de jeunesse la\u00efque d\u2019Alsace, l\u2019auberge Dynamo au Petit Ballon. Politiquement, il avait appartenu \u00e0 la section socialiste SFIO de Montreux-Vieux jusqu\u2019\u00e0 sa dissolution en 1925. Il adh\u00e9ra \u00e0 nouveau en 1932 \u00e0 Ensisheim.<\/p>\n\n\n\n<p>Mobilis\u00e9 en d\u00e9cembre 1939 comme soldat de deuxi\u00e8me classe, il \u00e9tait pr\u00e9sent en Alsace annex\u00e9e de fait et nazifi\u00e9e apr\u00e8s l\u2019armistice. Il fut alors arr\u00eat\u00e9 par la police allemande en juillet 1940. Les mois suivants, pourtant, il fut autoris\u00e9 \u00e0 reprendre ses fonctions, ce qui impliquait la signature de trois d\u00e9clarations, la premi\u00e8re approuvant le retour de l\u2019Alsace allemande au sein du Reich, la deuxi\u00e8me, acceptant qu\u2019en sa qualit\u00e9 de fonctionnaire et d\u2019\u00e9ducateur allemand, d\u2019enseigner n\u2019importe o\u00f9 dans le Reich et la troisi\u00e8me qu\u2019il \u00e9tait pr\u00eat \u00e0 se mettre au service actif du F\u00fchrer et de la Grande Allemagne. Comme tous les enseignants alsaciens, il fut alors oblig\u00e9 d\u2019effectuer un stage de trois mois d\u2019 \u00ab&nbsp;Umschulung&nbsp;\u00bb (reconversion-r\u00e9\u00e9ducation) en Bade. Comme environ 900 de ses coll\u00e8gues, \u00e0 l\u2019issue du stage, il ne put pas retrouver son poste en Alsace dont il restait titulaire, mais qui \u00e9tait confi\u00e9 \u00e0 un Allemand et il fut affect\u00e9 en Bade, \u00e0 Lahr et dans des localit\u00e9s voisines jusqu\u2019en 1945.<\/p>\n\n\n\n<p>En 1945, il reprit son poste \u00e0 Ensisheim et ses fonctions de secr\u00e9taire d\u00e9partemental du SNI. En juin 1945, il tenta au cours d\u2019une r\u00e9union qui groupait plusieurs centaines d\u2019enseignants, dont certains anciens du Groupement professionnel (o\u00f9 se retrouvaient avant guerre autonomistes et cl\u00e9ricaux) et de l\u2019Union nationale (droite patriote), d\u2019unir tous les enseignants du primaire du Haut-Rhin dans le SNI. L\u2019affiliation \u00e0 la CGT et la fid\u00e9lit\u00e9 \u00e0 la la\u00efcit\u00e9 firent \u00e9chouer le projet et le SGEN s\u2019implanta et devint le syndicat majoritaire dans l\u2019enseignement primaire. Il refusa alors de continuer \u00e0 assurer le secr\u00e9tariat g\u00e9n\u00e9ral, ce qui provoqua la convocation d\u2019une assembl\u00e9e g\u00e9n\u00e9rale extraordinaire le 11 octobre 1945, au cours de laquelle le communiste&nbsp;<a href=\"http:\/\/maitron-en-ligne.univ-paris1.fr\/spip.php?article50791\">Marcel Guillemard<\/a>&nbsp;fut d\u00e9sign\u00e9 pour lui succ\u00e9der. Senger resta secr\u00e9taire, g\u00e9rant du bulletin&nbsp;<em>La Fraternelle<\/em>&nbsp;jusqu\u2019en 1949. D\u00e8s janvier 1946, il aborda la question de l\u2019enseignement de l\u2019allemand \u00e0 l\u2019\u00e9cole primaire, enseign\u00e9 jusqu\u2019en 1939 \u00e0 partir du CE1, suspendu depuis la Lib\u00e9ration&nbsp;: il proposait alors de le reprendre au CM2. \u00c0 la commission ex\u00e9cutive du 5 f\u00e9vrier 1948, il s\u2019opposa \u00e0&nbsp;<a href=\"http:\/\/maitron-en-ligne.univ-paris1.fr\/spip.php?article50791\">Marcel Guillemard<\/a>&nbsp;qui plaidait pour le maintien du SNI \u00e0 la CGT en se pronon\u00e7ant pour l\u2019autonomie. En octobre 1952, \u00e0 la suite du d\u00e9part de Guillemard \u00e0 la retraite, il revint au secr\u00e9tariat g\u00e9n\u00e9ral de la section. En cette qualit\u00e9, il s\u2019\u00e9leva aupr\u00e8s du recteur de l\u2019acad\u00e9mie de Strasbourg contre la tentative de confessionnalisation des \u00e9coles maternelles (qui n\u2019avaient \u00e9t\u00e9 introduites qu\u2019en 1923 et ne tombaient donc pas sous le coup du droit scolaire local). Contrairement \u00e0 sa position de 1946, il protesta violemment contre le d\u00e9cret du 18 d\u00e9cembre 1952 introduisant l\u2019enseignement de l\u2019allemand dans les classes de fin d\u2019\u00e9tudes. En mai 1953, il d\u00e9non\u00e7a la circulaire minist\u00e9rielle autorisant le chanoine Elchinger, directeur dioc\u00e9sain de l\u2019enseignement religieux, \u00e0 faire des conf\u00e9rences p\u00e9dagogiques religieuses aux instituteurs pendant les heures de classe. En novembre 1952, il joignit \u00e0 la direction d\u00e9partementale du SNI la fonction de secr\u00e9taire d\u00e9partemental de la FEN, fonction transf\u00e9r\u00e9e en octobre 1953 \u00e0 Jean-Jacques Schwob* du SNET, tandis que Senger devenait secr\u00e9taire adjoint. En juin 1956, apr\u00e8s avoir \u00e9voqu\u00e9 \u00ab&nbsp;de mesquines querelles de personnes ou des rivalit\u00e9s de tendances&nbsp;\u00bb, \u00ab&nbsp;des intemp\u00e9rances de langage&nbsp;\u00bb et des \u00ab&nbsp;d\u00e9cisions irr\u00e9fl\u00e9chies&nbsp;\u00bb, son rapport moral annon\u00e7a qu\u2019il \u00e9tait fermement d\u00e9cid\u00e9 \u00e0 ne plus pr\u00e9senter sa candidature aux fonctions de secr\u00e9taire g\u00e9n\u00e9ral. Le 12 juillet 1956, il fut remplac\u00e9 par&nbsp;<a href=\"http:\/\/maitron-en-ligne.univ-paris1.fr\/spip.php?article9818\">Pierre Albouy<\/a>.<\/p>\n\n\n\n<p>Ami personnel d\u2019<a href=\"http:\/\/maitron-en-ligne.univ-paris1.fr\/spip.php?article15971\">Albert Bayet<\/a>, il fut d\u00e8s 1945 d\u00e9l\u00e9gu\u00e9 de la F\u00e9d\u00e9ration du Haut-Rhin de la Ligue fran\u00e7aise de l\u2019Enseignement. En cette qualit\u00e9, il organisa les 21 et 22 juillet 1946, le transfert des cendres de&nbsp;<a href=\"http:\/\/maitron-en-ligne.univ-paris1.fr\/spip.php?article135970\">Jean Mac\u00e9<\/a>&nbsp;de Monthiers (Aisne) \u00e0 Beblenheim (Haut-Rhin). Il publia en janvier 1949 avec Paul Barret une brochure&nbsp;<em>Le probl\u00e8me scolaire en Alsace et en Lorraine<\/em>&nbsp;aux \u00c9ditions Temps futur \u00e0 Paris dans la collection \u00ab&nbsp;\u00c0 l\u2019ordre du jour&nbsp;\u00bb. Ce texte fut r\u00e9\u00e9dit\u00e9 en d\u00e9cembre 2001 par&nbsp;<a href=\"http:\/\/maitron-en-ligne.univ-paris1.fr\/spip.php?article142908\">\u00c9douard Boeglin<\/a>&nbsp;dans sa collection \u00ab&nbsp;La documentation r\u00e9publicaine&nbsp;\u00bb (\u00c9dimaf, \u00e9diteur) sous le titre&nbsp;<em>Bismarck chez Jules Ferry<\/em>, qui se r\u00e9f\u00e8re au bandeau de couverture de la premi\u00e8re \u00e9dition \u00ab&nbsp;Le comte von Bismarck Bohlen et le Generalfeldmarschall von Manteuffel r\u00e9gissent encore l\u2019enseignement primaire dans trois d\u00e9partements fran\u00e7ais&nbsp;\u00bb. \u00c0 la suite d\u2019une protestation \u00e9piscopale, il fallut retirer le bandeau. Sous sa triple casquette de d\u00e9l\u00e9gu\u00e9 de la LFE, de responsable syndical et de responsable du conseil d\u00e9partemental de parents d\u2019\u00e9l\u00e8ves, Senger cr\u00e9a en 1948 et anima le Cartel d\u2019action la\u00efque du Haut-Rhin.<\/p>\n\n\n\n<p>Senger, nomm\u00e9 en 1951 directeur de l\u2019\u00e9cole primaire Nessel \u00e0 Mulhouse, la dirigea jusqu\u2019\u00e0 sa retraite en 1964. Il garda le secr\u00e9tariat g\u00e9n\u00e9ral de la FOL du Haut\u2013Rhin. Il fut nomm\u00e9 chevalier dans l\u2019ordre du M\u00e9rite en 1967.<\/p>\n","protected":false},"excerpt":{"rendered":"<p>SENGER Jules, Xavier, Antoine N\u00e9 le 5\u00a0mai 1902 \u00e0 Montreux-Vieux (alors Altm\u00fcnsterol, Haute-Alsace annex\u00e9e), mort le 4\u00a0juin 1988 \u00e0 Mulhouse (Haut-Rhin)\u00a0; instituteur dans le Haut-Rhin\u00a0; militant syndicaliste, la\u00efque et socialiste\u00a0; secr\u00e9taire g\u00e9n\u00e9ral de la section SNI du Haut-Rhin de 1936 &hellip; <a href=\"https:\/\/montreux-vieux.net\/?page_id=17248\">Continuer la lecture <span class=\"meta-nav\">&rarr;<\/span><\/a><\/p>\n","protected":false},"author":1,"featured_media":0,"parent":4091,"menu_order":65,"comment_status":"closed","ping_status":"open","template":"","meta":{"footnotes":""},"class_list":["post-17248","page","type-page","status-publish","hentry"],"_links":{"self":[{"href":"https:\/\/montreux-vieux.net\/index.php?rest_route=\/wp\/v2\/pages\/17248","targetHints":{"allow":["GET"]}}],"collection":[{"href":"https:\/\/montreux-vieux.net\/index.php?rest_route=\/wp\/v2\/pages"}],"about":[{"href":"https:\/\/montreux-vieux.net\/index.php?rest_route=\/wp\/v2\/types\/page"}],"author":[{"embeddable":true,"href":"https:\/\/montreux-vieux.net\/index.php?rest_route=\/wp\/v2\/users\/1"}],"replies":[{"embeddable":true,"href":"https:\/\/montreux-vieux.net\/index.php?rest_route=%2Fwp%2Fv2%2Fcomments&post=17248"}],"version-history":[{"count":1,"href":"https:\/\/montreux-vieux.net\/index.php?rest_route=\/wp\/v2\/pages\/17248\/revisions"}],"predecessor-version":[{"id":17249,"href":"https:\/\/montreux-vieux.net\/index.php?rest_route=\/wp\/v2\/pages\/17248\/revisions\/17249"}],"up":[{"embeddable":true,"href":"https:\/\/montreux-vieux.net\/index.php?rest_route=\/wp\/v2\/pages\/4091"}],"wp:attachment":[{"href":"https:\/\/montreux-vieux.net\/index.php?rest_route=%2Fwp%2Fv2%2Fmedia&parent=17248"}],"curies":[{"name":"wp","href":"https:\/\/api.w.org\/{rel}","templated":true}]}}