{"id":17251,"date":"2019-08-08T15:18:46","date_gmt":"2019-08-08T14:18:46","guid":{"rendered":"http:\/\/montreux-vieux.net\/?page_id=17251"},"modified":"2019-08-08T15:18:46","modified_gmt":"2019-08-08T14:18:46","slug":"cuenin-jacques","status":"publish","type":"page","link":"https:\/\/montreux-vieux.net\/?page_id=17251","title":{"rendered":"Cuenin Jacques"},"content":{"rendered":"\n<h3 class=\"wp-block-heading\" style=\"text-align:center\">Cuenin Jacques<\/h3>\n\n\n\n<p> Originaire de Montreux-Vieux, Jacques CUENIN fut ordonn\u00e9 pr\u00eatre en 1739. Vicaire \u00e0 Grosne, il prit en charge la paroisse de 1741 \u00e0 sa mort en 1772, \u00e0 l&rsquo;\u00e2ge de 61 ans. Il d\u00e9c\u00e9da \u00e0 Porrentruy o\u00f9 il \u00e9tait all\u00e9 consulter un m\u00e9decin. Le cur\u00e9 CUENIN fut enterr\u00e9 au pied du ma\u00eetre-autel de l&rsquo;\u00e9glise de Grosne. D&rsquo;une g\u00e9n\u00e9rosit\u00e9 sans limite, il ne laissa aucun h\u00e9ritage. BEHRA (Les Trois Montreux) affirme qu&rsquo;il avait distribu\u00e9 tous ses biens aux pauvres <\/p>\n\n\n\n<p><em>(sources Chritophe GRUDLER et Andr\u00e9 GANTER)<\/em><\/p>\n","protected":false},"excerpt":{"rendered":"<p>Cuenin Jacques Originaire de Montreux-Vieux, Jacques CUENIN fut ordonn\u00e9 pr\u00eatre en 1739. Vicaire \u00e0 Grosne, il prit en charge la paroisse de 1741 \u00e0 sa mort en 1772, \u00e0 l&rsquo;\u00e2ge de 61 ans. Il d\u00e9c\u00e9da \u00e0 Porrentruy o\u00f9 il \u00e9tait &hellip; <a href=\"https:\/\/montreux-vieux.net\/?page_id=17251\">Continuer la lecture <span class=\"meta-nav\">&rarr;<\/span><\/a><\/p>\n","protected":false},"author":1,"featured_media":0,"parent":4091,"menu_order":70,"comment_status":"closed","ping_status":"open","template":"","meta":{"footnotes":""},"class_list":["post-17251","page","type-page","status-publish","hentry"],"_links":{"self":[{"href":"https:\/\/montreux-vieux.net\/index.php?rest_route=\/wp\/v2\/pages\/17251","targetHints":{"allow":["GET"]}}],"collection":[{"href":"https:\/\/montreux-vieux.net\/index.php?rest_route=\/wp\/v2\/pages"}],"about":[{"href":"https:\/\/montreux-vieux.net\/index.php?rest_route=\/wp\/v2\/types\/page"}],"author":[{"embeddable":true,"href":"https:\/\/montreux-vieux.net\/index.php?rest_route=\/wp\/v2\/users\/1"}],"replies":[{"embeddable":true,"href":"https:\/\/montreux-vieux.net\/index.php?rest_route=%2Fwp%2Fv2%2Fcomments&post=17251"}],"version-history":[{"count":1,"href":"https:\/\/montreux-vieux.net\/index.php?rest_route=\/wp\/v2\/pages\/17251\/revisions"}],"predecessor-version":[{"id":17252,"href":"https:\/\/montreux-vieux.net\/index.php?rest_route=\/wp\/v2\/pages\/17251\/revisions\/17252"}],"up":[{"embeddable":true,"href":"https:\/\/montreux-vieux.net\/index.php?rest_route=\/wp\/v2\/pages\/4091"}],"wp:attachment":[{"href":"https:\/\/montreux-vieux.net\/index.php?rest_route=%2Fwp%2Fv2%2Fmedia&parent=17251"}],"curies":[{"name":"wp","href":"https:\/\/api.w.org\/{rel}","templated":true}]}}