{"id":17296,"date":"2019-08-18T17:15:15","date_gmt":"2019-08-18T16:15:15","guid":{"rendered":"http:\/\/montreux-vieux.net\/?page_id=17296"},"modified":"2021-05-15T16:32:18","modified_gmt":"2021-05-15T15:32:18","slug":"le-saviez-vous-la-boucherie-le-cafe-restaurant-le-cinema-et-le-dentiste-dans-lancien-immeuble-de-la-famille-benhalima-2","status":"publish","type":"page","link":"https:\/\/montreux-vieux.net\/?page_id=17296","title":{"rendered":"Le saviez-vous ? La boucherie, le caf\u00e9 restaurant, le cin\u00e9ma et le dentiste dans l&rsquo;ancien immeuble de la famille Benhalima"},"content":{"rendered":"\n<h3 class=\"has-text-align-center wp-block-heading\">Le saviez-vous ? La boucherie, le caf\u00e9 restaurant, le cin\u00e9ma et le dentiste dans l&rsquo;ancien immeuble de la famille Benhalima<\/h3>\n\n\n\n<h4 class=\"wp-block-heading\">Belle surprise ce matin en d\u00e9couvrant cette photo sur laquelle j&rsquo;ai d\u00e9couvert la boucherie Gaugler, le caf\u00e9 restaurant Heinis, le cin\u00e9ma et surtout le dentiste qui cherchait d\u00e9j\u00e0 du personnel en 1912. Le tout dans l&rsquo;immeuble dont \u00e9tait propri\u00e9taire la famille Benhalima<\/h4>\n\n\n\n<div class=\"wp-block-image\"><figure class=\"aligncenter\"><img decoding=\"async\" src=\"http:\/\/montreux-vieux.net\/montreux-vieux.net\/wp-content\/uploads\/2018\/08\/Sdentiste.jpg\" alt=\"\"\/><\/figure><\/div>\n\n\n\n<p>Verso d&rsquo;une autre carte postale<\/p>\n\n\n\n<figure class=\"wp-block-image\"><img decoding=\"async\" src=\"https:\/\/delcampe-static.net\/img_large\/auction\/001\/270\/040\/542_002.jpg?v=2\" alt=\"CPA Montreux Vieux Altm\u00fcnsterol Elsass Haut Rhin, Restaurant Du Soleil - Autres Communes\"\/><\/figure>\n","protected":false},"excerpt":{"rendered":"<p>Le saviez-vous ? La boucherie, le caf\u00e9 restaurant, le cin\u00e9ma et le dentiste dans l&rsquo;ancien immeuble de la famille Benhalima Belle surprise ce matin en d\u00e9couvrant cette photo sur laquelle j&rsquo;ai d\u00e9couvert la boucherie Gaugler, le caf\u00e9 restaurant Heinis, le &hellip; <a href=\"https:\/\/montreux-vieux.net\/?page_id=17296\">Continuer la lecture <span class=\"meta-nav\">&rarr;<\/span><\/a><\/p>\n","protected":false},"author":1,"featured_media":0,"parent":1502,"menu_order":60,"comment_status":"closed","ping_status":"open","template":"","meta":{"footnotes":""},"class_list":["post-17296","page","type-page","status-publish","hentry"],"_links":{"self":[{"href":"https:\/\/montreux-vieux.net\/index.php?rest_route=\/wp\/v2\/pages\/17296","targetHints":{"allow":["GET"]}}],"collection":[{"href":"https:\/\/montreux-vieux.net\/index.php?rest_route=\/wp\/v2\/pages"}],"about":[{"href":"https:\/\/montreux-vieux.net\/index.php?rest_route=\/wp\/v2\/types\/page"}],"author":[{"embeddable":true,"href":"https:\/\/montreux-vieux.net\/index.php?rest_route=\/wp\/v2\/users\/1"}],"replies":[{"embeddable":true,"href":"https:\/\/montreux-vieux.net\/index.php?rest_route=%2Fwp%2Fv2%2Fcomments&post=17296"}],"version-history":[{"count":2,"href":"https:\/\/montreux-vieux.net\/index.php?rest_route=\/wp\/v2\/pages\/17296\/revisions"}],"predecessor-version":[{"id":23030,"href":"https:\/\/montreux-vieux.net\/index.php?rest_route=\/wp\/v2\/pages\/17296\/revisions\/23030"}],"up":[{"embeddable":true,"href":"https:\/\/montreux-vieux.net\/index.php?rest_route=\/wp\/v2\/pages\/1502"}],"wp:attachment":[{"href":"https:\/\/montreux-vieux.net\/index.php?rest_route=%2Fwp%2Fv2%2Fmedia&parent=17296"}],"curies":[{"name":"wp","href":"https:\/\/api.w.org\/{rel}","templated":true}]}}