{"id":17356,"date":"2019-09-02T13:43:47","date_gmt":"2019-09-02T12:43:47","guid":{"rendered":"http:\/\/montreux-vieux.net\/?page_id=17356"},"modified":"2021-11-27T15:02:22","modified_gmt":"2021-11-27T14:02:22","slug":"deux-ministres-en-octobre-1914-a-montreux-vieux","status":"publish","type":"page","link":"https:\/\/montreux-vieux.net\/?page_id=17356","title":{"rendered":"Deux ministres en octobre 1914 \u00e0 Montreux-Vieux"},"content":{"rendered":"\n<h3 class=\"has-text-align-center wp-block-heading\">Deux ministres en octobre 1914 \u00e0 Montreux-Vieux<\/h3>\n\n\n\n<h4 class=\"wp-block-heading\">Altmunsteroll redevenu Montreux-Vieux les anciens poteaux fronti\u00e8res allemands, sur la route et sur la voie ferr\u00e9e de Belfort \u00e0 Mulhouse repeints aux couleurs fran\u00e7aises.<\/h4>\n\n\n\n<h4 class=\"wp-block-heading\">Monsieur Aristide Briand Ministre de la Justice, charg\u00e9 des probl\u00e8mes de cultes et son coll\u00e8gue Albert Sarraut, ministre de l&rsquo;instruction publique ont pass\u00e9 d\u00e9but octobre 1914 un moment dans l&rsquo;Est au milieu de leurs soldats, dont Montreux-Vieux.<\/h4>\n\n\n\n<div class=\"wp-block-image\"><figure class=\"aligncenter is-resized\"><a href=\"http:\/\/montreux-vieux.net\/montreux-vieux.net\/wp-content\/uploads\/2018\/09\/Deux-ministres.jpg\" target=\"_blank\" rel=\"noreferrer noopener\"><img loading=\"lazy\" decoding=\"async\" src=\"http:\/\/montreux-vieux.net\/montreux-vieux.net\/wp-content\/uploads\/2018\/09\/Deux-ministres.jpg\" alt=\"\" class=\"wp-image-11021\" width=\"579\" height=\"391\" srcset=\"https:\/\/montreux-vieux.net\/montreux-vieux.net\/wp-content\/uploads\/2018\/09\/Deux-ministres.jpg 1000w, https:\/\/montreux-vieux.net\/montreux-vieux.net\/wp-content\/uploads\/2018\/09\/Deux-ministres-300x203.jpg 300w, https:\/\/montreux-vieux.net\/montreux-vieux.net\/wp-content\/uploads\/2018\/09\/Deux-ministres-768x519.jpg 768w, https:\/\/montreux-vieux.net\/montreux-vieux.net\/wp-content\/uploads\/2018\/09\/Deux-ministres-600x406.jpg 600w\" sizes=\"auto, (max-width: 579px) 100vw, 579px\" \/><\/a><\/figure><\/div>\n\n\n\n<div class=\"wp-block-image\"><figure class=\"aligncenter is-resized\"><a href=\"http:\/\/montreux-vieux.net\/montreux-vieux.net\/wp-content\/uploads\/2018\/09\/Saurait-Briand.jpg\"><img loading=\"lazy\" decoding=\"async\" src=\"http:\/\/montreux-vieux.net\/montreux-vieux.net\/wp-content\/uploads\/2018\/09\/Saurait-Briand.jpg\" alt=\"\" class=\"wp-image-11022\" width=\"584\" height=\"420\" srcset=\"https:\/\/montreux-vieux.net\/montreux-vieux.net\/wp-content\/uploads\/2018\/09\/Saurait-Briand.jpg 1000w, https:\/\/montreux-vieux.net\/montreux-vieux.net\/wp-content\/uploads\/2018\/09\/Saurait-Briand-300x216.jpg 300w, https:\/\/montreux-vieux.net\/montreux-vieux.net\/wp-content\/uploads\/2018\/09\/Saurait-Briand-768x553.jpg 768w, https:\/\/montreux-vieux.net\/montreux-vieux.net\/wp-content\/uploads\/2018\/09\/Saurait-Briand-600x432.jpg 600w\" sizes=\"auto, (max-width: 584px) 100vw, 584px\" \/><\/a><\/figure><\/div>\n\n\n\n<h5 class=\"wp-block-heading\">Sources Livre \u00e9lectronique L&rsquo;Illustration n\u00b0 3739, auteur Various publi\u00e9 le 27\/8\/2017<\/h5>\n","protected":false},"excerpt":{"rendered":"<p>Deux ministres en octobre 1914 \u00e0 Montreux-Vieux Altmunsteroll redevenu Montreux-Vieux les anciens poteaux fronti\u00e8res allemands, sur la route et sur la voie ferr\u00e9e de Belfort \u00e0 Mulhouse repeints aux couleurs fran\u00e7aises. Monsieur Aristide Briand Ministre de la Justice, charg\u00e9 des &hellip; <a href=\"https:\/\/montreux-vieux.net\/?page_id=17356\">Continuer la lecture <span class=\"meta-nav\">&rarr;<\/span><\/a><\/p>\n","protected":false},"author":1,"featured_media":0,"parent":12673,"menu_order":125,"comment_status":"closed","ping_status":"open","template":"","meta":{"footnotes":""},"class_list":["post-17356","page","type-page","status-publish","hentry"],"_links":{"self":[{"href":"https:\/\/montreux-vieux.net\/index.php?rest_route=\/wp\/v2\/pages\/17356","targetHints":{"allow":["GET"]}}],"collection":[{"href":"https:\/\/montreux-vieux.net\/index.php?rest_route=\/wp\/v2\/pages"}],"about":[{"href":"https:\/\/montreux-vieux.net\/index.php?rest_route=\/wp\/v2\/types\/page"}],"author":[{"embeddable":true,"href":"https:\/\/montreux-vieux.net\/index.php?rest_route=\/wp\/v2\/users\/1"}],"replies":[{"embeddable":true,"href":"https:\/\/montreux-vieux.net\/index.php?rest_route=%2Fwp%2Fv2%2Fcomments&post=17356"}],"version-history":[{"count":4,"href":"https:\/\/montreux-vieux.net\/index.php?rest_route=\/wp\/v2\/pages\/17356\/revisions"}],"predecessor-version":[{"id":24050,"href":"https:\/\/montreux-vieux.net\/index.php?rest_route=\/wp\/v2\/pages\/17356\/revisions\/24050"}],"up":[{"embeddable":true,"href":"https:\/\/montreux-vieux.net\/index.php?rest_route=\/wp\/v2\/pages\/12673"}],"wp:attachment":[{"href":"https:\/\/montreux-vieux.net\/index.php?rest_route=%2Fwp%2Fv2%2Fmedia&parent=17356"}],"curies":[{"name":"wp","href":"https:\/\/api.w.org\/{rel}","templated":true}]}}