{"id":17374,"date":"2019-09-02T14:16:05","date_gmt":"2019-09-02T13:16:05","guid":{"rendered":"http:\/\/montreux-vieux.net\/?page_id=17374"},"modified":"2019-09-02T14:16:05","modified_gmt":"2019-09-02T13:16:05","slug":"un-montreusien-giovanoli-fritz-conseiller-detat-en-suisse","status":"publish","type":"page","link":"https:\/\/montreux-vieux.net\/?page_id=17374","title":{"rendered":"Un montreusien Giovanoli, Fritz, conseiller d&rsquo;Etat en Suisse"},"content":{"rendered":"\n<h4 class=\"wp-block-heading\" style=\"text-align:center\">Un montreusien Giovanoli, Fritz, conseiller d&rsquo;Etat en Suisse<\/h4>\n\n\n\n<div class=\"wp-block-image\"><figure class=\"aligncenter\"><img loading=\"lazy\" decoding=\"async\" width=\"63\" height=\"94\" src=\"http:\/\/montreux-vieux.net\/montreux-vieux.net\/wp-content\/uploads\/2018\/09\/ScreenShot1205.jpg\" alt=\"\" class=\"wp-image-11087\"\/><\/figure><\/div>\n\n\n\n<h4 class=\"wp-block-heading\">N\u00e9 le&nbsp;&nbsp;16.3.1898 \u00e0 Montreux-Vieux (Alsace),&nbsp;d\u00e9c\u00e9d\u00e9 le&nbsp;&nbsp;26.6.1964 \u00e0 Berne, de Frasnacht (aujourd&rsquo;hui. comm. Arbon). Fils d&rsquo;Adolf, commer\u00e7ant, et de Johanna Wassermann. &nbsp;Ecole r\u00e9ale sup\u00e9rieure de B\u00e2le (maturit\u00e9 en 1918), \u00e9tudes d&rsquo;\u00e9conomie politique aux universit\u00e9s de B\u00e2le et Berlin (doctorat en 1924). Secr\u00e9taire de direction des \u00e9ditions Hallwag \u00e0 Berne (1925-1929), puis chef statisticien \u00e0 l&rsquo;Office f\u00e9d\u00e9ral de la statistique (1929-1933), G. fut licenci\u00e9 en raison d&rsquo;un \u00e9crit critique sur le capital financier. Secr\u00e9taire du PS bernois (1933-1946), membre du Conseil de ville (l\u00e9gislatif) de Berne (1929-1946), d\u00e9put\u00e9 au Grand Conseil bernois (1934-1946), conseiller national (1938-1939, 1943-1946 et 1955-1963), conseiller d&rsquo;Etat (1946-1964, Communes et Sant\u00e9 publique). P\u00e9n\u00e9tr\u00e9 d&rsquo;id\u00e9ologie marxiste, situ\u00e9 \u00e0 l&rsquo;aile gauche du PS, G. milita dans les ann\u00e9es 1930 en faveur des r\u00e9publicains espagnols et contre le frontisme. Comme conseiller d&rsquo;Etat, il d\u00e9veloppa le syst\u00e8me hospitalier bernois, proposant \u00e9galement l&rsquo;introduction d&rsquo;un mod\u00e8le de sant\u00e9 publique d&rsquo;inspiration britannique. Durant la guerre froide, il fut de ceux qui pr\u00e9conisaient l&rsquo;ouverture de la Suisse, notamment en tant que fondateur et pr\u00e9sident du mouvement suisse contre l&rsquo;armement atomique.<\/h4>\n\n\n\n<p><\/p>\n","protected":false},"excerpt":{"rendered":"<p>Un montreusien Giovanoli, Fritz, conseiller d&rsquo;Etat en Suisse N\u00e9 le&nbsp;&nbsp;16.3.1898 \u00e0 Montreux-Vieux (Alsace),&nbsp;d\u00e9c\u00e9d\u00e9 le&nbsp;&nbsp;26.6.1964 \u00e0 Berne, de Frasnacht (aujourd&rsquo;hui. comm. Arbon). Fils d&rsquo;Adolf, commer\u00e7ant, et de Johanna Wassermann. &nbsp;Ecole r\u00e9ale sup\u00e9rieure de B\u00e2le (maturit\u00e9 en 1918), \u00e9tudes d&rsquo;\u00e9conomie politique aux &hellip; <a href=\"https:\/\/montreux-vieux.net\/?page_id=17374\">Continuer la lecture <span class=\"meta-nav\">&rarr;<\/span><\/a><\/p>\n","protected":false},"author":1,"featured_media":0,"parent":4091,"menu_order":75,"comment_status":"closed","ping_status":"open","template":"","meta":{"footnotes":""},"class_list":["post-17374","page","type-page","status-publish","hentry"],"_links":{"self":[{"href":"https:\/\/montreux-vieux.net\/index.php?rest_route=\/wp\/v2\/pages\/17374","targetHints":{"allow":["GET"]}}],"collection":[{"href":"https:\/\/montreux-vieux.net\/index.php?rest_route=\/wp\/v2\/pages"}],"about":[{"href":"https:\/\/montreux-vieux.net\/index.php?rest_route=\/wp\/v2\/types\/page"}],"author":[{"embeddable":true,"href":"https:\/\/montreux-vieux.net\/index.php?rest_route=\/wp\/v2\/users\/1"}],"replies":[{"embeddable":true,"href":"https:\/\/montreux-vieux.net\/index.php?rest_route=%2Fwp%2Fv2%2Fcomments&post=17374"}],"version-history":[{"count":1,"href":"https:\/\/montreux-vieux.net\/index.php?rest_route=\/wp\/v2\/pages\/17374\/revisions"}],"predecessor-version":[{"id":17375,"href":"https:\/\/montreux-vieux.net\/index.php?rest_route=\/wp\/v2\/pages\/17374\/revisions\/17375"}],"up":[{"embeddable":true,"href":"https:\/\/montreux-vieux.net\/index.php?rest_route=\/wp\/v2\/pages\/4091"}],"wp:attachment":[{"href":"https:\/\/montreux-vieux.net\/index.php?rest_route=%2Fwp%2Fv2%2Fmedia&parent=17374"}],"curies":[{"name":"wp","href":"https:\/\/api.w.org\/{rel}","templated":true}]}}