{"id":17384,"date":"2019-09-02T14:45:53","date_gmt":"2019-09-02T13:45:53","guid":{"rendered":"http:\/\/montreux-vieux.net\/?page_id=17384"},"modified":"2019-09-02T14:45:53","modified_gmt":"2019-09-02T13:45:53","slug":"espace-vtt-les-moustiques","status":"publish","type":"page","link":"https:\/\/montreux-vieux.net\/?page_id=17384","title":{"rendered":"Espace VTT Les Moustiques"},"content":{"rendered":"\n<h4 class=\"wp-block-heading\" style=\"text-align:center\">Espace VTT Les Moustiques<\/h4>\n\n\n\n<div class=\"wp-block-image\"><figure class=\"aligncenter\"><a href=\"http:\/\/montreux-vieux.net\/montreux-vieux.net\/wp-content\/uploads\/2018\/09\/ScreenShot1169.jpg\" target=\"_blank\" rel=\"noreferrer noopener\"><img loading=\"lazy\" decoding=\"async\" width=\"432\" height=\"768\" src=\"http:\/\/montreux-vieux.net\/montreux-vieux.net\/wp-content\/uploads\/2018\/09\/ScreenShot1169.jpg\" alt=\"\" class=\"wp-image-11044\" srcset=\"https:\/\/montreux-vieux.net\/montreux-vieux.net\/wp-content\/uploads\/2018\/09\/ScreenShot1169.jpg 432w, https:\/\/montreux-vieux.net\/montreux-vieux.net\/wp-content\/uploads\/2018\/09\/ScreenShot1169-169x300.jpg 169w\" sizes=\"auto, (max-width: 432px) 100vw, 432px\" \/><\/a><\/figure><\/div>\n\n\n\n<h4 class=\"wp-block-heading\">Les for\u00eat mise \u00e0 disposition de l&rsquo;ASCL par la commune est baptis\u00e9e&#8230;<\/h4>\n\n\n\n<h4 class=\"wp-block-heading\">Un panneau a \u00e9t\u00e9 plac\u00e9 \u00e0 l&rsquo;entr\u00e9e de la for\u00eat et un autre au d\u00e9part du chemin d&rsquo;acc\u00e8s \u00e0 la for\u00eat depuis la route reliant Montreux-Vieux \u00e0 Montreux-Ch\u00e2teau.<\/h4>\n","protected":false},"excerpt":{"rendered":"<p>Espace VTT Les Moustiques Les for\u00eat mise \u00e0 disposition de l&rsquo;ASCL par la commune est baptis\u00e9e&#8230; Un panneau a \u00e9t\u00e9 plac\u00e9 \u00e0 l&rsquo;entr\u00e9e de la for\u00eat et un autre au d\u00e9part du chemin d&rsquo;acc\u00e8s \u00e0 la for\u00eat depuis la route &hellip; <a href=\"https:\/\/montreux-vieux.net\/?page_id=17384\">Continuer la lecture <span class=\"meta-nav\">&rarr;<\/span><\/a><\/p>\n","protected":false},"author":1,"featured_media":0,"parent":13036,"menu_order":50,"comment_status":"closed","ping_status":"open","template":"","meta":{"footnotes":""},"class_list":["post-17384","page","type-page","status-publish","hentry"],"_links":{"self":[{"href":"https:\/\/montreux-vieux.net\/index.php?rest_route=\/wp\/v2\/pages\/17384","targetHints":{"allow":["GET"]}}],"collection":[{"href":"https:\/\/montreux-vieux.net\/index.php?rest_route=\/wp\/v2\/pages"}],"about":[{"href":"https:\/\/montreux-vieux.net\/index.php?rest_route=\/wp\/v2\/types\/page"}],"author":[{"embeddable":true,"href":"https:\/\/montreux-vieux.net\/index.php?rest_route=\/wp\/v2\/users\/1"}],"replies":[{"embeddable":true,"href":"https:\/\/montreux-vieux.net\/index.php?rest_route=%2Fwp%2Fv2%2Fcomments&post=17384"}],"version-history":[{"count":1,"href":"https:\/\/montreux-vieux.net\/index.php?rest_route=\/wp\/v2\/pages\/17384\/revisions"}],"predecessor-version":[{"id":17385,"href":"https:\/\/montreux-vieux.net\/index.php?rest_route=\/wp\/v2\/pages\/17384\/revisions\/17385"}],"up":[{"embeddable":true,"href":"https:\/\/montreux-vieux.net\/index.php?rest_route=\/wp\/v2\/pages\/13036"}],"wp:attachment":[{"href":"https:\/\/montreux-vieux.net\/index.php?rest_route=%2Fwp%2Fv2%2Fmedia&parent=17384"}],"curies":[{"name":"wp","href":"https:\/\/api.w.org\/{rel}","templated":true}]}}