{"id":17539,"date":"2019-09-09T17:16:59","date_gmt":"2019-09-09T16:16:59","guid":{"rendered":"http:\/\/montreux-vieux.net\/?page_id=17539"},"modified":"2019-09-09T17:16:59","modified_gmt":"2019-09-09T16:16:59","slug":"le-capitaine-paul-gustave-joseph-edmond-cuenin","status":"publish","type":"page","link":"https:\/\/montreux-vieux.net\/?page_id=17539","title":{"rendered":"Le capitaine Paul, Gustave, Joseph, Edmond CUENIN"},"content":{"rendered":"\n<h4 class=\"wp-block-heading\" style=\"text-align:center\">Le capitaine Paul, Gustave, Joseph, Edmond CUENIN<\/h4>\n\n\n\n<div class=\"wp-block-image\"><figure class=\"aligncenter\"><img decoding=\"async\" src=\"http:\/\/montreux-vieux.net\/montreux-vieux.net\/wp-content\/uploads\/2015\/03\/ScreenShot116.jpg\" alt=\"La maison Cuenin le bureau de tabac\"\/><\/figure><\/div>\n\n\n\n<h4 class=\"wp-block-heading\">Paul, Gustave, Joseph Edmond Cuenin, est n\u00e9 le 13 ao\u00fbt 1873 \u00e0 Montreux-Vieux. Il est d\u00e9c\u00e9d\u00e9 \u00e0 Altkirch le 22 avril 1963. En tant que militaire il a particip\u00e9 \u00e0 la grande guerre dans les unit\u00e9s suivantes&nbsp;<strong>:<\/strong>&nbsp;7e r\u00e9giment d\u2019infanterie territoriale (7e RIT)&nbsp;,&nbsp;43e r\u00e9giment d\u2019infanterie territoriale (43e RIT)&nbsp;,&nbsp;49e r\u00e9giment d\u2019infanterie territoriale (49e RIT)&nbsp;,&nbsp;250e r\u00e9giment d\u2019infanterie (250e RI).<\/h4>\n\n\n\n<h4 class=\"wp-block-heading\">Il \u00e9tait le fils de Gaspard Henri CUENIN&nbsp;1828-1909 et &nbsp;Marie-Louise, Jos\u00e9phine CUENIN&nbsp;1841-1890<\/h4>\n\n\n\n<h4 class=\"wp-block-heading\">Mari\u00e9&nbsp;le&nbsp;17&nbsp;janvier&nbsp;1903, Montreux-Ch\u00e2teau, 90130, Territoire de Belfort, Bourgogne-Franche-Comt\u00e9, FRANCE,&nbsp;avec&nbsp;Marie Odile PERROT&nbsp;1882-1954&nbsp;&nbsp;(t\u00e9moins :&nbsp;Ernest, Jules, Henri&nbsp;Jules&nbsp;CUENIN&nbsp;1868-1954&nbsp;,&nbsp;Gaspard Henri CUENIN&nbsp;1828-1909&nbsp;) .<\/h4>\n\n\n\n<h4 class=\"wp-block-heading\">&nbsp;Il a eu trois enfants&nbsp;:&nbsp;Edmond, Paul CUENIN,&nbsp;Chevalier de la L\u00e9gion d\u2019Honneur&nbsp;1901-1976 &nbsp;Henri Adolphe Th\u00e9odore CUENIN&nbsp;1905-1979 &nbsp;Ren\u00e9 Pierre Louis CUENIN&nbsp;1910-1984<\/h4>\n\n\n\n<h4 class=\"wp-block-heading\">Il avait cinq fr\u00e8res et s\u0153urs &nbsp;Alphonse, Henri, \u00c9mile CUENIN&nbsp;1866-1960,&nbsp;Ernest, Jules, Henri&nbsp;Jules&nbsp;CUENIN&nbsp;1868-1954, Adolphe, Pierre Eug\u00e8ne CUENIN&nbsp;1869-1946, &nbsp;Marie-Louise, C\u00e9lestine, Alphonsine CUENIN&nbsp;1871-1961,&nbsp;Henri, Louis CUENIN&nbsp;1877-1961<\/h4>\n\n\n\n<h4 class=\"wp-block-heading\">Le capitaine\u00a0 Paul Gustave, Joseph, Edmond\u00a0 Cuenin avait une s\u0153ur Marie qui tenait le bureau de tabac. Voici l\u2019article \u00a0l\u2019article \u00e9crit le 13 octobre 2016 sur ce bureau de tabac<\/h4>\n\n\n\n<h3 class=\"wp-block-heading\" style=\"text-align:center\">Les bureaux de tabac \u00e0 Montreux-Vieux<\/h3>\n\n\n\n<h4 class=\"wp-block-heading\">Le bureau de tabac a chang\u00e9 plusieurs fois&nbsp;d\u2019endroits&nbsp;&nbsp;depuis les ann\u00e9es o\u00f9 Marie Cuenin le tenait rue de Belfort dans la maison en face de la ferme Cuenin Paul, chez Luc Dangel. Elle l\u2019a tenu jusqu\u2019\u00e0 l\u2019\u00e2ge de 90 ans pass\u00e9s. Marie Cuenin \u00e9tait c\u00e9libataire, elle vivait avec son fr\u00e8re Jules c\u00e9libataire \u00e9galement. Marie avait aussi un autre fr\u00e8re, Paul, capitaine dans l\u2019arm\u00e9e qui vivait dans un autre logement du m\u00eame immeuble avec son \u00e9pouse Marie. Elle avait \u00e9galement un autre fr\u00e8re Henri qui vivait \u00e9galement dans la m\u00eame maison avec son \u00e9pouse Ernestine. &nbsp;C\u2019est ensuite Mme Didierlaurent Mathilde qui l\u2019a repris et exploit\u00e9&nbsp;dans le b\u00e2timent du restaurant de la gare puis&nbsp;dans la maison Specht faisant l\u2019angle de la rue des Bains avec celle de la rue de &nbsp;l\u2019Eglise et en dernier dans la rue des Vosges &nbsp;Mme Legroux a par la suite pris le relais et en dernier par M.Sprenger.<\/h4>\n\n\n\n<div class=\"wp-block-image\"><figure class=\"aligncenter\"><a href=\"http:\/\/montreux-vieux.net\/?attachment_id=5251\"><img decoding=\"async\" src=\"http:\/\/montreux-vieux.net\/montreux-vieux.net\/wp-content\/uploads\/2015\/03\/ScreenShot386-150x150.jpg\" alt=\"\"\/><\/a><\/figure><\/div>\n\n\n\n<p style=\"text-align:center\">Marie Cuenin au centre<\/p>\n\n\n\n<div class=\"wp-block-image\"><figure class=\"aligncenter\"><a href=\"http:\/\/montreux-vieux.net\/?attachment_id=5252\"><img decoding=\"async\" src=\"http:\/\/montreux-vieux.net\/montreux-vieux.net\/wp-content\/uploads\/2015\/03\/ScreenShot385-150x150.jpg\" alt=\"\"\/><\/a><\/figure><\/div>\n\n\n\n<p style=\"text-align:center\">Marie Cuenin 3 \u00e8me \u00e0 gauche<\/p>\n\n\n\n<div class=\"wp-block-image\"><figure class=\"aligncenter\"><a href=\"http:\/\/montreux-vieux.net\/?attachment_id=5254\"><img decoding=\"async\" src=\"http:\/\/montreux-vieux.net\/montreux-vieux.net\/wp-content\/uploads\/2015\/03\/00047-150x150.jpg\" alt=\"\"\/><\/a><\/figure><\/div>\n\n\n\n<p style=\"text-align:center\">Tabac rue de la Gare<\/p>\n\n\n\n<div class=\"wp-block-image\"><figure class=\"aligncenter\"><a href=\"http:\/\/montreux-vieux.net\/?attachment_id=5255\"><img decoding=\"async\" src=\"http:\/\/montreux-vieux.net\/montreux-vieux.net\/wp-content\/uploads\/2015\/03\/00061-150x150.jpg\" alt=\"\"\/><\/a><\/figure><\/div>\n\n\n\n<p style=\"text-align:center\">Tabac rue des Vosges<\/p>\n\n\n\n<p>  <\/p>\n","protected":false},"excerpt":{"rendered":"<p>Le capitaine Paul, Gustave, Joseph, Edmond CUENIN Paul, Gustave, Joseph Edmond Cuenin, est n\u00e9 le 13 ao\u00fbt 1873 \u00e0 Montreux-Vieux. Il est d\u00e9c\u00e9d\u00e9 \u00e0 Altkirch le 22 avril 1963. En tant que militaire il a particip\u00e9 \u00e0 la grande guerre &hellip; <a href=\"https:\/\/montreux-vieux.net\/?page_id=17539\">Continuer la lecture <span class=\"meta-nav\">&rarr;<\/span><\/a><\/p>\n","protected":false},"author":1,"featured_media":0,"parent":4091,"menu_order":80,"comment_status":"closed","ping_status":"open","template":"","meta":{"footnotes":""},"class_list":["post-17539","page","type-page","status-publish","hentry"],"_links":{"self":[{"href":"https:\/\/montreux-vieux.net\/index.php?rest_route=\/wp\/v2\/pages\/17539","targetHints":{"allow":["GET"]}}],"collection":[{"href":"https:\/\/montreux-vieux.net\/index.php?rest_route=\/wp\/v2\/pages"}],"about":[{"href":"https:\/\/montreux-vieux.net\/index.php?rest_route=\/wp\/v2\/types\/page"}],"author":[{"embeddable":true,"href":"https:\/\/montreux-vieux.net\/index.php?rest_route=\/wp\/v2\/users\/1"}],"replies":[{"embeddable":true,"href":"https:\/\/montreux-vieux.net\/index.php?rest_route=%2Fwp%2Fv2%2Fcomments&post=17539"}],"version-history":[{"count":1,"href":"https:\/\/montreux-vieux.net\/index.php?rest_route=\/wp\/v2\/pages\/17539\/revisions"}],"predecessor-version":[{"id":17540,"href":"https:\/\/montreux-vieux.net\/index.php?rest_route=\/wp\/v2\/pages\/17539\/revisions\/17540"}],"up":[{"embeddable":true,"href":"https:\/\/montreux-vieux.net\/index.php?rest_route=\/wp\/v2\/pages\/4091"}],"wp:attachment":[{"href":"https:\/\/montreux-vieux.net\/index.php?rest_route=%2Fwp%2Fv2%2Fmedia&parent=17539"}],"curies":[{"name":"wp","href":"https:\/\/api.w.org\/{rel}","templated":true}]}}