{"id":17560,"date":"2019-09-11T12:46:43","date_gmt":"2019-09-11T11:46:43","guid":{"rendered":"http:\/\/montreux-vieux.net\/?page_id=17560"},"modified":"2019-09-11T12:47:15","modified_gmt":"2019-09-11T11:47:15","slug":"chargement-de-canons-de-240-mm-a-la-gare-de-montreux-vieux","status":"publish","type":"page","link":"https:\/\/montreux-vieux.net\/?page_id=17560","title":{"rendered":"Chargement de canons de 240 mm \u00e0 la gare de Montreux-Vieux"},"content":{"rendered":"\n<h3 class=\"wp-block-heading\" style=\"text-align:center\">Chargement de canons de 240 mm \u00e0 la gare de Montreux-Vieux en 1918<\/h3>\n\n\n\n<h4 class=\"wp-block-heading\">Des soldats fran\u00e7ais d\u00e9barquent des canons fran\u00e7ais de 240 mm sur une plate-forme ferroviaire de Montreux Vieux, pendant la Premi\u00e8re Guerre mondiale. Cliquez sur la photo pour d\u00e9marrer la vid\u00e9o ou sur<a href=\"https:\/\/youtu.be\/LTdj3Lieevc\" target=\"_blank\" rel=\"noreferrer noopener\">https:\/\/youtu.be\/LTdj3Lieevc<\/a> La partie concernant Montreux-Vieux se situe \u00e0 la minute 3,47 jusqu&rsquo;\u00e0 4,32<\/h4>\n\n\n\n<figure class=\"wp-block-embed-youtube aligncenter wp-block-embed is-type-video is-provider-youtube wp-embed-aspect-16-9 wp-has-aspect-ratio\"><div class=\"wp-block-embed__wrapper\">\n<iframe loading=\"lazy\" title=\"Occupation of Center Sector (Lorraine [SIC]), October 15 - November 4, 1918, 88th Division\" width=\"640\" height=\"360\" src=\"https:\/\/www.youtube.com\/embed\/LTdj3Lieevc?feature=oembed\" frameborder=\"0\" allow=\"accelerometer; autoplay; clipboard-write; encrypted-media; gyroscope; picture-in-picture; web-share\" referrerpolicy=\"strict-origin-when-cross-origin\" allowfullscreen><\/iframe>\n<\/div><\/figure>\n","protected":false},"excerpt":{"rendered":"<p>Chargement de canons de 240 mm \u00e0 la gare de Montreux-Vieux en 1918 Des soldats fran\u00e7ais d\u00e9barquent des canons fran\u00e7ais de 240 mm sur une plate-forme ferroviaire de Montreux Vieux, pendant la Premi\u00e8re Guerre mondiale. Cliquez sur la photo pour &hellip; <a href=\"https:\/\/montreux-vieux.net\/?page_id=17560\">Continuer la lecture <span class=\"meta-nav\">&rarr;<\/span><\/a><\/p>\n","protected":false},"author":1,"featured_media":0,"parent":12673,"menu_order":130,"comment_status":"closed","ping_status":"open","template":"","meta":{"footnotes":""},"class_list":["post-17560","page","type-page","status-publish","hentry"],"_links":{"self":[{"href":"https:\/\/montreux-vieux.net\/index.php?rest_route=\/wp\/v2\/pages\/17560","targetHints":{"allow":["GET"]}}],"collection":[{"href":"https:\/\/montreux-vieux.net\/index.php?rest_route=\/wp\/v2\/pages"}],"about":[{"href":"https:\/\/montreux-vieux.net\/index.php?rest_route=\/wp\/v2\/types\/page"}],"author":[{"embeddable":true,"href":"https:\/\/montreux-vieux.net\/index.php?rest_route=\/wp\/v2\/users\/1"}],"replies":[{"embeddable":true,"href":"https:\/\/montreux-vieux.net\/index.php?rest_route=%2Fwp%2Fv2%2Fcomments&post=17560"}],"version-history":[{"count":2,"href":"https:\/\/montreux-vieux.net\/index.php?rest_route=\/wp\/v2\/pages\/17560\/revisions"}],"predecessor-version":[{"id":17562,"href":"https:\/\/montreux-vieux.net\/index.php?rest_route=\/wp\/v2\/pages\/17560\/revisions\/17562"}],"up":[{"embeddable":true,"href":"https:\/\/montreux-vieux.net\/index.php?rest_route=\/wp\/v2\/pages\/12673"}],"wp:attachment":[{"href":"https:\/\/montreux-vieux.net\/index.php?rest_route=%2Fwp%2Fv2%2Fmedia&parent=17560"}],"curies":[{"name":"wp","href":"https:\/\/api.w.org\/{rel}","templated":true}]}}