{"id":17682,"date":"2019-09-14T15:57:39","date_gmt":"2019-09-14T14:57:39","guid":{"rendered":"http:\/\/montreux-vieux.net\/?page_id=17682"},"modified":"2019-09-14T15:57:39","modified_gmt":"2019-09-14T14:57:39","slug":"six-semaines-de-prison-pour-avoir-traite-un-douanier-de-cochon-2","status":"publish","type":"page","link":"https:\/\/montreux-vieux.net\/?page_id=17682","title":{"rendered":"Six semaines de prison pour avoir trait\u00e9 un douanier de \u00ab\u00a0cochon\u00a0\u00bb"},"content":{"rendered":"\n<h3 class=\"wp-block-heading\" style=\"text-align:center\">Six semaines de prison pour avoir trait\u00e9 un douanier de \u00ab\u00a0cochon\u00a0\u00bb<\/h3>\n\n\n\n<h3 class=\"wp-block-heading\">Six semaines de prison pour avoir trait\u00e9 un douanier de \u00ab\u00a0cochon\u00a0\u00bb<\/h3>\n\n\n\n<div class=\"wp-block-image\"><figure class=\"aligncenter\"><a href=\"http:\/\/montreux-vieux.net\/montreux-vieux.net\/wp-content\/uploads\/2018\/11\/Une-noce-\u00e0-la-fronti\u00e8re.jpg\"><img loading=\"lazy\" decoding=\"async\" width=\"811\" height=\"514\" src=\"http:\/\/montreux-vieux.net\/montreux-vieux.net\/wp-content\/uploads\/2018\/11\/Une-noce-\u00e0-la-fronti\u00e8re.jpg\" alt=\"\" class=\"wp-image-11777\" srcset=\"https:\/\/montreux-vieux.net\/montreux-vieux.net\/wp-content\/uploads\/2018\/11\/Une-noce-\u00e0-la-fronti\u00e8re.jpg 811w, https:\/\/montreux-vieux.net\/montreux-vieux.net\/wp-content\/uploads\/2018\/11\/Une-noce-\u00e0-la-fronti\u00e8re-300x190.jpg 300w, https:\/\/montreux-vieux.net\/montreux-vieux.net\/wp-content\/uploads\/2018\/11\/Une-noce-\u00e0-la-fronti\u00e8re-768x487.jpg 768w, https:\/\/montreux-vieux.net\/montreux-vieux.net\/wp-content\/uploads\/2018\/11\/Une-noce-\u00e0-la-fronti\u00e8re-600x380.jpg 600w\" sizes=\"auto, (max-width: 811px) 100vw, 811px\" \/><\/a><\/figure><\/div>\n\n\n\n<h4 class=\"wp-block-heading\">Un Fran\u00e7ais, M. J.-L. Berthaud, rentier \u00e0 Pouilly-les-Feurs (Loire), qui le mois dernier, en arrivant \u00e0&nbsp;la gare fronti\u00e8re de&nbsp;<strong>Montreux-Vieux,<\/strong>&nbsp;s&rsquo;\u00e9tait vu d\u00e9pouiller, \u00e0 la douane allemande, de quelques journaux fran\u00e7ais d\u00e9fendus dans les provinces annex\u00e9es,&nbsp;et avait trait\u00e9, dans sa col\u00e8re, l&#8217;employ\u00e9 de \u00ab cochon \u00bb, a \u00e9t\u00e9 condamn\u00e9 \u00e0 six semames de prison&nbsp;par le tribunal de Mulhouse. M. Berthaud est en&nbsp;prison pr\u00e9ventive depuis le 9 novembre dernier.<\/h4>\n\n\n\n<h6 class=\"wp-block-heading\">Sources: Le Temps 05 d\u00e9cembre 1894<\/h6>\n","protected":false},"excerpt":{"rendered":"<p>Six semaines de prison pour avoir trait\u00e9 un douanier de \u00ab\u00a0cochon\u00a0\u00bb Six semaines de prison pour avoir trait\u00e9 un douanier de \u00ab\u00a0cochon\u00a0\u00bb Un Fran\u00e7ais, M. J.-L. Berthaud, rentier \u00e0 Pouilly-les-Feurs (Loire), qui le mois dernier, en arrivant \u00e0&nbsp;la gare fronti\u00e8re &hellip; <a href=\"https:\/\/montreux-vieux.net\/?page_id=17682\">Continuer la lecture <span class=\"meta-nav\">&rarr;<\/span><\/a><\/p>\n","protected":false},"author":1,"featured_media":0,"parent":13130,"menu_order":40,"comment_status":"closed","ping_status":"open","template":"","meta":{"footnotes":""},"class_list":["post-17682","page","type-page","status-publish","hentry"],"_links":{"self":[{"href":"https:\/\/montreux-vieux.net\/index.php?rest_route=\/wp\/v2\/pages\/17682","targetHints":{"allow":["GET"]}}],"collection":[{"href":"https:\/\/montreux-vieux.net\/index.php?rest_route=\/wp\/v2\/pages"}],"about":[{"href":"https:\/\/montreux-vieux.net\/index.php?rest_route=\/wp\/v2\/types\/page"}],"author":[{"embeddable":true,"href":"https:\/\/montreux-vieux.net\/index.php?rest_route=\/wp\/v2\/users\/1"}],"replies":[{"embeddable":true,"href":"https:\/\/montreux-vieux.net\/index.php?rest_route=%2Fwp%2Fv2%2Fcomments&post=17682"}],"version-history":[{"count":1,"href":"https:\/\/montreux-vieux.net\/index.php?rest_route=\/wp\/v2\/pages\/17682\/revisions"}],"predecessor-version":[{"id":17683,"href":"https:\/\/montreux-vieux.net\/index.php?rest_route=\/wp\/v2\/pages\/17682\/revisions\/17683"}],"up":[{"embeddable":true,"href":"https:\/\/montreux-vieux.net\/index.php?rest_route=\/wp\/v2\/pages\/13130"}],"wp:attachment":[{"href":"https:\/\/montreux-vieux.net\/index.php?rest_route=%2Fwp%2Fv2%2Fmedia&parent=17682"}],"curies":[{"name":"wp","href":"https:\/\/api.w.org\/{rel}","templated":true}]}}