{"id":17684,"date":"2019-09-14T16:03:14","date_gmt":"2019-09-14T15:03:14","guid":{"rendered":"http:\/\/montreux-vieux.net\/?page_id=17684"},"modified":"2019-09-14T16:03:14","modified_gmt":"2019-09-14T15:03:14","slug":"avec-ou-sans-barbe-2","status":"publish","type":"page","link":"https:\/\/montreux-vieux.net\/?page_id=17684","title":{"rendered":"Avec ou sans barbe ?"},"content":{"rendered":"\n<h3 class=\"wp-block-heading\" style=\"text-align:center\">Avec ou sans barbe ?<\/h3>\n\n\n\n<div class=\"wp-block-image\"><figure class=\"aligncenter\"><a href=\"http:\/\/montreux-vieux.net\/montreux-vieux.net\/wp-content\/uploads\/2018\/11\/ScreenShot1385.jpg\" target=\"_blank\" rel=\"noreferrer noopener\"><img loading=\"lazy\" decoding=\"async\" width=\"593\" height=\"380\" src=\"http:\/\/montreux-vieux.net\/montreux-vieux.net\/wp-content\/uploads\/2018\/11\/ScreenShot1385.jpg\" alt=\"\" class=\"wp-image-11771\" srcset=\"https:\/\/montreux-vieux.net\/montreux-vieux.net\/wp-content\/uploads\/2018\/11\/ScreenShot1385.jpg 593w, https:\/\/montreux-vieux.net\/montreux-vieux.net\/wp-content\/uploads\/2018\/11\/ScreenShot1385-300x192.jpg 300w\" sizes=\"auto, (max-width: 593px) 100vw, 593px\" \/><\/a><\/figure><\/div>\n\n\n\n<h4 class=\"wp-block-heading\">Toujours \u00e0&nbsp;<strong>Montreux-Vieux<\/strong>&nbsp;: il n&rsquo;y a&nbsp;d&rsquo;ailleurs aucune raison pour que cela finisse. Mais l&rsquo;incident que je vous t\u00e9l\u00e9graphie est, pour une fois, du genre gai.<\/h4>\n\n\n\n<h4 class=\"wp-block-heading\">Un n\u00e9gociant de la localit\u00e9 fronti\u00e8re de&nbsp;Foussemagne, M. C\u00e9lestin Catt\u00e9, est fr\u00e9quemment appel\u00e9 en Alsace pour affaires;&nbsp;aussi s&rsquo;est-il mis en r\u00e8gle avec le d\u00e9cret de&nbsp;M. deHohenlohe. C&rsquo;est muni d&rsquo;un passeport d\u00fbment vis\u00e9 \u00e0 l&rsquo;ambassade allemande&nbsp;qu&rsquo;il franchit la fronti\u00e8re. Seulement M.&nbsp;Catt\u00e9 a oubli\u00e9 une chose, c&rsquo;est de conserver&nbsp;\u00e0 son physique le signalement qui figure&nbsp;sur son passeport, lequel le dit imberbe,&nbsp;alors qu&rsquo;il a laiss\u00e9 pousser sa barbe !<\/h4>\n\n\n\n<h4 class=\"wp-block-heading\">On devine le reste. A&nbsp;<strong>Montreux-Vieux,<\/strong>&nbsp;M. Catt\u00e9 est repouss\u00e9, sous pr\u00e9texte qu&rsquo;il&nbsp;porte une barbe que son passeport ne porte&nbsp;pas. De sorte que notre compatriote a \u00e9t\u00e9&nbsp;oblig\u00e9 de rebrousser chemin et de se mettre en qu\u00eate d&rsquo;un Figaro. Ce n&rsquo;est qu&rsquo;apr\u00e8s&nbsp;avoir \u00e9t\u00e9 ras\u00e9 de pr\u00e8s que le commissaire&nbsp;sp\u00e9cial et ses acolytes ont laiss\u00e9 M. Catt\u00e9 poursuivre sa route.<\/h4>\n\n\n\n<h4 class=\"wp-block-heading\">Elle est bien bonne!<\/h4>\n\n\n\n<h6 class=\"wp-block-heading\"><strong>Sources: Le XIXe si\u00e8cle : journal quotidien politique et litt\u00e9raire 12 d\u00e9cembre 1888<\/strong><\/h6>\n","protected":false},"excerpt":{"rendered":"<p>Avec ou sans barbe ? Toujours \u00e0&nbsp;Montreux-Vieux&nbsp;: il n&rsquo;y a&nbsp;d&rsquo;ailleurs aucune raison pour que cela finisse. Mais l&rsquo;incident que je vous t\u00e9l\u00e9graphie est, pour une fois, du genre gai. Un n\u00e9gociant de la localit\u00e9 fronti\u00e8re de&nbsp;Foussemagne, M. C\u00e9lestin Catt\u00e9, est &hellip; <a href=\"https:\/\/montreux-vieux.net\/?page_id=17684\">Continuer la lecture <span class=\"meta-nav\">&rarr;<\/span><\/a><\/p>\n","protected":false},"author":1,"featured_media":0,"parent":13130,"menu_order":42,"comment_status":"closed","ping_status":"open","template":"","meta":{"footnotes":""},"class_list":["post-17684","page","type-page","status-publish","hentry"],"_links":{"self":[{"href":"https:\/\/montreux-vieux.net\/index.php?rest_route=\/wp\/v2\/pages\/17684","targetHints":{"allow":["GET"]}}],"collection":[{"href":"https:\/\/montreux-vieux.net\/index.php?rest_route=\/wp\/v2\/pages"}],"about":[{"href":"https:\/\/montreux-vieux.net\/index.php?rest_route=\/wp\/v2\/types\/page"}],"author":[{"embeddable":true,"href":"https:\/\/montreux-vieux.net\/index.php?rest_route=\/wp\/v2\/users\/1"}],"replies":[{"embeddable":true,"href":"https:\/\/montreux-vieux.net\/index.php?rest_route=%2Fwp%2Fv2%2Fcomments&post=17684"}],"version-history":[{"count":1,"href":"https:\/\/montreux-vieux.net\/index.php?rest_route=\/wp\/v2\/pages\/17684\/revisions"}],"predecessor-version":[{"id":17685,"href":"https:\/\/montreux-vieux.net\/index.php?rest_route=\/wp\/v2\/pages\/17684\/revisions\/17685"}],"up":[{"embeddable":true,"href":"https:\/\/montreux-vieux.net\/index.php?rest_route=\/wp\/v2\/pages\/13130"}],"wp:attachment":[{"href":"https:\/\/montreux-vieux.net\/index.php?rest_route=%2Fwp%2Fv2%2Fmedia&parent=17684"}],"curies":[{"name":"wp","href":"https:\/\/api.w.org\/{rel}","templated":true}]}}