{"id":17692,"date":"2019-09-14T16:28:28","date_gmt":"2019-09-14T15:28:28","guid":{"rendered":"http:\/\/montreux-vieux.net\/?page_id=17692"},"modified":"2019-09-14T16:28:28","modified_gmt":"2019-09-14T15:28:28","slug":"il-y-a-juste-un-siecle-aujourdhui-8-novembre-1918-remise-de-la-fourragere-aux-couleurs-de-la-croix-de-guerre-au-2e-rmtm-par-le-general-de-castelnau-a-montreux-vieux","status":"publish","type":"page","link":"https:\/\/montreux-vieux.net\/?page_id=17692","title":{"rendered":"Il y a juste un si\u00e8cle aujourd&rsquo;hui 8 novembre 1918 : remise de la fourrag\u00e8re aux couleurs de la croix de guerre au 2\u00e8 RMTM par le G\u00e9n\u00e9ral De Castelnau  \u00e0 Montreux-Vieux"},"content":{"rendered":"\n<h4 class=\"wp-block-heading\"><strong>Il y a juste un si\u00e8cle aujourd&rsquo;hui, 8 novembre 2018 que &nbsp;la fourrag\u00e8re aux couleurs de la croix de guerre a \u00e9t\u00e9 remise au 2\u00e8 RMTM par le G\u00e9n\u00e9ral De Castelnau \u00e0 Montreux-Vieux<\/strong><\/h4>\n\n\n\n<div class=\"wp-block-image\"><figure class=\"aligncenter\"><a href=\"http:\/\/montreux-vieux.net\/montreux-vieux.net\/wp-content\/uploads\/2018\/10\/ScreenShot1248.jpg\" target=\"_blank\" rel=\"noreferrer noopener\"><img loading=\"lazy\" decoding=\"async\" width=\"859\" height=\"663\" src=\"http:\/\/montreux-vieux.net\/montreux-vieux.net\/wp-content\/uploads\/2018\/10\/ScreenShot1248.jpg\" alt=\"\" class=\"wp-image-11168\" srcset=\"https:\/\/montreux-vieux.net\/montreux-vieux.net\/wp-content\/uploads\/2018\/10\/ScreenShot1248.jpg 859w, https:\/\/montreux-vieux.net\/montreux-vieux.net\/wp-content\/uploads\/2018\/10\/ScreenShot1248-300x232.jpg 300w, https:\/\/montreux-vieux.net\/montreux-vieux.net\/wp-content\/uploads\/2018\/10\/ScreenShot1248-768x593.jpg 768w, https:\/\/montreux-vieux.net\/montreux-vieux.net\/wp-content\/uploads\/2018\/10\/ScreenShot1248-600x463.jpg 600w\" sizes=\"auto, (max-width: 859px) 100vw, 859px\" \/><\/a><\/figure><\/div>\n\n\n\n<h6 class=\"wp-block-heading\"><strong>Merci \u00e0 Monsieur&nbsp;Eric de Fleurian pour le Copyright du 26 septembre 2018<\/strong><\/h6>\n\n\n\n<h4 class=\"wp-block-heading\">Le 2\u00e8 R\u00e9giment de Marche de Tirailleurs Marocains&nbsp; \u00e9tait un r\u00e9giment d&rsquo;infanterie appartenant \u00e0 l&rsquo;Arm\u00e9e d&rsquo;Afrique qui d\u00e9pendait de l&rsquo;arm\u00e9e de terre fran\u00e7aise. Il fut cr\u00e9\u00e9 en 1918 et dissolu en 1962. Sa devise \u00ab&nbsp;Fait ce que du dois&nbsp;\u00bb<\/h4>\n\n\n\n<h4 class=\"wp-block-heading\">Il a particip\u00e9 aux guerres suivantes : Premi\u00e8re Guerre mondiale; Seconde Guerre mondiale; Guerre d&rsquo;Indochine. Il a \u00e9t\u00e9 d\u00e9cor\u00e9 de la Croix de guerre 1914-1918 avec deux citations \u00e0 l&rsquo;ordre de l&rsquo;arm\u00e9e, de la&nbsp; Croix de guerre 1939-1945 avec deux citations \u00e0 l&rsquo;ordre de l&rsquo;arm\u00e9e.&nbsp;Croix de guerre des Th\u00e9\u00e2tres d&rsquo;op\u00e9rations ext\u00e9rieurs avec une citation \u00e0 l&rsquo;ordre de l&rsquo;arm\u00e9e.&nbsp;Fourrag\u00e8re aux couleurs du ruban de la Croix de guerre 1914-1918.<\/h4>\n\n\n\n<div class=\"wp-block-image\"><figure class=\"aligncenter\"><a href=\"http:\/\/montreux-vieux.net\/montreux-vieux.net\/wp-content\/uploads\/2018\/10\/Love-ina-cup.jpg\" target=\"_blank\" rel=\"noreferrer noopener\"><img loading=\"lazy\" decoding=\"async\" width=\"945\" height=\"756\" src=\"http:\/\/montreux-vieux.net\/montreux-vieux.net\/wp-content\/uploads\/2018\/10\/Love-ina-cup.jpg\" alt=\"\" class=\"wp-image-11170\" srcset=\"https:\/\/montreux-vieux.net\/montreux-vieux.net\/wp-content\/uploads\/2018\/10\/Love-ina-cup.jpg 945w, https:\/\/montreux-vieux.net\/montreux-vieux.net\/wp-content\/uploads\/2018\/10\/Love-ina-cup-300x240.jpg 300w, https:\/\/montreux-vieux.net\/montreux-vieux.net\/wp-content\/uploads\/2018\/10\/Love-ina-cup-768x614.jpg 768w, https:\/\/montreux-vieux.net\/montreux-vieux.net\/wp-content\/uploads\/2018\/10\/Love-ina-cup-600x480.jpg 600w\" sizes=\"auto, (max-width: 945px) 100vw, 945px\" \/><\/a><\/figure><\/div>\n\n\n\n<h4 class=\"wp-block-heading\">La fourrag\u00e8re est une d\u00e9coration r\u00e9compensant une unit\u00e9 militaire, comme un r\u00e9giment, navire, etc., ou civile, comme certains corps de sapeurs-pompiers fran\u00e7ais, pour faits de guerre ou de bravoure exemplaires. Elle est port\u00e9e par ses membres en uniforme exclusivement durant leur temps de service en son sein, le caract\u00e8re collectif de son attribution fait qu\u2019elle est rarement port\u00e9e \u00e0 titre individuel.<\/h4>\n","protected":false},"excerpt":{"rendered":"<p>Il y a juste un si\u00e8cle aujourd&rsquo;hui, 8 novembre 2018 que &nbsp;la fourrag\u00e8re aux couleurs de la croix de guerre a \u00e9t\u00e9 remise au 2\u00e8 RMTM par le G\u00e9n\u00e9ral De Castelnau \u00e0 Montreux-Vieux Merci \u00e0 Monsieur&nbsp;Eric de Fleurian pour le &hellip; <a href=\"https:\/\/montreux-vieux.net\/?page_id=17692\">Continuer la lecture <span class=\"meta-nav\">&rarr;<\/span><\/a><\/p>\n","protected":false},"author":1,"featured_media":0,"parent":12673,"menu_order":44,"comment_status":"closed","ping_status":"open","template":"","meta":{"footnotes":""},"class_list":["post-17692","page","type-page","status-publish","hentry"],"_links":{"self":[{"href":"https:\/\/montreux-vieux.net\/index.php?rest_route=\/wp\/v2\/pages\/17692","targetHints":{"allow":["GET"]}}],"collection":[{"href":"https:\/\/montreux-vieux.net\/index.php?rest_route=\/wp\/v2\/pages"}],"about":[{"href":"https:\/\/montreux-vieux.net\/index.php?rest_route=\/wp\/v2\/types\/page"}],"author":[{"embeddable":true,"href":"https:\/\/montreux-vieux.net\/index.php?rest_route=\/wp\/v2\/users\/1"}],"replies":[{"embeddable":true,"href":"https:\/\/montreux-vieux.net\/index.php?rest_route=%2Fwp%2Fv2%2Fcomments&post=17692"}],"version-history":[{"count":1,"href":"https:\/\/montreux-vieux.net\/index.php?rest_route=\/wp\/v2\/pages\/17692\/revisions"}],"predecessor-version":[{"id":17693,"href":"https:\/\/montreux-vieux.net\/index.php?rest_route=\/wp\/v2\/pages\/17692\/revisions\/17693"}],"up":[{"embeddable":true,"href":"https:\/\/montreux-vieux.net\/index.php?rest_route=\/wp\/v2\/pages\/12673"}],"wp:attachment":[{"href":"https:\/\/montreux-vieux.net\/index.php?rest_route=%2Fwp%2Fv2%2Fmedia&parent=17692"}],"curies":[{"name":"wp","href":"https:\/\/api.w.org\/{rel}","templated":true}]}}