{"id":17717,"date":"2019-09-15T14:47:39","date_gmt":"2019-09-15T13:47:39","guid":{"rendered":"http:\/\/montreux-vieux.net\/?page_id=17717"},"modified":"2019-09-15T14:47:39","modified_gmt":"2019-09-15T13:47:39","slug":"hommage-samedi-10-novembre-2018-au-marechal-de-france-louis-franchet-desperey-en-visite-a-montreux-vieux-le-24-avril-1916","status":"publish","type":"page","link":"https:\/\/montreux-vieux.net\/?page_id=17717","title":{"rendered":"Hommage samedi 10 novembre 2018 au Mar\u00e9chal de France Louis Franchet d&rsquo;Esp\u00e8rey en visite \u00e0 Montreux-Vieux le 24 avril 1916"},"content":{"rendered":"\n<h3 class=\"wp-block-heading\" style=\"text-align:center\">Hommage samedi 10 novembre 2018 au Mar\u00e9chal de France Louis Franchet d&rsquo;Esp\u00e8rey en visite \u00e0 Montreux-Vieux le 24 avril 1916<\/h3>\n\n\n\n<h4 class=\"wp-block-heading\">A l&rsquo;occasion du centenaire de l&rsquo;Armistice de 1918 un hommage sera rendu au Mar\u00e9chal de France Louis Franchet d&rsquo;Esp\u00e8rey qui \u00e9tait en visite \u00e0 Montreux-Vieux le 24 avril 1916, ainsi qu&rsquo;\u00e0 d&rsquo;autres Mar\u00e9chaux aux Invalides \u00e0 Paris.<\/h4>\n\n\n\n<div class=\"wp-block-image\"><figure class=\"aligncenter\"><a href=\"http:\/\/montreux-vieux.net\/montreux-vieux.net\/wp-content\/uploads\/2018\/11\/ScreenShot1395.jpg\" target=\"_blank\" rel=\"noreferrer noopener\"><img loading=\"lazy\" decoding=\"async\" width=\"230\" height=\"300\" src=\"http:\/\/montreux-vieux.net\/montreux-vieux.net\/wp-content\/uploads\/2018\/11\/ScreenShot1395.jpg\" alt=\"\" class=\"wp-image-11845\"\/><\/a><\/figure><\/div>\n\n\n\n<h4 class=\"wp-block-heading\">Merci de cliquer sur ce lien qui vous donnera de plus amples renseignements\u00a0<a rel=\"noreferrer noopener\" href=\"http:\/\/montreux-vieux.net\/?page_id=4933\" target=\"_blank\">http:\/\/montreux-vieux.net\/?page_id=4933<\/a><\/h4>\n","protected":false},"excerpt":{"rendered":"<p>Hommage samedi 10 novembre 2018 au Mar\u00e9chal de France Louis Franchet d&rsquo;Esp\u00e8rey en visite \u00e0 Montreux-Vieux le 24 avril 1916 A l&rsquo;occasion du centenaire de l&rsquo;Armistice de 1918 un hommage sera rendu au Mar\u00e9chal de France Louis Franchet d&rsquo;Esp\u00e8rey qui &hellip; <a href=\"https:\/\/montreux-vieux.net\/?page_id=17717\">Continuer la lecture <span class=\"meta-nav\">&rarr;<\/span><\/a><\/p>\n","protected":false},"author":1,"featured_media":0,"parent":12673,"menu_order":44,"comment_status":"closed","ping_status":"open","template":"","meta":{"footnotes":""},"class_list":["post-17717","page","type-page","status-publish","hentry"],"_links":{"self":[{"href":"https:\/\/montreux-vieux.net\/index.php?rest_route=\/wp\/v2\/pages\/17717","targetHints":{"allow":["GET"]}}],"collection":[{"href":"https:\/\/montreux-vieux.net\/index.php?rest_route=\/wp\/v2\/pages"}],"about":[{"href":"https:\/\/montreux-vieux.net\/index.php?rest_route=\/wp\/v2\/types\/page"}],"author":[{"embeddable":true,"href":"https:\/\/montreux-vieux.net\/index.php?rest_route=\/wp\/v2\/users\/1"}],"replies":[{"embeddable":true,"href":"https:\/\/montreux-vieux.net\/index.php?rest_route=%2Fwp%2Fv2%2Fcomments&post=17717"}],"version-history":[{"count":1,"href":"https:\/\/montreux-vieux.net\/index.php?rest_route=\/wp\/v2\/pages\/17717\/revisions"}],"predecessor-version":[{"id":17718,"href":"https:\/\/montreux-vieux.net\/index.php?rest_route=\/wp\/v2\/pages\/17717\/revisions\/17718"}],"up":[{"embeddable":true,"href":"https:\/\/montreux-vieux.net\/index.php?rest_route=\/wp\/v2\/pages\/12673"}],"wp:attachment":[{"href":"https:\/\/montreux-vieux.net\/index.php?rest_route=%2Fwp%2Fv2%2Fmedia&parent=17717"}],"curies":[{"name":"wp","href":"https:\/\/api.w.org\/{rel}","templated":true}]}}