{"id":17739,"date":"2019-09-15T16:06:41","date_gmt":"2019-09-15T15:06:41","guid":{"rendered":"http:\/\/montreux-vieux.net\/?page_id=17739"},"modified":"2019-09-15T16:06:41","modified_gmt":"2019-09-15T15:06:41","slug":"distribution-detrennes-le-31-decembre-1914","status":"publish","type":"page","link":"https:\/\/montreux-vieux.net\/?page_id=17739","title":{"rendered":"Distribution d&rsquo;\u00e9trennes le 31 d\u00e9cembre 1914"},"content":{"rendered":"\n<h3 class=\"wp-block-heading\" style=\"text-align:center\">Distribution d&rsquo;\u00e9trennes le 31 d\u00e9cembre 1914<\/h3>\n\n\n\n<h4 class=\"wp-block-heading\">Le  31 d\u00e9cembre 1914 une distribution d&rsquo;\u00e9trennes envoy\u00e9es par Madame Poincar\u00e9 \u00e9pouse du Pr\u00e9sident de la R\u00e9publique \u00e0 eu lieu \u00e0 Montreux-Vieux \u00e0 la salle P. Munch<\/h4>\n\n\n\n<div class=\"wp-block-image\"><figure class=\"aligncenter\"><img decoding=\"async\" src=\"http:\/\/montreux-vieux.net\/montreux-vieux.net\/wp-content\/uploads\/2018\/12\/ScreenShot1473.jpg\" alt=\"L\u00e2\u0080\u0099attribut alt de cette image est vide, son nom de fichier est ScreenShot1473.jpg.\"\/><\/figure><\/div>\n","protected":false},"excerpt":{"rendered":"<p>Distribution d&rsquo;\u00e9trennes le 31 d\u00e9cembre 1914 Le 31 d\u00e9cembre 1914 une distribution d&rsquo;\u00e9trennes envoy\u00e9es par Madame Poincar\u00e9 \u00e9pouse du Pr\u00e9sident de la R\u00e9publique \u00e0 eu lieu \u00e0 Montreux-Vieux \u00e0 la salle P. Munch<\/p>\n","protected":false},"author":1,"featured_media":0,"parent":12826,"menu_order":57,"comment_status":"closed","ping_status":"open","template":"","meta":{"footnotes":""},"class_list":["post-17739","page","type-page","status-publish","hentry"],"_links":{"self":[{"href":"https:\/\/montreux-vieux.net\/index.php?rest_route=\/wp\/v2\/pages\/17739","targetHints":{"allow":["GET"]}}],"collection":[{"href":"https:\/\/montreux-vieux.net\/index.php?rest_route=\/wp\/v2\/pages"}],"about":[{"href":"https:\/\/montreux-vieux.net\/index.php?rest_route=\/wp\/v2\/types\/page"}],"author":[{"embeddable":true,"href":"https:\/\/montreux-vieux.net\/index.php?rest_route=\/wp\/v2\/users\/1"}],"replies":[{"embeddable":true,"href":"https:\/\/montreux-vieux.net\/index.php?rest_route=%2Fwp%2Fv2%2Fcomments&post=17739"}],"version-history":[{"count":1,"href":"https:\/\/montreux-vieux.net\/index.php?rest_route=\/wp\/v2\/pages\/17739\/revisions"}],"predecessor-version":[{"id":17740,"href":"https:\/\/montreux-vieux.net\/index.php?rest_route=\/wp\/v2\/pages\/17739\/revisions\/17740"}],"up":[{"embeddable":true,"href":"https:\/\/montreux-vieux.net\/index.php?rest_route=\/wp\/v2\/pages\/12826"}],"wp:attachment":[{"href":"https:\/\/montreux-vieux.net\/index.php?rest_route=%2Fwp%2Fv2%2Fmedia&parent=17739"}],"curies":[{"name":"wp","href":"https:\/\/api.w.org\/{rel}","templated":true}]}}