{"id":17754,"date":"2019-09-16T10:02:48","date_gmt":"2019-09-16T09:02:48","guid":{"rendered":"http:\/\/montreux-vieux.net\/?page_id=17754"},"modified":"2019-09-16T10:02:48","modified_gmt":"2019-09-16T09:02:48","slug":"conversion-des-impots-en-journees-de-travail","status":"publish","type":"page","link":"https:\/\/montreux-vieux.net\/?page_id=17754","title":{"rendered":"Conversion des imp\u00f4ts en journ\u00e9es de travail"},"content":{"rendered":"\n<h3 class=\"wp-block-heading\" style=\"text-align:center\">Conversion des imp\u00f4ts en journ\u00e9es de travail<\/h3>\n\n\n\n<h4 class=\"wp-block-heading\">Le 31 d\u00e9cembre 1857 une d\u00e9cision a \u00e9t\u00e9 prise afin que les contribuables aux sept dixi\u00e8mes puissent convertir leur imposition en journ\u00e9es de travail \u00e0 l\u2019entretien des chemins vicinaux . Offre de diminution 2 hommes 2 b\u0153ufs 1 voiture.<\/h4>\n\n\n\n<div class=\"wp-block-image\"><figure class=\"aligncenter\"><img decoding=\"async\" src=\"http:\/\/montreux-vieux.net\/montreux-vieux.net\/wp-content\/uploads\/2018\/12\/ScreenShot251.jpg\" alt=\"L\u00e2\u0080\u0099attribut alt de cette image est vide, son nom de fichier est ScreenShot251.jpg.\"\/><\/figure><\/div>\n","protected":false},"excerpt":{"rendered":"<p>Conversion des imp\u00f4ts en journ\u00e9es de travail Le 31 d\u00e9cembre 1857 une d\u00e9cision a \u00e9t\u00e9 prise afin que les contribuables aux sept dixi\u00e8mes puissent convertir leur imposition en journ\u00e9es de travail \u00e0 l\u2019entretien des chemins vicinaux . Offre de diminution &hellip; <a href=\"https:\/\/montreux-vieux.net\/?page_id=17754\">Continuer la lecture <span class=\"meta-nav\">&rarr;<\/span><\/a><\/p>\n","protected":false},"author":1,"featured_media":0,"parent":13095,"menu_order":60,"comment_status":"closed","ping_status":"open","template":"","meta":{"footnotes":""},"class_list":["post-17754","page","type-page","status-publish","hentry"],"_links":{"self":[{"href":"https:\/\/montreux-vieux.net\/index.php?rest_route=\/wp\/v2\/pages\/17754","targetHints":{"allow":["GET"]}}],"collection":[{"href":"https:\/\/montreux-vieux.net\/index.php?rest_route=\/wp\/v2\/pages"}],"about":[{"href":"https:\/\/montreux-vieux.net\/index.php?rest_route=\/wp\/v2\/types\/page"}],"author":[{"embeddable":true,"href":"https:\/\/montreux-vieux.net\/index.php?rest_route=\/wp\/v2\/users\/1"}],"replies":[{"embeddable":true,"href":"https:\/\/montreux-vieux.net\/index.php?rest_route=%2Fwp%2Fv2%2Fcomments&post=17754"}],"version-history":[{"count":1,"href":"https:\/\/montreux-vieux.net\/index.php?rest_route=\/wp\/v2\/pages\/17754\/revisions"}],"predecessor-version":[{"id":17755,"href":"https:\/\/montreux-vieux.net\/index.php?rest_route=\/wp\/v2\/pages\/17754\/revisions\/17755"}],"up":[{"embeddable":true,"href":"https:\/\/montreux-vieux.net\/index.php?rest_route=\/wp\/v2\/pages\/13095"}],"wp:attachment":[{"href":"https:\/\/montreux-vieux.net\/index.php?rest_route=%2Fwp%2Fv2%2Fmedia&parent=17754"}],"curies":[{"name":"wp","href":"https:\/\/api.w.org\/{rel}","templated":true}]}}